{"id":3650126,"date":"2026-02-20T07:40:57","date_gmt":"2026-02-20T06:40:57","guid":{"rendered":"https:\/\/streetmarkets.fr\/app\/produit\/collier-athena-grenat-bohemian-rhapsodie\/"},"modified":"2026-05-10T08:39:25","modified_gmt":"2026-05-10T06:39:25","slug":"collier-athena-grenat-bohemian-rhapsodie","status":"publish","type":"product","link":"https:\/\/streetmarkets.fr\/app\/produit\/collier-athena-grenat-bohemian-rhapsodie\/","title":{"rendered":"Collier ATHENA grenat &#8211; Bohemian Rhapsodie"},"content":{"rendered":"<p data-rte-preserve-empty=\"true\">ATHENA est un choker multi-fils <span>en <\/span>Grenat<span>. Son m\u00e9daillon fermoir ancien grav\u00e9 en argent plaqu\u00e9 or 5 microns.<\/span><\/p>\n<p data-rte-preserve-empty=\"true\"><span>Le grenat a de nombreuses propri\u00e9t\u00e9s, apportant ainsi joie et force de vivre, \u00e9nergie, courage, force motrice et assurance. On lui associe la puissance de la volont\u00e9, une meilleure confiance en soi, et le succ\u00e8s.<\/span><\/p>\n<p data-rte-preserve-empty=\"true\"><span>Mesure du fil le plus court : 39cm, <\/span>\u00a0et dernier rang \u00e0 42cm<\/p>\n","protected":false},"excerpt":{"rendered":"<p>ATHENA est un choker multi-fils en Grenat. Son m\u00e9daillon fermoir ancien grav\u00e9 en argent plaqu\u00e9 or 5 microns. Le grenat a de nombreuses propri\u00e9t\u00e9s, apportant ainsi joie et force de vivre, \u00e9nergie, courage, force motrice et assurance. On lui associe la puissance de la volont\u00e9, une meilleure confiance en soi, et le succ\u00e8s. Mesure du [&hellip;]<\/p>\n","protected":false},"featured_media":3650127,"comment_status":"open","ping_status":"closed","template":"","meta":[],"product_brand":[],"product_cat":[],"product_tag":[],"acf":[],"_links":{"self":[{"href":"https:\/\/streetmarkets.fr\/app\/wp-json\/wp\/v2\/product\/3650126"}],"collection":[{"href":"https:\/\/streetmarkets.fr\/app\/wp-json\/wp\/v2\/product"}],"about":[{"href":"https:\/\/streetmarkets.fr\/app\/wp-json\/wp\/v2\/types\/product"}],"replies":[{"embeddable":true,"href":"https:\/\/streetmarkets.fr\/app\/wp-json\/wp\/v2\/comments?post=3650126"}],"wp:featuredmedia":[{"embeddable":true,"href":"https:\/\/streetmarkets.fr\/app\/wp-json\/wp\/v2\/media\/3650127"}],"wp:attachment":[{"href":"https:\/\/streetmarkets.fr\/app\/wp-json\/wp\/v2\/media?parent=3650126"}],"wp:term":[{"taxonomy":"product_brand","embeddable":true,"href":"https:\/\/streetmarkets.fr\/app\/wp-json\/wp\/v2\/product_brand?post=3650126"},{"taxonomy":"product_cat","embeddable":true,"href":"https:\/\/streetmarkets.fr\/app\/wp-json\/wp\/v2\/product_cat?post=3650126"},{"taxonomy":"product_tag","embeddable":true,"href":"https:\/\/streetmarkets.fr\/app\/wp-json\/wp\/v2\/product_tag?post=3650126"}],"curies":[{"name":"wp","href":"https:\/\/api.w.org\/{rel}","templated":true}]}}