{"id":3648468,"date":"2026-02-19T05:45:45","date_gmt":"2026-02-19T04:45:45","guid":{"rendered":"https:\/\/streetmarkets.fr\/app\/produit\/slim-tape-brody-172-linen-pant\/"},"modified":"2026-03-16T05:46:14","modified_gmt":"2026-03-16T04:46:14","slug":"slim-tape-brody-172-linen-pant","status":"publish","type":"product","link":"https:\/\/streetmarkets.fr\/app\/produit\/slim-tape-brody-172-linen-pant\/","title":{"rendered":"Slim Tape Brody 172 Linen Pant"},"content":{"rendered":"<p><span data-sheets-userformat='{\"2\":897,\"3\":{\"1\":0},\"10\":1,\"11\":4,\"12\":0}' data-sheets-value=\"{&quot;1&quot;:2,&quot;2&quot;:&quot;Slim Tape Brody 172 Linen Pant : \u00c9l\u00e9gance et Fra\u00eecheur Estivale\\r\\n\\r\\nD\u00e9couvrez le Slim Tape Brody 172 Linen Pant de Selected, le pantalon parfait pour une allure \u00e9l\u00e9gante et d\u00e9contract\u00e9e pendant les mois chauds d'\u00e9t\u00e9. Disponible en quatre couleurs raffin\u00e9es \u2013 Dark Saphire (bleu fonc\u00e9), Burnt Olive (vert fonc\u00e9), Incense (beige) et Cloud Dancer (gris) \u2013 ce pantalon en lin est un incontournable de votre garde-robe estivale.\\r\\n\\r\\nSa coupe ajust\u00e9e offre une silhouette moderne et sophistiqu\u00e9e, tandis que le lin, mat\u00e9riau naturellement respirant, vous permet d'\u00eatre au frais et confortable. Pour pr\u00e9server la qualit\u00e9 et la long\u00e9vit\u00e9 de votre pantalon en lin, \u00e9vitez le s\u00e9chage en machine et l'utilisation d'eau de javel, qui peut alt\u00e9rer la couleur.\\r\\n\\r\\nQue ce soit pour une journ\u00e9e au bureau ou une sortie d\u00e9contract\u00e9e, le Slim Tape Brody 172 Linen Pant s'associe parfaitement avec vos chemises l\u00e9g\u00e8res et vos chaussures d\u00e9contract\u00e9es. Adoptez ce pantalon polyvalent et \u00e9l\u00e9gant d\u00e8s aujourd'hui !&quot;}\" data-sheets-root=\"1\">D\u00e9couvrez le <strong>Slim Tape Brody 172 Linen Pant<\/strong> de <strong>Selected<\/strong>, le pantalon parfait pour une <strong>allure \u00e9l\u00e9gante et d\u00e9contract\u00e9e<\/strong> pendant les mois chauds d&#8217;\u00e9t\u00e9. Disponible en quatre couleurs raffin\u00e9es \u2013 Dark Saphire (bleu marine), Burnt Olive (khaki), Incense (beige) et Cloud Dancer (blanc) \u2013 ce pantalon en lin est un <strong>incontournable<\/strong> de votre garde-robe estivale.\u00a0<\/p>\n<p>Sa <strong>coupe ajust\u00e9e<\/strong> offre une <strong>silhouette moderne et sophistiqu\u00e9e<\/strong>, tandis que le lin, mat\u00e9riau naturellement respirant, vous permet d&#8217;\u00eatre au frais et confortable. Pour pr\u00e9server la qualit\u00e9 et la long\u00e9vit\u00e9 de votre pantalon en lin, \u00e9vitez le s\u00e9chage en machine et l&#8217;utilisation d&#8217;eau de javel, qui peut alt\u00e9rer la couleur. <\/p>\n<p>Que ce soit pour une journ\u00e9e au bureau ou une sortie d\u00e9contract\u00e9e, le <strong>Slim Tape Brody 172 Linen Pant <\/strong>s&#8217;associe parfaitement avec vos chemises l\u00e9g\u00e8res et vos chaussures d\u00e9contract\u00e9es. Adoptez ce <strong>pantalon polyvalent et \u00e9l\u00e9gant <\/strong>d\u00e8s aujourd&#8217;hui !<\/span><\/p>\n<p><!--td {border: 1px solid #cccccc;}br {mso-data-placement:same-cell;}--><\/p>\n","protected":false},"excerpt":{"rendered":"<p>D\u00e9couvrez le Slim Tape Brody 172 Linen Pant de Selected, le pantalon parfait pour une allure \u00e9l\u00e9gante et d\u00e9contract\u00e9e pendant les mois chauds d&#8217;\u00e9t\u00e9. Disponible en quatre couleurs raffin\u00e9es \u2013 Dark Saphire (bleu marine), Burnt Olive (khaki), Incense (beige) et Cloud Dancer (blanc) \u2013 ce pantalon en lin est un incontournable de votre garde-robe estivale.\u00a0 [&hellip;]<\/p>\n","protected":false},"featured_media":3648469,"comment_status":"open","ping_status":"closed","template":"","meta":[],"product_brand":[],"product_cat":[],"product_tag":[],"acf":[],"_links":{"self":[{"href":"https:\/\/streetmarkets.fr\/app\/wp-json\/wp\/v2\/product\/3648468"}],"collection":[{"href":"https:\/\/streetmarkets.fr\/app\/wp-json\/wp\/v2\/product"}],"about":[{"href":"https:\/\/streetmarkets.fr\/app\/wp-json\/wp\/v2\/types\/product"}],"replies":[{"embeddable":true,"href":"https:\/\/streetmarkets.fr\/app\/wp-json\/wp\/v2\/comments?post=3648468"}],"wp:featuredmedia":[{"embeddable":true,"href":"https:\/\/streetmarkets.fr\/app\/wp-json\/wp\/v2\/media\/3648469"}],"wp:attachment":[{"href":"https:\/\/streetmarkets.fr\/app\/wp-json\/wp\/v2\/media?parent=3648468"}],"wp:term":[{"taxonomy":"product_brand","embeddable":true,"href":"https:\/\/streetmarkets.fr\/app\/wp-json\/wp\/v2\/product_brand?post=3648468"},{"taxonomy":"product_cat","embeddable":true,"href":"https:\/\/streetmarkets.fr\/app\/wp-json\/wp\/v2\/product_cat?post=3648468"},{"taxonomy":"product_tag","embeddable":true,"href":"https:\/\/streetmarkets.fr\/app\/wp-json\/wp\/v2\/product_tag?post=3648468"}],"curies":[{"name":"wp","href":"https:\/\/api.w.org\/{rel}","templated":true}]}}