{"id":3648415,"date":"2026-02-19T01:59:46","date_gmt":"2026-02-19T00:59:46","guid":{"rendered":"https:\/\/streetmarkets.fr\/app\/produit\/n-d2-asymmetric-earrings-261-w-multicolor\/"},"modified":"2026-04-16T02:42:13","modified_gmt":"2026-04-16T00:42:13","slug":"n-d2-asymmetric-earrings-261-w-multicolor","status":"publish","type":"product","link":"https:\/\/streetmarkets.fr\/app\/produit\/n-d2-asymmetric-earrings-261-w-multicolor\/","title":{"rendered":"Boucles d&#8217;oreilles Asymmetric N\u00b0 D2 (261 \/ W \/ MULTICOLOR)"},"content":{"rendered":"<p>Les boucles d&#8217;oreilles asym\u00e9triques Le Fourbi de Capucine N\u00b0 D2 pr\u00e9sentent un design unique, compos\u00e9 d&#8217;un m\u00e9lange color\u00e9 de pierres naturelles et de perles de verre sur des crochets en laiton plaqu\u00e9 or.<\/p>\n<ul>\n<li>Boucles d&#8217;oreilles vendues par paire<\/li>\n<li>Pour oreilles perc\u00e9es<\/li>\n<li>Longueur\u00a0: 3,2 cm &amp; 2,5 cm<\/li>\n<li>Style\u00a0: N\u00b0 D2<\/li>\n<li>Couleur\u00a0: Multicolore<\/li>\n<\/ul>\n","protected":false},"excerpt":{"rendered":"<p>Les boucles d&#8217;oreilles asym\u00e9triques Le Fourbi de Capucine N\u00b0 D2 pr\u00e9sentent un design unique, compos\u00e9 d&#8217;un m\u00e9lange color\u00e9 de pierres naturelles et de perles de verre sur des crochets en laiton plaqu\u00e9 or. Boucles d&#8217;oreilles vendues par paire Pour oreilles perc\u00e9es Longueur\u00a0: 3,2 cm &amp; 2,5 cm Style\u00a0: N\u00b0 D2 Couleur\u00a0: Multicolore<\/p>\n","protected":false},"featured_media":3964117,"comment_status":"open","ping_status":"closed","template":"","meta":[],"product_brand":[],"product_cat":[],"product_tag":[],"acf":[],"_links":{"self":[{"href":"https:\/\/streetmarkets.fr\/app\/wp-json\/wp\/v2\/product\/3648415"}],"collection":[{"href":"https:\/\/streetmarkets.fr\/app\/wp-json\/wp\/v2\/product"}],"about":[{"href":"https:\/\/streetmarkets.fr\/app\/wp-json\/wp\/v2\/types\/product"}],"replies":[{"embeddable":true,"href":"https:\/\/streetmarkets.fr\/app\/wp-json\/wp\/v2\/comments?post=3648415"}],"wp:featuredmedia":[{"embeddable":true,"href":"https:\/\/streetmarkets.fr\/app\/wp-json\/wp\/v2\/media\/3964117"}],"wp:attachment":[{"href":"https:\/\/streetmarkets.fr\/app\/wp-json\/wp\/v2\/media?parent=3648415"}],"wp:term":[{"taxonomy":"product_brand","embeddable":true,"href":"https:\/\/streetmarkets.fr\/app\/wp-json\/wp\/v2\/product_brand?post=3648415"},{"taxonomy":"product_cat","embeddable":true,"href":"https:\/\/streetmarkets.fr\/app\/wp-json\/wp\/v2\/product_cat?post=3648415"},{"taxonomy":"product_tag","embeddable":true,"href":"https:\/\/streetmarkets.fr\/app\/wp-json\/wp\/v2\/product_tag?post=3648415"}],"curies":[{"name":"wp","href":"https:\/\/api.w.org\/{rel}","templated":true}]}}