{"id":3643289,"date":"2026-02-19T01:01:13","date_gmt":"2026-02-19T00:01:13","guid":{"rendered":"https:\/\/streetmarkets.fr\/app\/produit\/ymc-salba-short-dark-olive\/"},"modified":"2026-05-06T02:06:15","modified_gmt":"2026-05-06T00:06:15","slug":"ymc-salba-short-dark-olive","status":"publish","type":"product","link":"https:\/\/streetmarkets.fr\/app\/produit\/ymc-salba-short-dark-olive\/","title":{"rendered":"YMC SALBA Short Dark Olive"},"content":{"rendered":"<div class=\"woocommerce-product-details__short-description\">\n<p><b>Cr\u00e9ateur :<\/b> YMC, You Must Create<\/p>\n<p><b>R\u00e9alisation : <\/b><span class=\"Y2IQFc\" lang=\"fr\">Short ample longueur genou. M\u00e9lange coton et lin. Teint en pi\u00e8ce, cordon de serrage ajustable \u00e0 l&rsquo;ourlet. Poches plaqu\u00e9es obliques sur les c\u00f4t\u00e9s et \u00e0 l&rsquo;arri\u00e8re. Fermeture \u00e0 bouton en corozo \u00e0 la taille. Braguette zipp\u00e9e YKK Coupe d\u00e9contract\u00e9e. Coupe unisexe<\/span><\/p>\n<p><b><\/b><span class=\"Y2IQFc\" lang=\"fr\">80% Coton 20% Lin. Entretien : Lavage en machine \u00e0 froid.<\/span><\/p>\n<p>Code produit : U9AAC30<\/p>\n<p><em><span class=\"Y2IQFc\" lang=\"en\"><strong>Details:<\/strong> Relaxed, knee-length shorts. Cotton and linen blend. Garment-dyed, adjustable drawstring hem. Slanted patch pockets at the sides and back. Corozo button closure at the waist. YKK zip fly. Relaxed fit. Unisex cut. 80% Cotton 20% Linen. Care: Machine wash cold.<\/span><\/em><\/p>\n<p>&nbsp;<\/p>\n<p>&nbsp;<\/p>\n<\/div>\n","protected":false},"excerpt":{"rendered":"<p>Cr\u00e9ateur : YMC, You Must Create R\u00e9alisation : Short ample longueur genou. M\u00e9lange coton et lin. Teint en pi\u00e8ce, cordon de serrage ajustable \u00e0 l&rsquo;ourlet. Poches plaqu\u00e9es obliques sur les c\u00f4t\u00e9s et \u00e0 l&rsquo;arri\u00e8re. Fermeture \u00e0 bouton en corozo \u00e0 la taille. Braguette zipp\u00e9e YKK Coupe d\u00e9contract\u00e9e. Coupe unisexe 80% Coton 20% Lin. Entretien : [&hellip;]<\/p>\n","protected":false},"featured_media":3643290,"comment_status":"open","ping_status":"closed","template":"","meta":[],"product_brand":[],"product_cat":[],"product_tag":[],"acf":[],"_links":{"self":[{"href":"https:\/\/streetmarkets.fr\/app\/wp-json\/wp\/v2\/product\/3643289"}],"collection":[{"href":"https:\/\/streetmarkets.fr\/app\/wp-json\/wp\/v2\/product"}],"about":[{"href":"https:\/\/streetmarkets.fr\/app\/wp-json\/wp\/v2\/types\/product"}],"replies":[{"embeddable":true,"href":"https:\/\/streetmarkets.fr\/app\/wp-json\/wp\/v2\/comments?post=3643289"}],"wp:featuredmedia":[{"embeddable":true,"href":"https:\/\/streetmarkets.fr\/app\/wp-json\/wp\/v2\/media\/3643290"}],"wp:attachment":[{"href":"https:\/\/streetmarkets.fr\/app\/wp-json\/wp\/v2\/media?parent=3643289"}],"wp:term":[{"taxonomy":"product_brand","embeddable":true,"href":"https:\/\/streetmarkets.fr\/app\/wp-json\/wp\/v2\/product_brand?post=3643289"},{"taxonomy":"product_cat","embeddable":true,"href":"https:\/\/streetmarkets.fr\/app\/wp-json\/wp\/v2\/product_cat?post=3643289"},{"taxonomy":"product_tag","embeddable":true,"href":"https:\/\/streetmarkets.fr\/app\/wp-json\/wp\/v2\/product_tag?post=3643289"}],"curies":[{"name":"wp","href":"https:\/\/api.w.org\/{rel}","templated":true}]}}