{"id":3643282,"date":"2026-02-19T01:01:12","date_gmt":"2026-02-19T00:01:12","guid":{"rendered":"https:\/\/streetmarkets.fr\/app\/produit\/ymc-day-dot-vest-green\/"},"modified":"2026-05-17T02:02:16","modified_gmt":"2026-05-17T00:02:16","slug":"ymc-day-dot-vest-green","status":"publish","type":"product","link":"https:\/\/streetmarkets.fr\/app\/produit\/ymc-day-dot-vest-green\/","title":{"rendered":"YMC DAY DOT VEST Green"},"content":{"rendered":"<div class=\"woocommerce-product-details__short-description\">\n<p><b>Cr\u00e9ateur :<\/b> YMC, You Must Create<\/p>\n<p><b>R\u00e9alisation : <\/b><span class=\"Y2IQFc\" lang=\"fr\">Gilet en maille \u00e0 col rond. M\u00e9lange de coton merceris\u00e9 et de lin. Dos nageur, col et emmanchures c\u00f4tel\u00e9s. Finition tubulaire \u00e0 l&rsquo;ourlet. D\u00e9tail de plis au dos, coupe ajust\u00e9e.<\/span><\/p>\n<p><b><\/b><span class=\"Y2IQFc\" lang=\"fr\">60% Coton 40% Lin. Entretien : Lavage en machine \u00e0 froid.<\/span><\/p>\n<p>Code produit : Q8AAJ30<\/p>\n<p><b><\/b><em><span class=\"Y2IQFc\" lang=\"en\"><strong>Detail :<\/strong> Knit cardigan with a round neck. Mercerized cotton and linen blend. Racerback, ribbed collar and armholes. Tubular hem. Pleated detail at the back, fitted cut. 60% Cotton 40% Linen. Care: Machine wash cold.<\/span><\/em><\/p>\n<p>&nbsp;<\/p>\n<p>&nbsp;<\/p>\n<\/div>\n","protected":false},"excerpt":{"rendered":"<p>Cr\u00e9ateur : YMC, You Must Create R\u00e9alisation : Gilet en maille \u00e0 col rond. M\u00e9lange de coton merceris\u00e9 et de lin. Dos nageur, col et emmanchures c\u00f4tel\u00e9s. Finition tubulaire \u00e0 l&rsquo;ourlet. D\u00e9tail de plis au dos, coupe ajust\u00e9e. 60% Coton 40% Lin. Entretien : Lavage en machine \u00e0 froid. Code produit : Q8AAJ30 Detail : [&hellip;]<\/p>\n","protected":false},"featured_media":3643283,"comment_status":"open","ping_status":"closed","template":"","meta":[],"product_brand":[],"product_cat":[],"product_tag":[],"acf":[],"_links":{"self":[{"href":"https:\/\/streetmarkets.fr\/app\/wp-json\/wp\/v2\/product\/3643282"}],"collection":[{"href":"https:\/\/streetmarkets.fr\/app\/wp-json\/wp\/v2\/product"}],"about":[{"href":"https:\/\/streetmarkets.fr\/app\/wp-json\/wp\/v2\/types\/product"}],"replies":[{"embeddable":true,"href":"https:\/\/streetmarkets.fr\/app\/wp-json\/wp\/v2\/comments?post=3643282"}],"wp:featuredmedia":[{"embeddable":true,"href":"https:\/\/streetmarkets.fr\/app\/wp-json\/wp\/v2\/media\/3643283"}],"wp:attachment":[{"href":"https:\/\/streetmarkets.fr\/app\/wp-json\/wp\/v2\/media?parent=3643282"}],"wp:term":[{"taxonomy":"product_brand","embeddable":true,"href":"https:\/\/streetmarkets.fr\/app\/wp-json\/wp\/v2\/product_brand?post=3643282"},{"taxonomy":"product_cat","embeddable":true,"href":"https:\/\/streetmarkets.fr\/app\/wp-json\/wp\/v2\/product_cat?post=3643282"},{"taxonomy":"product_tag","embeddable":true,"href":"https:\/\/streetmarkets.fr\/app\/wp-json\/wp\/v2\/product_tag?post=3643282"}],"curies":[{"name":"wp","href":"https:\/\/api.w.org\/{rel}","templated":true}]}}