{"id":3643246,"date":"2026-02-19T00:59:42","date_gmt":"2026-02-18T23:59:42","guid":{"rendered":"https:\/\/streetmarkets.fr\/app\/produit\/ymc-studio-pj-jacket-navy\/"},"modified":"2026-05-03T02:00:18","modified_gmt":"2026-05-03T00:00:18","slug":"ymc-studio-pj-jacket-navy","status":"publish","type":"product","link":"https:\/\/streetmarkets.fr\/app\/produit\/ymc-studio-pj-jacket-navy\/","title":{"rendered":"YMC STUDIO PJ Jacket Navy"},"content":{"rendered":"<div class=\"woocommerce-product-details__short-description\">\n<p><b>Cr\u00e9ateur :<\/b> YMC, You Must Create<\/p>\n<p><b>R\u00e9alisation : <\/b><span class=\"Y2IQFc\" lang=\"fr\">Veste carr\u00e9e en serg\u00e9. M\u00e9lange de Tencel et de coton. Micro-toile teinte en pi\u00e8ce. Poches plaqu\u00e9es basses. Fermeture boutonn\u00e9e m\u00e9tallique sur le devant. \u00c9paules tombantes. Coupe d\u00e9contract\u00e9e<\/span><\/p>\n<p><b><\/b><span class=\"Y2IQFc\" lang=\"fr\">65% Coton, 35 % Coton. Entretien : Lavage en machine \u00e0 froid.<\/span><\/p>\n<p>Code produit : P5AAH40<\/p>\n<p><em><span class=\"Y2IQFc\" lang=\"en\"><strong>Details:<\/strong> Crew neck sweatshirt in textured cotton jersey. Ribbed collar. Ribbed cuffs. Raw hem; loose, oversized fit, unisex cut. 100% Cotton, Ribbing 100% Cotton. Care: Machine wash cold.<\/span><\/em><\/p>\n<p>&nbsp;<\/p>\n<p>&nbsp;<\/p>\n<\/div>\n","protected":false},"excerpt":{"rendered":"<p>Cr\u00e9ateur : YMC, You Must Create R\u00e9alisation : Veste carr\u00e9e en serg\u00e9. M\u00e9lange de Tencel et de coton. Micro-toile teinte en pi\u00e8ce. Poches plaqu\u00e9es basses. Fermeture boutonn\u00e9e m\u00e9tallique sur le devant. \u00c9paules tombantes. Coupe d\u00e9contract\u00e9e 65% Coton, 35 % Coton. Entretien : Lavage en machine \u00e0 froid. Code produit : P5AAH40 Details: Crew neck sweatshirt [&hellip;]<\/p>\n","protected":false},"featured_media":3643247,"comment_status":"open","ping_status":"closed","template":"","meta":[],"product_brand":[],"product_cat":[],"product_tag":[],"acf":[],"_links":{"self":[{"href":"https:\/\/streetmarkets.fr\/app\/wp-json\/wp\/v2\/product\/3643246"}],"collection":[{"href":"https:\/\/streetmarkets.fr\/app\/wp-json\/wp\/v2\/product"}],"about":[{"href":"https:\/\/streetmarkets.fr\/app\/wp-json\/wp\/v2\/types\/product"}],"replies":[{"embeddable":true,"href":"https:\/\/streetmarkets.fr\/app\/wp-json\/wp\/v2\/comments?post=3643246"}],"wp:featuredmedia":[{"embeddable":true,"href":"https:\/\/streetmarkets.fr\/app\/wp-json\/wp\/v2\/media\/3643247"}],"wp:attachment":[{"href":"https:\/\/streetmarkets.fr\/app\/wp-json\/wp\/v2\/media?parent=3643246"}],"wp:term":[{"taxonomy":"product_brand","embeddable":true,"href":"https:\/\/streetmarkets.fr\/app\/wp-json\/wp\/v2\/product_brand?post=3643246"},{"taxonomy":"product_cat","embeddable":true,"href":"https:\/\/streetmarkets.fr\/app\/wp-json\/wp\/v2\/product_cat?post=3643246"},{"taxonomy":"product_tag","embeddable":true,"href":"https:\/\/streetmarkets.fr\/app\/wp-json\/wp\/v2\/product_tag?post=3643246"}],"curies":[{"name":"wp","href":"https:\/\/api.w.org\/{rel}","templated":true}]}}