{"id":3642931,"date":"2026-02-18T02:58:02","date_gmt":"2026-02-18T01:58:02","guid":{"rendered":"https:\/\/streetmarkets.fr\/app\/produit\/knitted-sweater\/"},"modified":"2026-05-10T03:53:55","modified_gmt":"2026-05-10T01:53:55","slug":"knitted-sweater","status":"publish","type":"product","link":"https:\/\/streetmarkets.fr\/app\/produit\/knitted-sweater\/","title":{"rendered":"Knitted Sweater"},"content":{"rendered":"<ul>\n<li>Coupe classique<\/li>\n<li>Col rond<\/li>\n<li>Poignets et ourlet c\u00f4tel\u00e9s<\/li>\n<li>Logo ton sur ton dans le dos<\/li>\n<\/ul>\n<p>70 % coton, 30 % lin<\/p>\n<p>Fabriqu\u00e9 au Portugal<\/p>\n<p>U2000251 B40<\/p>\n","protected":false},"excerpt":{"rendered":"<p>Coupe classique Col rond Poignets et ourlet c\u00f4tel\u00e9s Logo ton sur ton dans le dos 70 % coton, 30 % lin Fabriqu\u00e9 au Portugal U2000251 B40<\/p>\n","protected":false},"featured_media":3642932,"comment_status":"open","ping_status":"closed","template":"","meta":[],"product_brand":[],"product_cat":[],"product_tag":[],"acf":[],"_links":{"self":[{"href":"https:\/\/streetmarkets.fr\/app\/wp-json\/wp\/v2\/product\/3642931"}],"collection":[{"href":"https:\/\/streetmarkets.fr\/app\/wp-json\/wp\/v2\/product"}],"about":[{"href":"https:\/\/streetmarkets.fr\/app\/wp-json\/wp\/v2\/types\/product"}],"replies":[{"embeddable":true,"href":"https:\/\/streetmarkets.fr\/app\/wp-json\/wp\/v2\/comments?post=3642931"}],"wp:featuredmedia":[{"embeddable":true,"href":"https:\/\/streetmarkets.fr\/app\/wp-json\/wp\/v2\/media\/3642932"}],"wp:attachment":[{"href":"https:\/\/streetmarkets.fr\/app\/wp-json\/wp\/v2\/media?parent=3642931"}],"wp:term":[{"taxonomy":"product_brand","embeddable":true,"href":"https:\/\/streetmarkets.fr\/app\/wp-json\/wp\/v2\/product_brand?post=3642931"},{"taxonomy":"product_cat","embeddable":true,"href":"https:\/\/streetmarkets.fr\/app\/wp-json\/wp\/v2\/product_cat?post=3642931"},{"taxonomy":"product_tag","embeddable":true,"href":"https:\/\/streetmarkets.fr\/app\/wp-json\/wp\/v2\/product_tag?post=3642931"}],"curies":[{"name":"wp","href":"https:\/\/api.w.org\/{rel}","templated":true}]}}