{"id":3642905,"date":"2026-02-18T02:58:00","date_gmt":"2026-02-18T01:58:00","guid":{"rendered":"https:\/\/streetmarkets.fr\/app\/produit\/denim-trucker-jacket\/"},"modified":"2026-05-10T03:53:55","modified_gmt":"2026-05-10T01:53:55","slug":"denim-trucker-jacket","status":"publish","type":"product","link":"https:\/\/streetmarkets.fr\/app\/produit\/denim-trucker-jacket\/","title":{"rendered":"Denim Trucker Jacket"},"content":{"rendered":"<ul>\n<li>Coupe classique<\/li>\n<li>Longueur aux hanches<\/li>\n<li>Poches poitrine<\/li>\n<li>Imprim\u00e9 collage sur l&#8217;ensemble<\/li>\n<li>Boutons de jeans griff\u00e9s<\/li>\n<li>D\u00e9lavage bleu vintage<\/li>\n<\/ul>\n<p>100 % coton<br \/>Fabriqu\u00e9 en Italie<\/p>\n<p>U3000248 DD1<\/p>\n","protected":false},"excerpt":{"rendered":"<p>Coupe classique Longueur aux hanches Poches poitrine Imprim\u00e9 collage sur l&#8217;ensemble Boutons de jeans griff\u00e9s D\u00e9lavage bleu vintage 100 % cotonFabriqu\u00e9 en Italie U3000248 DD1<\/p>\n","protected":false},"featured_media":3642906,"comment_status":"open","ping_status":"closed","template":"","meta":[],"product_brand":[],"product_cat":[],"product_tag":[],"acf":[],"_links":{"self":[{"href":"https:\/\/streetmarkets.fr\/app\/wp-json\/wp\/v2\/product\/3642905"}],"collection":[{"href":"https:\/\/streetmarkets.fr\/app\/wp-json\/wp\/v2\/product"}],"about":[{"href":"https:\/\/streetmarkets.fr\/app\/wp-json\/wp\/v2\/types\/product"}],"replies":[{"embeddable":true,"href":"https:\/\/streetmarkets.fr\/app\/wp-json\/wp\/v2\/comments?post=3642905"}],"wp:featuredmedia":[{"embeddable":true,"href":"https:\/\/streetmarkets.fr\/app\/wp-json\/wp\/v2\/media\/3642906"}],"wp:attachment":[{"href":"https:\/\/streetmarkets.fr\/app\/wp-json\/wp\/v2\/media?parent=3642905"}],"wp:term":[{"taxonomy":"product_brand","embeddable":true,"href":"https:\/\/streetmarkets.fr\/app\/wp-json\/wp\/v2\/product_brand?post=3642905"},{"taxonomy":"product_cat","embeddable":true,"href":"https:\/\/streetmarkets.fr\/app\/wp-json\/wp\/v2\/product_cat?post=3642905"},{"taxonomy":"product_tag","embeddable":true,"href":"https:\/\/streetmarkets.fr\/app\/wp-json\/wp\/v2\/product_tag?post=3642905"}],"curies":[{"name":"wp","href":"https:\/\/api.w.org\/{rel}","templated":true}]}}