{"id":3642895,"date":"2026-02-18T02:57:59","date_gmt":"2026-02-18T01:57:59","guid":{"rendered":"https:\/\/streetmarkets.fr\/app\/produit\/tailored-bootcut-trousers\/"},"modified":"2026-05-06T03:53:37","modified_gmt":"2026-05-06T01:53:37","slug":"tailored-bootcut-trousers","status":"publish","type":"product","link":"https:\/\/streetmarkets.fr\/app\/produit\/tailored-bootcut-trousers\/","title":{"rendered":"Tailored Bootcut Trousers"},"content":{"rendered":"<ul>\n<li>Coupe bootcut d\u00e9contract\u00e9e<\/li>\n<li>Poches en biais avec poche zipp\u00e9e cach\u00e9e<\/li>\n<li>Plis marqu\u00e9s<\/li>\n<li>\u00c9tiquette avec le drapeau du Stockholm Surfboard Club<\/li>\n<li>Fermeture \u00e0 glissi\u00e8re et crochet et barrette<\/li>\n<\/ul>\n<p>Fabriqu\u00e9 en Roumanie<\/p>\n<p>U500018 B30<\/p>\n","protected":false},"excerpt":{"rendered":"<p>Coupe bootcut d\u00e9contract\u00e9e Poches en biais avec poche zipp\u00e9e cach\u00e9e Plis marqu\u00e9s \u00c9tiquette avec le drapeau du Stockholm Surfboard Club Fermeture \u00e0 glissi\u00e8re et crochet et barrette Fabriqu\u00e9 en Roumanie U500018 B30<\/p>\n","protected":false},"featured_media":3642896,"comment_status":"open","ping_status":"closed","template":"","meta":[],"product_brand":[],"product_cat":[],"product_tag":[],"acf":[],"_links":{"self":[{"href":"https:\/\/streetmarkets.fr\/app\/wp-json\/wp\/v2\/product\/3642895"}],"collection":[{"href":"https:\/\/streetmarkets.fr\/app\/wp-json\/wp\/v2\/product"}],"about":[{"href":"https:\/\/streetmarkets.fr\/app\/wp-json\/wp\/v2\/types\/product"}],"replies":[{"embeddable":true,"href":"https:\/\/streetmarkets.fr\/app\/wp-json\/wp\/v2\/comments?post=3642895"}],"wp:featuredmedia":[{"embeddable":true,"href":"https:\/\/streetmarkets.fr\/app\/wp-json\/wp\/v2\/media\/3642896"}],"wp:attachment":[{"href":"https:\/\/streetmarkets.fr\/app\/wp-json\/wp\/v2\/media?parent=3642895"}],"wp:term":[{"taxonomy":"product_brand","embeddable":true,"href":"https:\/\/streetmarkets.fr\/app\/wp-json\/wp\/v2\/product_brand?post=3642895"},{"taxonomy":"product_cat","embeddable":true,"href":"https:\/\/streetmarkets.fr\/app\/wp-json\/wp\/v2\/product_cat?post=3642895"},{"taxonomy":"product_tag","embeddable":true,"href":"https:\/\/streetmarkets.fr\/app\/wp-json\/wp\/v2\/product_tag?post=3642895"}],"curies":[{"name":"wp","href":"https:\/\/api.w.org\/{rel}","templated":true}]}}