{"id":3642805,"date":"2026-02-18T02:57:52","date_gmt":"2026-02-18T01:57:52","guid":{"rendered":"https:\/\/streetmarkets.fr\/app\/produit\/4100109-crinkle-reps-ny\/"},"modified":"2026-05-13T03:54:29","modified_gmt":"2026-05-13T01:54:29","slug":"4100109-crinkle-reps-ny","status":"publish","type":"product","link":"https:\/\/streetmarkets.fr\/app\/produit\/4100109-crinkle-reps-ny\/","title":{"rendered":"4100109 Crinkle Reps NY"},"content":{"rendered":"<ul>\n<li data-start=\"79\" data-end=\"150\">Doudoune \u00e0 col montant en nylon recycl\u00e9, l\u00e9g\u00e8re et r\u00e9sistante au vent<\/li>\n<li data-start=\"153\" data-end=\"206\">Traitement d\u00e9perlant avec aspect l\u00e9g\u00e8rement froiss\u00e9<\/li>\n<li data-start=\"209\" data-end=\"261\">Garnissage en duvet de haute qualit\u00e9, certifi\u00e9 RDS<\/li>\n<li data-start=\"264\" data-end=\"287\">Col montant rembourr\u00e9<\/li>\n<li data-start=\"290\" data-end=\"353\">Poches mains en biais avec bouton-pression + poche int\u00e9rieure<\/li>\n<li data-start=\"356\" data-end=\"380\">Empi\u00e8cement uni au dos<\/li>\n<li data-start=\"383\" data-end=\"424\">Badge Stone Island sur la manche gauche<\/li>\n<li data-start=\"427\" data-end=\"459\">Poignets int\u00e9rieurs \u00e9lastiques<\/li>\n<li data-start=\"462\" data-end=\"503\">Ourlet avec cordon de serrage \u00e9lastique<\/li>\n<li data-start=\"506\" data-end=\"569\">Fermeture \u00e0 zip bidirectionnelle sous patte \u00e0 boutons-pression<\/li>\n<\/ul>\n<p><span>100% Polyamide<\/span><\/p>\n<p>L1S154100109 S0A23 V005G<\/p>\n","protected":false},"excerpt":{"rendered":"<p>Doudoune \u00e0 col montant en nylon recycl\u00e9, l\u00e9g\u00e8re et r\u00e9sistante au vent Traitement d\u00e9perlant avec aspect l\u00e9g\u00e8rement froiss\u00e9 Garnissage en duvet de haute qualit\u00e9, certifi\u00e9 RDS Col montant rembourr\u00e9 Poches mains en biais avec bouton-pression + poche int\u00e9rieure Empi\u00e8cement uni au dos Badge Stone Island sur la manche gauche Poignets int\u00e9rieurs \u00e9lastiques Ourlet avec cordon [&hellip;]<\/p>\n","protected":false},"featured_media":3642806,"comment_status":"open","ping_status":"closed","template":"","meta":[],"product_brand":[],"product_cat":[],"product_tag":[],"acf":[],"_links":{"self":[{"href":"https:\/\/streetmarkets.fr\/app\/wp-json\/wp\/v2\/product\/3642805"}],"collection":[{"href":"https:\/\/streetmarkets.fr\/app\/wp-json\/wp\/v2\/product"}],"about":[{"href":"https:\/\/streetmarkets.fr\/app\/wp-json\/wp\/v2\/types\/product"}],"replies":[{"embeddable":true,"href":"https:\/\/streetmarkets.fr\/app\/wp-json\/wp\/v2\/comments?post=3642805"}],"wp:featuredmedia":[{"embeddable":true,"href":"https:\/\/streetmarkets.fr\/app\/wp-json\/wp\/v2\/media\/3642806"}],"wp:attachment":[{"href":"https:\/\/streetmarkets.fr\/app\/wp-json\/wp\/v2\/media?parent=3642805"}],"wp:term":[{"taxonomy":"product_brand","embeddable":true,"href":"https:\/\/streetmarkets.fr\/app\/wp-json\/wp\/v2\/product_brand?post=3642805"},{"taxonomy":"product_cat","embeddable":true,"href":"https:\/\/streetmarkets.fr\/app\/wp-json\/wp\/v2\/product_cat?post=3642805"},{"taxonomy":"product_tag","embeddable":true,"href":"https:\/\/streetmarkets.fr\/app\/wp-json\/wp\/v2\/product_tag?post=3642805"}],"curies":[{"name":"wp","href":"https:\/\/api.w.org\/{rel}","templated":true}]}}