{"id":3642707,"date":"2026-02-18T02:57:35","date_gmt":"2026-02-18T01:57:35","guid":{"rendered":"https:\/\/streetmarkets.fr\/app\/produit\/2100030-combed-organic-cotton-jersey\/"},"modified":"2026-05-06T03:53:37","modified_gmt":"2026-05-06T01:53:37","slug":"2100030-combed-organic-cotton-jersey","status":"publish","type":"product","link":"https:\/\/streetmarkets.fr\/app\/produit\/2100030-combed-organic-cotton-jersey\/","title":{"rendered":"2100030 Combed Organic Cotton Jersey"},"content":{"rendered":"<p><span>T-shirt \u00e0 manches courtes en jersey de coton bio peign\u00e9, avec encolure c\u00f4tel\u00e9e et patch Compass. Mod\u00e8le teint en pi\u00e8ce.<\/span><\/p>\n<p><span>100% coton<\/span><\/p>\n<p><span>L1S152100030 S0115 V0041<\/span><\/p>\n","protected":false},"excerpt":{"rendered":"<p>T-shirt \u00e0 manches courtes en jersey de coton bio peign\u00e9, avec encolure c\u00f4tel\u00e9e et patch Compass. Mod\u00e8le teint en pi\u00e8ce. 100% coton L1S152100030 S0115 V0041<\/p>\n","protected":false},"featured_media":3642708,"comment_status":"open","ping_status":"closed","template":"","meta":[],"product_brand":[],"product_cat":[],"product_tag":[],"acf":[],"_links":{"self":[{"href":"https:\/\/streetmarkets.fr\/app\/wp-json\/wp\/v2\/product\/3642707"}],"collection":[{"href":"https:\/\/streetmarkets.fr\/app\/wp-json\/wp\/v2\/product"}],"about":[{"href":"https:\/\/streetmarkets.fr\/app\/wp-json\/wp\/v2\/types\/product"}],"replies":[{"embeddable":true,"href":"https:\/\/streetmarkets.fr\/app\/wp-json\/wp\/v2\/comments?post=3642707"}],"wp:featuredmedia":[{"embeddable":true,"href":"https:\/\/streetmarkets.fr\/app\/wp-json\/wp\/v2\/media\/3642708"}],"wp:attachment":[{"href":"https:\/\/streetmarkets.fr\/app\/wp-json\/wp\/v2\/media?parent=3642707"}],"wp:term":[{"taxonomy":"product_brand","embeddable":true,"href":"https:\/\/streetmarkets.fr\/app\/wp-json\/wp\/v2\/product_brand?post=3642707"},{"taxonomy":"product_cat","embeddable":true,"href":"https:\/\/streetmarkets.fr\/app\/wp-json\/wp\/v2\/product_cat?post=3642707"},{"taxonomy":"product_tag","embeddable":true,"href":"https:\/\/streetmarkets.fr\/app\/wp-json\/wp\/v2\/product_tag?post=3642707"}],"curies":[{"name":"wp","href":"https:\/\/api.w.org\/{rel}","templated":true}]}}