{"id":3632629,"date":"2026-02-18T01:05:47","date_gmt":"2026-02-18T00:05:47","guid":{"rendered":"https:\/\/streetmarkets.fr\/app\/produit\/nouveau-xirena-robe-jaynie-sienna-petals-precommande\/"},"modified":"2026-05-06T02:05:22","modified_gmt":"2026-05-06T00:05:22","slug":"nouveau-xirena-robe-jaynie-sienna-petals-precommande","status":"publish","type":"product","link":"https:\/\/streetmarkets.fr\/app\/produit\/nouveau-xirena-robe-jaynie-sienna-petals-precommande\/","title":{"rendered":"Nouveau ! XIRENA Robe Jaynie Sienna Petals"},"content":{"rendered":"<p data-rte-preserve-empty=\"true\">Robe longue en coton \u00e0 motif floral, coupe ample, deux poches lat\u00e9rales, douce et fluide. <\/p>\n<p data-rte-preserve-empty=\"true\">D\u00e9tail : 100% coton<\/p>\n","protected":false},"excerpt":{"rendered":"<p>Robe longue en coton \u00e0 motif floral, coupe ample, deux poches lat\u00e9rales, douce et fluide. D\u00e9tail : 100% coton<\/p>\n","protected":false},"featured_media":3632630,"comment_status":"open","ping_status":"closed","template":"","meta":[],"product_brand":[],"product_cat":[],"product_tag":[],"acf":[],"_links":{"self":[{"href":"https:\/\/streetmarkets.fr\/app\/wp-json\/wp\/v2\/product\/3632629"}],"collection":[{"href":"https:\/\/streetmarkets.fr\/app\/wp-json\/wp\/v2\/product"}],"about":[{"href":"https:\/\/streetmarkets.fr\/app\/wp-json\/wp\/v2\/types\/product"}],"replies":[{"embeddable":true,"href":"https:\/\/streetmarkets.fr\/app\/wp-json\/wp\/v2\/comments?post=3632629"}],"wp:featuredmedia":[{"embeddable":true,"href":"https:\/\/streetmarkets.fr\/app\/wp-json\/wp\/v2\/media\/3632630"}],"wp:attachment":[{"href":"https:\/\/streetmarkets.fr\/app\/wp-json\/wp\/v2\/media?parent=3632629"}],"wp:term":[{"taxonomy":"product_brand","embeddable":true,"href":"https:\/\/streetmarkets.fr\/app\/wp-json\/wp\/v2\/product_brand?post=3632629"},{"taxonomy":"product_cat","embeddable":true,"href":"https:\/\/streetmarkets.fr\/app\/wp-json\/wp\/v2\/product_cat?post=3632629"},{"taxonomy":"product_tag","embeddable":true,"href":"https:\/\/streetmarkets.fr\/app\/wp-json\/wp\/v2\/product_tag?post=3632629"}],"curies":[{"name":"wp","href":"https:\/\/api.w.org\/{rel}","templated":true}]}}