{"id":3632608,"date":"2026-02-18T01:05:18","date_gmt":"2026-02-18T00:05:18","guid":{"rendered":"https:\/\/streetmarkets.fr\/app\/produit\/nouveau-laurence-bras-veste-bruxelles-black\/"},"modified":"2026-05-11T02:05:27","modified_gmt":"2026-05-11T00:05:27","slug":"nouveau-laurence-bras-veste-bruxelles-black","status":"publish","type":"product","link":"https:\/\/streetmarkets.fr\/app\/produit\/nouveau-laurence-bras-veste-bruxelles-black\/","title":{"rendered":"Nouveau ! LAURENCE BRAS Veste Bruxelles Black"},"content":{"rendered":"<p class=\"\" data-rte-preserve-empty=\"true\">Veste \u00e0 capuche coupe ample et droite, r\u00e9sistante \u00e0 la pluie, boutonn\u00e9e, manches longues et poignets resserr\u00e9s, poche \u00e0 rabat devant et poches lat\u00e9rales, lien de serrage \u00e0 la taille. Le mod\u00e8le taille grand. <\/p>\n<p class=\"\" data-rte-preserve-empty=\"true\">D\u00e9tail : 100% nylon<\/p>\n","protected":false},"excerpt":{"rendered":"<p>Veste \u00e0 capuche coupe ample et droite, r\u00e9sistante \u00e0 la pluie, boutonn\u00e9e, manches longues et poignets resserr\u00e9s, poche \u00e0 rabat devant et poches lat\u00e9rales, lien de serrage \u00e0 la taille. Le mod\u00e8le taille grand. D\u00e9tail : 100% nylon<\/p>\n","protected":false},"featured_media":3632609,"comment_status":"open","ping_status":"closed","template":"","meta":[],"product_brand":[],"product_cat":[],"product_tag":[],"acf":[],"_links":{"self":[{"href":"https:\/\/streetmarkets.fr\/app\/wp-json\/wp\/v2\/product\/3632608"}],"collection":[{"href":"https:\/\/streetmarkets.fr\/app\/wp-json\/wp\/v2\/product"}],"about":[{"href":"https:\/\/streetmarkets.fr\/app\/wp-json\/wp\/v2\/types\/product"}],"replies":[{"embeddable":true,"href":"https:\/\/streetmarkets.fr\/app\/wp-json\/wp\/v2\/comments?post=3632608"}],"wp:featuredmedia":[{"embeddable":true,"href":"https:\/\/streetmarkets.fr\/app\/wp-json\/wp\/v2\/media\/3632609"}],"wp:attachment":[{"href":"https:\/\/streetmarkets.fr\/app\/wp-json\/wp\/v2\/media?parent=3632608"}],"wp:term":[{"taxonomy":"product_brand","embeddable":true,"href":"https:\/\/streetmarkets.fr\/app\/wp-json\/wp\/v2\/product_brand?post=3632608"},{"taxonomy":"product_cat","embeddable":true,"href":"https:\/\/streetmarkets.fr\/app\/wp-json\/wp\/v2\/product_cat?post=3632608"},{"taxonomy":"product_tag","embeddable":true,"href":"https:\/\/streetmarkets.fr\/app\/wp-json\/wp\/v2\/product_tag?post=3632608"}],"curies":[{"name":"wp","href":"https:\/\/api.w.org\/{rel}","templated":true}]}}