{"id":3632602,"date":"2026-02-18T01:05:14","date_gmt":"2026-02-18T00:05:14","guid":{"rendered":"https:\/\/streetmarkets.fr\/app\/produit\/nouveau-xirena-blouse-cara-pale-sky\/"},"modified":"2026-05-09T02:07:00","modified_gmt":"2026-05-09T00:07:00","slug":"nouveau-xirena-blouse-cara-pale-sky","status":"publish","type":"product","link":"https:\/\/streetmarkets.fr\/app\/produit\/nouveau-xirena-blouse-cara-pale-sky\/","title":{"rendered":"Nouveau ! XIRENA Blouse Cara Pale Sky"},"content":{"rendered":"<p data-rte-preserve-empty=\"true\">Blouse en coton, coupe ample, manches longues et poignets resserr\u00e9s, d\u00e9collet\u00e9 v boutonn\u00e9, douce et agr\u00e9able. \u00c9galement disponible dans d\u2019autres couleurs. Le mod\u00e8le taille grand. Le mod\u00e8le taille grand. <\/p>\n<p data-rte-preserve-empty=\"true\">D\u00e9tail : 100% coton<\/p>\n","protected":false},"excerpt":{"rendered":"<p>Blouse en coton, coupe ample, manches longues et poignets resserr\u00e9s, d\u00e9collet\u00e9 v boutonn\u00e9, douce et agr\u00e9able. \u00c9galement disponible dans d\u2019autres couleurs. Le mod\u00e8le taille grand. Le mod\u00e8le taille grand. D\u00e9tail : 100% coton<\/p>\n","protected":false},"featured_media":3632603,"comment_status":"open","ping_status":"closed","template":"","meta":[],"product_brand":[],"product_cat":[],"product_tag":[],"acf":[],"_links":{"self":[{"href":"https:\/\/streetmarkets.fr\/app\/wp-json\/wp\/v2\/product\/3632602"}],"collection":[{"href":"https:\/\/streetmarkets.fr\/app\/wp-json\/wp\/v2\/product"}],"about":[{"href":"https:\/\/streetmarkets.fr\/app\/wp-json\/wp\/v2\/types\/product"}],"replies":[{"embeddable":true,"href":"https:\/\/streetmarkets.fr\/app\/wp-json\/wp\/v2\/comments?post=3632602"}],"wp:featuredmedia":[{"embeddable":true,"href":"https:\/\/streetmarkets.fr\/app\/wp-json\/wp\/v2\/media\/3632603"}],"wp:attachment":[{"href":"https:\/\/streetmarkets.fr\/app\/wp-json\/wp\/v2\/media?parent=3632602"}],"wp:term":[{"taxonomy":"product_brand","embeddable":true,"href":"https:\/\/streetmarkets.fr\/app\/wp-json\/wp\/v2\/product_brand?post=3632602"},{"taxonomy":"product_cat","embeddable":true,"href":"https:\/\/streetmarkets.fr\/app\/wp-json\/wp\/v2\/product_cat?post=3632602"},{"taxonomy":"product_tag","embeddable":true,"href":"https:\/\/streetmarkets.fr\/app\/wp-json\/wp\/v2\/product_tag?post=3632602"}],"curies":[{"name":"wp","href":"https:\/\/api.w.org\/{rel}","templated":true}]}}