{"id":3632552,"date":"2026-02-18T01:04:46","date_gmt":"2026-02-18T00:04:46","guid":{"rendered":"https:\/\/streetmarkets.fr\/app\/produit\/nouveau-masscob-blouse-bora-blue\/"},"modified":"2026-05-09T02:06:09","modified_gmt":"2026-05-09T00:06:09","slug":"nouveau-masscob-blouse-bora-blue","status":"publish","type":"product","link":"https:\/\/streetmarkets.fr\/app\/produit\/nouveau-masscob-blouse-bora-blue\/","title":{"rendered":"Nouveau ! MASSCOB Blouse Bora Blue"},"content":{"rendered":"<p data-rte-preserve-empty=\"true\">Blouse en coton ray\u00e9, coupe ample et droite, manches longues et poignets resserr\u00e9s. Encolure arrondie avec volant, pliss\u00e9 devant et dos.<\/p>\n<p data-rte-preserve-empty=\"true\">D\u00e9tail : 100% coton <\/p>\n","protected":false},"excerpt":{"rendered":"<p>Blouse en coton ray\u00e9, coupe ample et droite, manches longues et poignets resserr\u00e9s. Encolure arrondie avec volant, pliss\u00e9 devant et dos. D\u00e9tail : 100% coton<\/p>\n","protected":false},"featured_media":3632553,"comment_status":"open","ping_status":"closed","template":"","meta":[],"product_brand":[],"product_cat":[],"product_tag":[],"acf":[],"_links":{"self":[{"href":"https:\/\/streetmarkets.fr\/app\/wp-json\/wp\/v2\/product\/3632552"}],"collection":[{"href":"https:\/\/streetmarkets.fr\/app\/wp-json\/wp\/v2\/product"}],"about":[{"href":"https:\/\/streetmarkets.fr\/app\/wp-json\/wp\/v2\/types\/product"}],"replies":[{"embeddable":true,"href":"https:\/\/streetmarkets.fr\/app\/wp-json\/wp\/v2\/comments?post=3632552"}],"wp:featuredmedia":[{"embeddable":true,"href":"https:\/\/streetmarkets.fr\/app\/wp-json\/wp\/v2\/media\/3632553"}],"wp:attachment":[{"href":"https:\/\/streetmarkets.fr\/app\/wp-json\/wp\/v2\/media?parent=3632552"}],"wp:term":[{"taxonomy":"product_brand","embeddable":true,"href":"https:\/\/streetmarkets.fr\/app\/wp-json\/wp\/v2\/product_brand?post=3632552"},{"taxonomy":"product_cat","embeddable":true,"href":"https:\/\/streetmarkets.fr\/app\/wp-json\/wp\/v2\/product_cat?post=3632552"},{"taxonomy":"product_tag","embeddable":true,"href":"https:\/\/streetmarkets.fr\/app\/wp-json\/wp\/v2\/product_tag?post=3632552"}],"curies":[{"name":"wp","href":"https:\/\/api.w.org\/{rel}","templated":true}]}}