{"id":3612705,"date":"2026-02-15T01:03:52","date_gmt":"2026-02-15T00:03:52","guid":{"rendered":"https:\/\/streetmarkets.fr\/app\/produit\/apuntob-p1978-ts916-trousers-black\/"},"modified":"2026-05-13T02:05:31","modified_gmt":"2026-05-13T00:05:31","slug":"apuntob-p1978-ts916-trousers-black","status":"publish","type":"product","link":"https:\/\/streetmarkets.fr\/app\/produit\/apuntob-p1978-ts916-trousers-black\/","title":{"rendered":"APUNTOB P1978\/ TS916 trousers black"},"content":{"rendered":"<p><b>Cr\u00e9ateur :<\/b> ApuntoB, Italie<\/p>\n<p><b>D\u00e9tails : <\/b>Pantalon coupe classique. Ceinture pliss\u00e9e avec bouton et passants, poches lat\u00e9rales obliques, longueur cheville.<\/p>\n<p>40 % laine, 42 % lin, 10 % polyamide, 4 % coton,\u00a0 3% metal, 1 % laine vierge, \u00e0 fines rayures<\/p>\n<p>ApuntoB est une marque italienne de mode, inspir\u00e9e par la ligne et la d\u00e9licatesse du pr\u00eat \u00e0 porter\u00a0 japonais, la marque cr\u00e9\u00e9 des v\u00eatements durables au caract\u00e8re singulier.<\/p>\n<p><em>Details : Classic-cut trousers. Pleated waistband with button and belt loops, slanted side pockets, ankle length.<\/em><\/p>\n<p><em>40% wool, 42% linen, 10% polyamide, 4% cotton, 3% metallic fibers, 1% virgin wool, fine stripes<\/em><\/p>\n","protected":false},"excerpt":{"rendered":"<p>Cr\u00e9ateur : ApuntoB, Italie D\u00e9tails : Pantalon coupe classique. Ceinture pliss\u00e9e avec bouton et passants, poches lat\u00e9rales obliques, longueur cheville. 40 % laine, 42 % lin, 10 % polyamide, 4 % coton,\u00a0 3% metal, 1 % laine vierge, \u00e0 fines rayures ApuntoB est une marque italienne de mode, inspir\u00e9e par la ligne et la d\u00e9licatesse [&hellip;]<\/p>\n","protected":false},"featured_media":3612706,"comment_status":"open","ping_status":"closed","template":"","meta":[],"product_brand":[],"product_cat":[],"product_tag":[],"acf":[],"_links":{"self":[{"href":"https:\/\/streetmarkets.fr\/app\/wp-json\/wp\/v2\/product\/3612705"}],"collection":[{"href":"https:\/\/streetmarkets.fr\/app\/wp-json\/wp\/v2\/product"}],"about":[{"href":"https:\/\/streetmarkets.fr\/app\/wp-json\/wp\/v2\/types\/product"}],"replies":[{"embeddable":true,"href":"https:\/\/streetmarkets.fr\/app\/wp-json\/wp\/v2\/comments?post=3612705"}],"wp:featuredmedia":[{"embeddable":true,"href":"https:\/\/streetmarkets.fr\/app\/wp-json\/wp\/v2\/media\/3612706"}],"wp:attachment":[{"href":"https:\/\/streetmarkets.fr\/app\/wp-json\/wp\/v2\/media?parent=3612705"}],"wp:term":[{"taxonomy":"product_brand","embeddable":true,"href":"https:\/\/streetmarkets.fr\/app\/wp-json\/wp\/v2\/product_brand?post=3612705"},{"taxonomy":"product_cat","embeddable":true,"href":"https:\/\/streetmarkets.fr\/app\/wp-json\/wp\/v2\/product_cat?post=3612705"},{"taxonomy":"product_tag","embeddable":true,"href":"https:\/\/streetmarkets.fr\/app\/wp-json\/wp\/v2\/product_tag?post=3612705"}],"curies":[{"name":"wp","href":"https:\/\/api.w.org\/{rel}","templated":true}]}}