{"id":3612673,"date":"2026-02-15T01:03:49","date_gmt":"2026-02-15T00:03:49","guid":{"rendered":"https:\/\/streetmarkets.fr\/app\/produit\/roberto-collina-lino-knit-slipover-ecru\/"},"modified":"2026-05-17T02:02:15","modified_gmt":"2026-05-17T00:02:15","slug":"roberto-collina-lino-knit-slipover-ecru","status":"publish","type":"product","link":"https:\/\/streetmarkets.fr\/app\/produit\/roberto-collina-lino-knit-slipover-ecru\/","title":{"rendered":"ROBERTO COLLINA LINO KNIT SLIPOVER Ecru"},"content":{"rendered":"<p><b>Cr\u00e9ateur :<\/b> Roberto Collina \/ Italie<br \/>\n<b><\/b><\/p>\n<p><b>R\u00e9alisation :\u00a0<\/b>Pull en laine et cachemire, col roul\u00e9 manches courtes, coupe droite, fendu sur les c\u00f4t\u00e9s<\/p>\n<p>70 % Wool, 30% Cashmere<\/p>\n<p class=\"p1\">40513 ecru<\/p>\n<p><em>Detail : Wool and cashmere sweater, short-sleeved turtleneck, straight cut, side slits<\/em><\/p>\n<p><em>70% Wool, 30% Cashmere<\/em><\/p>\n<p>&nbsp;<\/p>\n","protected":false},"excerpt":{"rendered":"<p>Cr\u00e9ateur : Roberto Collina \/ Italie R\u00e9alisation :\u00a0Pull en laine et cachemire, col roul\u00e9 manches courtes, coupe droite, fendu sur les c\u00f4t\u00e9s 70 % Wool, 30% Cashmere 40513 ecru Detail : Wool and cashmere sweater, short-sleeved turtleneck, straight cut, side slits 70% Wool, 30% Cashmere &nbsp;<\/p>\n","protected":false},"featured_media":3612674,"comment_status":"open","ping_status":"closed","template":"","meta":[],"product_brand":[],"product_cat":[],"product_tag":[],"acf":[],"_links":{"self":[{"href":"https:\/\/streetmarkets.fr\/app\/wp-json\/wp\/v2\/product\/3612673"}],"collection":[{"href":"https:\/\/streetmarkets.fr\/app\/wp-json\/wp\/v2\/product"}],"about":[{"href":"https:\/\/streetmarkets.fr\/app\/wp-json\/wp\/v2\/types\/product"}],"replies":[{"embeddable":true,"href":"https:\/\/streetmarkets.fr\/app\/wp-json\/wp\/v2\/comments?post=3612673"}],"wp:featuredmedia":[{"embeddable":true,"href":"https:\/\/streetmarkets.fr\/app\/wp-json\/wp\/v2\/media\/3612674"}],"wp:attachment":[{"href":"https:\/\/streetmarkets.fr\/app\/wp-json\/wp\/v2\/media?parent=3612673"}],"wp:term":[{"taxonomy":"product_brand","embeddable":true,"href":"https:\/\/streetmarkets.fr\/app\/wp-json\/wp\/v2\/product_brand?post=3612673"},{"taxonomy":"product_cat","embeddable":true,"href":"https:\/\/streetmarkets.fr\/app\/wp-json\/wp\/v2\/product_cat?post=3612673"},{"taxonomy":"product_tag","embeddable":true,"href":"https:\/\/streetmarkets.fr\/app\/wp-json\/wp\/v2\/product_tag?post=3612673"}],"curies":[{"name":"wp","href":"https:\/\/api.w.org\/{rel}","templated":true}]}}