{"id":3612603,"date":"2026-02-15T01:03:43","date_gmt":"2026-02-15T00:03:43","guid":{"rendered":"https:\/\/streetmarkets.fr\/app\/produit\/apuntob-p2017-ts905-shirt-military-black\/"},"modified":"2026-05-11T02:05:09","modified_gmt":"2026-05-11T00:05:09","slug":"apuntob-p2017-ts905-shirt-military-black","status":"publish","type":"product","link":"https:\/\/streetmarkets.fr\/app\/produit\/apuntob-p2017-ts905-shirt-military-black\/","title":{"rendered":"APUNTOB P2017\/ TS905 Shirt military black"},"content":{"rendered":"<p><b>Cr\u00e9ateur :<\/b> ApuntoB, Italie<\/p>\n<p><b>D\u00e9tails : <\/b>Blouse \u00e0 encolure orn\u00e9e de petits fronces, manches kimono. Coupe carr\u00e9e.<\/p>\n<p class=\"p1\">Vichy military black<\/p>\n<p>54% Lin, 46% Gaze de laine<\/p>\n<p>ApuntoB est une marque italienne de mode, inspir\u00e9e par la ligne et la d\u00e9licatesse du pr\u00eat \u00e0 porter\u00a0 japonais, la marque cr\u00e9\u00e9 des v\u00eatements durables au caract\u00e8re singulier.<\/p>\n<p><em>Details : Blouse with a gathered neckline and kimono sleeves. Boxy cut.<\/em><\/p>\n<p><em>Military black gingham<\/em><\/p>\n<p><em>54% Linen, 46% Wool gauze<\/em><\/p>\n","protected":false},"excerpt":{"rendered":"<p>Cr\u00e9ateur : ApuntoB, Italie D\u00e9tails : Blouse \u00e0 encolure orn\u00e9e de petits fronces, manches kimono. Coupe carr\u00e9e. Vichy military black 54% Lin, 46% Gaze de laine ApuntoB est une marque italienne de mode, inspir\u00e9e par la ligne et la d\u00e9licatesse du pr\u00eat \u00e0 porter\u00a0 japonais, la marque cr\u00e9\u00e9 des v\u00eatements durables au caract\u00e8re singulier. Details [&hellip;]<\/p>\n","protected":false},"featured_media":3612604,"comment_status":"open","ping_status":"closed","template":"","meta":[],"product_brand":[],"product_cat":[],"product_tag":[],"acf":[],"_links":{"self":[{"href":"https:\/\/streetmarkets.fr\/app\/wp-json\/wp\/v2\/product\/3612603"}],"collection":[{"href":"https:\/\/streetmarkets.fr\/app\/wp-json\/wp\/v2\/product"}],"about":[{"href":"https:\/\/streetmarkets.fr\/app\/wp-json\/wp\/v2\/types\/product"}],"replies":[{"embeddable":true,"href":"https:\/\/streetmarkets.fr\/app\/wp-json\/wp\/v2\/comments?post=3612603"}],"wp:featuredmedia":[{"embeddable":true,"href":"https:\/\/streetmarkets.fr\/app\/wp-json\/wp\/v2\/media\/3612604"}],"wp:attachment":[{"href":"https:\/\/streetmarkets.fr\/app\/wp-json\/wp\/v2\/media?parent=3612603"}],"wp:term":[{"taxonomy":"product_brand","embeddable":true,"href":"https:\/\/streetmarkets.fr\/app\/wp-json\/wp\/v2\/product_brand?post=3612603"},{"taxonomy":"product_cat","embeddable":true,"href":"https:\/\/streetmarkets.fr\/app\/wp-json\/wp\/v2\/product_cat?post=3612603"},{"taxonomy":"product_tag","embeddable":true,"href":"https:\/\/streetmarkets.fr\/app\/wp-json\/wp\/v2\/product_tag?post=3612603"}],"curies":[{"name":"wp","href":"https:\/\/api.w.org\/{rel}","templated":true}]}}