{"id":3612581,"date":"2026-02-15T01:03:41","date_gmt":"2026-02-15T00:03:41","guid":{"rendered":"https:\/\/streetmarkets.fr\/app\/produit\/labo-art-bum-velluto-black-pant\/"},"modified":"2026-05-15T02:03:23","modified_gmt":"2026-05-15T00:03:23","slug":"labo-art-bum-velluto-black-pant","status":"publish","type":"product","link":"https:\/\/streetmarkets.fr\/app\/produit\/labo-art-bum-velluto-black-pant\/","title":{"rendered":"LABO ART BUM Velluto Black Pant"},"content":{"rendered":"<p><b>Cr\u00e9ateur :<\/b> Labo Art, Italie<\/p>\n<p><b>R\u00e9alisation : <\/b>Pantalon Bum Velluto, coupe ample, jambes larges, fermeture boutonn\u00e9e et zipp\u00e9e, deux poches lat\u00e9rales<\/p>\n<p>100 % coton<\/p>\n<p>La production de Labo.Art r\u00e9pond aux normes les plus \u00e9lev\u00e9es du \u00ab Made in Italy \u00bb.<\/p>\n<p><em>Detail : Bum Velluto trousers, loose fit, wide legs, button and zip fastening, two side pockets<\/em><\/p>\n<p><em>100% cotton<\/em><\/p>\n<p><em>Labo.Art\u2019s production meets the highest standards of \u201c Made in Italy \u201d.<\/em><\/p>\n","protected":false},"excerpt":{"rendered":"<p>Cr\u00e9ateur : Labo Art, Italie R\u00e9alisation : Pantalon Bum Velluto, coupe ample, jambes larges, fermeture boutonn\u00e9e et zipp\u00e9e, deux poches lat\u00e9rales 100 % coton La production de Labo.Art r\u00e9pond aux normes les plus \u00e9lev\u00e9es du \u00ab Made in Italy \u00bb. Detail : Bum Velluto trousers, loose fit, wide legs, button and zip fastening, two side [&hellip;]<\/p>\n","protected":false},"featured_media":3612582,"comment_status":"open","ping_status":"closed","template":"","meta":[],"product_brand":[],"product_cat":[],"product_tag":[],"acf":[],"_links":{"self":[{"href":"https:\/\/streetmarkets.fr\/app\/wp-json\/wp\/v2\/product\/3612581"}],"collection":[{"href":"https:\/\/streetmarkets.fr\/app\/wp-json\/wp\/v2\/product"}],"about":[{"href":"https:\/\/streetmarkets.fr\/app\/wp-json\/wp\/v2\/types\/product"}],"replies":[{"embeddable":true,"href":"https:\/\/streetmarkets.fr\/app\/wp-json\/wp\/v2\/comments?post=3612581"}],"wp:featuredmedia":[{"embeddable":true,"href":"https:\/\/streetmarkets.fr\/app\/wp-json\/wp\/v2\/media\/3612582"}],"wp:attachment":[{"href":"https:\/\/streetmarkets.fr\/app\/wp-json\/wp\/v2\/media?parent=3612581"}],"wp:term":[{"taxonomy":"product_brand","embeddable":true,"href":"https:\/\/streetmarkets.fr\/app\/wp-json\/wp\/v2\/product_brand?post=3612581"},{"taxonomy":"product_cat","embeddable":true,"href":"https:\/\/streetmarkets.fr\/app\/wp-json\/wp\/v2\/product_cat?post=3612581"},{"taxonomy":"product_tag","embeddable":true,"href":"https:\/\/streetmarkets.fr\/app\/wp-json\/wp\/v2\/product_tag?post=3612581"}],"curies":[{"name":"wp","href":"https:\/\/api.w.org\/{rel}","templated":true}]}}