{"id":3612559,"date":"2026-02-15T01:03:31","date_gmt":"2026-02-15T00:03:31","guid":{"rendered":"https:\/\/streetmarkets.fr\/app\/produit\/labo-art-certo-velluto-atlantico-pant\/"},"modified":"2026-05-14T02:02:06","modified_gmt":"2026-05-14T00:02:06","slug":"labo-art-certo-velluto-atlantico-pant","status":"publish","type":"product","link":"https:\/\/streetmarkets.fr\/app\/produit\/labo-art-certo-velluto-atlantico-pant\/","title":{"rendered":"LABO ART CERTO Velluto Atlantico Pant"},"content":{"rendered":"<p><b>Cr\u00e9ateur :<\/b> Labo Art, Italie<\/p>\n<p><b>R\u00e9alisation : <\/b>Pantalon Certo Velluto en c\u00f4tel\u00e9 de coton, taille \u00e9lastiqu\u00e9, poches lat\u00e9rales et ourlet large<\/p>\n<p>100 % coton<\/p>\n<p>La production de Labo.Art r\u00e9pond aux normes les plus \u00e9lev\u00e9es du \u00ab Made in Italy \u00bb.<\/p>\n<p><em>Detail :<\/em> <em>Certo Velluto ribbed cotton trousers with an elasticated waist, side pockets, and a wide hem<\/em><\/p>\n<p><em>100% cotton<\/em><\/p>\n<p><em>Labo.Art\u2019s production meets the highest standards of \u201c Made in Italy \u201d.<\/em><\/p>\n","protected":false},"excerpt":{"rendered":"<p>Cr\u00e9ateur : Labo Art, Italie R\u00e9alisation : Pantalon Certo Velluto en c\u00f4tel\u00e9 de coton, taille \u00e9lastiqu\u00e9, poches lat\u00e9rales et ourlet large 100 % coton La production de Labo.Art r\u00e9pond aux normes les plus \u00e9lev\u00e9es du \u00ab Made in Italy \u00bb. Detail : Certo Velluto ribbed cotton trousers with an elasticated waist, side pockets, and a [&hellip;]<\/p>\n","protected":false},"featured_media":3612560,"comment_status":"open","ping_status":"closed","template":"","meta":[],"product_brand":[],"product_cat":[],"product_tag":[],"acf":[],"_links":{"self":[{"href":"https:\/\/streetmarkets.fr\/app\/wp-json\/wp\/v2\/product\/3612559"}],"collection":[{"href":"https:\/\/streetmarkets.fr\/app\/wp-json\/wp\/v2\/product"}],"about":[{"href":"https:\/\/streetmarkets.fr\/app\/wp-json\/wp\/v2\/types\/product"}],"replies":[{"embeddable":true,"href":"https:\/\/streetmarkets.fr\/app\/wp-json\/wp\/v2\/comments?post=3612559"}],"wp:featuredmedia":[{"embeddable":true,"href":"https:\/\/streetmarkets.fr\/app\/wp-json\/wp\/v2\/media\/3612560"}],"wp:attachment":[{"href":"https:\/\/streetmarkets.fr\/app\/wp-json\/wp\/v2\/media?parent=3612559"}],"wp:term":[{"taxonomy":"product_brand","embeddable":true,"href":"https:\/\/streetmarkets.fr\/app\/wp-json\/wp\/v2\/product_brand?post=3612559"},{"taxonomy":"product_cat","embeddable":true,"href":"https:\/\/streetmarkets.fr\/app\/wp-json\/wp\/v2\/product_cat?post=3612559"},{"taxonomy":"product_tag","embeddable":true,"href":"https:\/\/streetmarkets.fr\/app\/wp-json\/wp\/v2\/product_tag?post=3612559"}],"curies":[{"name":"wp","href":"https:\/\/api.w.org\/{rel}","templated":true}]}}