{"id":3612530,"date":"2026-02-15T01:03:27","date_gmt":"2026-02-15T00:03:27","guid":{"rendered":"https:\/\/streetmarkets.fr\/app\/produit\/andersen-andersen-skipper-jacket-grey\/"},"modified":"2026-05-06T02:05:56","modified_gmt":"2026-05-06T00:05:56","slug":"andersen-andersen-skipper-jacket-grey","status":"publish","type":"product","link":"https:\/\/streetmarkets.fr\/app\/produit\/andersen-andersen-skipper-jacket-grey\/","title":{"rendered":"ANDERSEN-ANDERSEN SKIPPER Jacket Grey"},"content":{"rendered":"<p><strong>Cr\u00e9ateur :<\/strong> <a href=\"https:\/\/www.authentiqueparenthese.fr\/andersen-andersen\/\">Andersen-Andersen<\/a>, con\u00e7u au Danemark, tricot\u00e9 et li\u00e9 en Italie<\/p>\n<p><strong>R\u00e9alisation : <\/strong>La veste Skipper est un gilet cardigan \u00e0 la coupe inspir\u00e9e des blousons d&rsquo;aviateur.<\/p>\n<p>100 % pure laine vierge, issue de moutons Corriedale de Patagonie, teint\u00e9e et fil\u00e9e en Italie, tricot r\u00e9alis\u00e9 en Italie<\/p>\n<p>Point demi-cardigan<br \/>\n\u00c9chantillon 7<\/p>\n<p>Tricot enti\u00e8rement fa\u00e7onn\u00e9<br \/>\nAssemblages renforc\u00e9s par des points d&rsquo;arr\u00eat<br \/>\nPoches lat\u00e9rales \u00e0 bords roul\u00e9s<br \/>\nBoutons en corne v\u00e9ritable<\/p>\n<p>La veste Skipper est tricot\u00e9e de fa\u00e7on compacte et enti\u00e8rement fa\u00e7onn\u00e9e sur une machine \u00e0 tricoter rectiligne.<\/p>\n<p><em>The Skipper jacket is a cardigan-style vest with a cut inspired by aviator jackets.<\/em><\/p>\n<p><em>100% pure virgin wool from Patagonian Corriedale sheep, dyed and spun in Italy, knitted in Italy<\/em><\/p>\n<p><em>Half-cardigan stitch<\/em><br \/>\n<em>Swatch 7<\/em><\/p>\n<p><em>Fully shaped knit<\/em><br \/>\n<em>Seams reinforced with bar tacks<\/em><br \/>\n<em>Side pockets with rolled edges<\/em><br \/>\n<em>Genuine horn buttons<\/em><\/p>\n<p><em>The Skipper jacket is tightly knitted and fully shaped on a flat knitting machine.<\/em><\/p>\n","protected":false},"excerpt":{"rendered":"<p>Cr\u00e9ateur : Andersen-Andersen, con\u00e7u au Danemark, tricot\u00e9 et li\u00e9 en Italie R\u00e9alisation : La veste Skipper est un gilet cardigan \u00e0 la coupe inspir\u00e9e des blousons d&rsquo;aviateur. 100 % pure laine vierge, issue de moutons Corriedale de Patagonie, teint\u00e9e et fil\u00e9e en Italie, tricot r\u00e9alis\u00e9 en Italie Point demi-cardigan \u00c9chantillon 7 Tricot enti\u00e8rement fa\u00e7onn\u00e9 Assemblages [&hellip;]<\/p>\n","protected":false},"featured_media":3612531,"comment_status":"open","ping_status":"closed","template":"","meta":[],"product_brand":[],"product_cat":[],"product_tag":[],"acf":[],"_links":{"self":[{"href":"https:\/\/streetmarkets.fr\/app\/wp-json\/wp\/v2\/product\/3612530"}],"collection":[{"href":"https:\/\/streetmarkets.fr\/app\/wp-json\/wp\/v2\/product"}],"about":[{"href":"https:\/\/streetmarkets.fr\/app\/wp-json\/wp\/v2\/types\/product"}],"replies":[{"embeddable":true,"href":"https:\/\/streetmarkets.fr\/app\/wp-json\/wp\/v2\/comments?post=3612530"}],"wp:featuredmedia":[{"embeddable":true,"href":"https:\/\/streetmarkets.fr\/app\/wp-json\/wp\/v2\/media\/3612531"}],"wp:attachment":[{"href":"https:\/\/streetmarkets.fr\/app\/wp-json\/wp\/v2\/media?parent=3612530"}],"wp:term":[{"taxonomy":"product_brand","embeddable":true,"href":"https:\/\/streetmarkets.fr\/app\/wp-json\/wp\/v2\/product_brand?post=3612530"},{"taxonomy":"product_cat","embeddable":true,"href":"https:\/\/streetmarkets.fr\/app\/wp-json\/wp\/v2\/product_cat?post=3612530"},{"taxonomy":"product_tag","embeddable":true,"href":"https:\/\/streetmarkets.fr\/app\/wp-json\/wp\/v2\/product_tag?post=3612530"}],"curies":[{"name":"wp","href":"https:\/\/api.w.org\/{rel}","templated":true}]}}