{"id":3612514,"date":"2026-02-15T01:03:24","date_gmt":"2026-02-15T00:03:24","guid":{"rendered":"https:\/\/streetmarkets.fr\/app\/produit\/coldbreaker-gilet-pepitko-dark-brown\/"},"modified":"2026-05-06T02:05:56","modified_gmt":"2026-05-06T00:05:56","slug":"coldbreaker-gilet-pepitko-dark-brown","status":"publish","type":"product","link":"https:\/\/streetmarkets.fr\/app\/produit\/coldbreaker-gilet-pepitko-dark-brown\/","title":{"rendered":"COLDBREAKER Gilet PEPITKO Dark brown"},"content":{"rendered":"<p style=\"text-align: left\"><strong>Cr\u00e9ateur :<\/strong> Coldbreaker, Irlande<\/p>\n<p><strong>R\u00e9alisation : <\/strong>100% laine irlandaise, velours de laine boucl\u00e9, fermeture zipp\u00e9e<\/p>\n<p>2 poches \u00e0 main plaqu\u00e9es, bordures gans\u00e9es extensibles, coupe droite<\/p>\n<p>Code : Dark brown<\/p>\n<p id=\"tw-target-text\" class=\"tw-data-text tw-text-large tw-ta\" dir=\"ltr\" data-placeholder=\"Traduction\" data-ved=\"2ahUKEwid4ZjV7syJAxWRKvsDHa5XDwYQ3ewLegQICRAU\" aria-label=\"Texte traduit\u00a0: 100% Irish wool, looped wool velvet, zip fastening 2 patch hand pockets, stretch braided edges, straight cut\"><em><span class=\"Y2IQFc\" lang=\"en\">100% Irish wool, looped wool velvet, zip fastening 2 patch hand pockets, stretch braided edges, straight cut<\/span><\/em><\/p>\n<p>&nbsp;<\/p>\n","protected":false},"excerpt":{"rendered":"<p>Cr\u00e9ateur : Coldbreaker, Irlande R\u00e9alisation : 100% laine irlandaise, velours de laine boucl\u00e9, fermeture zipp\u00e9e 2 poches \u00e0 main plaqu\u00e9es, bordures gans\u00e9es extensibles, coupe droite Code : Dark brown 100% Irish wool, looped wool velvet, zip fastening 2 patch hand pockets, stretch braided edges, straight cut &nbsp;<\/p>\n","protected":false},"featured_media":3612515,"comment_status":"open","ping_status":"closed","template":"","meta":[],"product_brand":[],"product_cat":[],"product_tag":[],"acf":[],"_links":{"self":[{"href":"https:\/\/streetmarkets.fr\/app\/wp-json\/wp\/v2\/product\/3612514"}],"collection":[{"href":"https:\/\/streetmarkets.fr\/app\/wp-json\/wp\/v2\/product"}],"about":[{"href":"https:\/\/streetmarkets.fr\/app\/wp-json\/wp\/v2\/types\/product"}],"replies":[{"embeddable":true,"href":"https:\/\/streetmarkets.fr\/app\/wp-json\/wp\/v2\/comments?post=3612514"}],"wp:featuredmedia":[{"embeddable":true,"href":"https:\/\/streetmarkets.fr\/app\/wp-json\/wp\/v2\/media\/3612515"}],"wp:attachment":[{"href":"https:\/\/streetmarkets.fr\/app\/wp-json\/wp\/v2\/media?parent=3612514"}],"wp:term":[{"taxonomy":"product_brand","embeddable":true,"href":"https:\/\/streetmarkets.fr\/app\/wp-json\/wp\/v2\/product_brand?post=3612514"},{"taxonomy":"product_cat","embeddable":true,"href":"https:\/\/streetmarkets.fr\/app\/wp-json\/wp\/v2\/product_cat?post=3612514"},{"taxonomy":"product_tag","embeddable":true,"href":"https:\/\/streetmarkets.fr\/app\/wp-json\/wp\/v2\/product_tag?post=3612514"}],"curies":[{"name":"wp","href":"https:\/\/api.w.org\/{rel}","templated":true}]}}