{"id":3612502,"date":"2026-02-15T01:03:23","date_gmt":"2026-02-15T00:03:23","guid":{"rendered":"https:\/\/streetmarkets.fr\/app\/produit\/goldwin-pertex-quantum-down-parka-black\/"},"modified":"2026-04-11T02:05:26","modified_gmt":"2026-04-11T00:05:26","slug":"goldwin-pertex-quantum-down-parka-black","status":"publish","type":"product","link":"https:\/\/streetmarkets.fr\/app\/produit\/goldwin-pertex-quantum-down-parka-black\/","title":{"rendered":"GOLDWIN Pertex QUANTUM Down Parka Black"},"content":{"rendered":"<p><b>Cr\u00e9ateur :<\/b> GOLDWIN, Japan<\/p>\n<p><b>Detail : <\/b>PERTEX QUANTUM 100 % nylon<br \/>\nDoublure, Taffetas antistatique (100 % nylon)<br \/>\nGarnissage, 80 % duvet, 20 % plumes<\/p>\n<p>Une parka l\u00e9g\u00e8re en duvet gonflant, offrant chaleur et polyvalence, id\u00e9ale pour un style urbain comme pour les activit\u00e9s de plein air.<\/p>\n<p>Confectionn\u00e9e en tissu ripstop Pertex Quantum, coupe-vent, d\u00e9perlant et tr\u00e8s r\u00e9sistant aux d\u00e9chirures malgr\u00e9 sa construction en fil fin.<br \/>\nGarnie de CLEANDOWN, un duvet de canard vierge de haute qualit\u00e9 alliant gonflant et l\u00e9g\u00e8ret\u00e9, optimis\u00e9 gr\u00e2ce \u00e0 une technologie de nettoyage avanc\u00e9e pour une performance naturelle optimale.<br \/>\nLa structure unique \u00e0 compartiments concentre le duvet au centre du dos pour une r\u00e9tention optimale de la chaleur.<br \/>\nLes tubes dorsaux autour du cou r\u00e9duisent les points froids et am\u00e9liorent l&rsquo;isolation.<br \/>\nLe panneau avant pr\u00e9sente la courbe \u00ab\u00a0Spur Line\u00a0\u00bb signature de Goldwin, inspir\u00e9e des v\u00eatements de ski, ajoutant une touche de design subtile.<br \/>\nDes poches chauffe-mains sont int\u00e9gr\u00e9es aux coutures lat\u00e9rales, avec des poches int\u00e9rieures suppl\u00e9mentaires pour un grand espace de rangement.<br \/>\nFabriqu\u00e9e en partie \u00e0 partir de fils recycl\u00e9s pour r\u00e9duire l&rsquo;impact environnemental.<\/p>\n<p>Code : GL25337<\/p>\n<p id=\"tw-target-text\" class=\"tw-data-text tw-text-large tw-ta\" dir=\"ltr\" data-placeholder=\"Traduction\" data-ved=\"2ahUKEwiYw8Sx8KuJAxX_VqQEHWAxCHIQ3ewLegQIAxAU\" aria-label=\"Texte traduit\u00a0: Zip-up jacket with the heat retention and moisture control properties of wool. Slightly loose silhouette that can be adjusted with the drawstring hem. Mesh lining for easy layering. Elbows to protect against chafing. Hip pockets with zippers on both sides. Recycled yarn is partially used to reduce environmental impact.\">\n","protected":false},"excerpt":{"rendered":"<p>Cr\u00e9ateur : GOLDWIN, Japan Detail : PERTEX QUANTUM 100 % nylon Doublure, Taffetas antistatique (100 % nylon) Garnissage, 80 % duvet, 20 % plumes Une parka l\u00e9g\u00e8re en duvet gonflant, offrant chaleur et polyvalence, id\u00e9ale pour un style urbain comme pour les activit\u00e9s de plein air. Confectionn\u00e9e en tissu ripstop Pertex Quantum, coupe-vent, d\u00e9perlant et [&hellip;]<\/p>\n","protected":false},"featured_media":3612503,"comment_status":"open","ping_status":"closed","template":"","meta":[],"product_brand":[],"product_cat":[],"product_tag":[],"acf":[],"_links":{"self":[{"href":"https:\/\/streetmarkets.fr\/app\/wp-json\/wp\/v2\/product\/3612502"}],"collection":[{"href":"https:\/\/streetmarkets.fr\/app\/wp-json\/wp\/v2\/product"}],"about":[{"href":"https:\/\/streetmarkets.fr\/app\/wp-json\/wp\/v2\/types\/product"}],"replies":[{"embeddable":true,"href":"https:\/\/streetmarkets.fr\/app\/wp-json\/wp\/v2\/comments?post=3612502"}],"wp:featuredmedia":[{"embeddable":true,"href":"https:\/\/streetmarkets.fr\/app\/wp-json\/wp\/v2\/media\/3612503"}],"wp:attachment":[{"href":"https:\/\/streetmarkets.fr\/app\/wp-json\/wp\/v2\/media?parent=3612502"}],"wp:term":[{"taxonomy":"product_brand","embeddable":true,"href":"https:\/\/streetmarkets.fr\/app\/wp-json\/wp\/v2\/product_brand?post=3612502"},{"taxonomy":"product_cat","embeddable":true,"href":"https:\/\/streetmarkets.fr\/app\/wp-json\/wp\/v2\/product_cat?post=3612502"},{"taxonomy":"product_tag","embeddable":true,"href":"https:\/\/streetmarkets.fr\/app\/wp-json\/wp\/v2\/product_tag?post=3612502"}],"curies":[{"name":"wp","href":"https:\/\/api.w.org\/{rel}","templated":true}]}}