{"id":3612496,"date":"2026-02-15T01:03:22","date_gmt":"2026-02-15T00:03:22","guid":{"rendered":"https:\/\/streetmarkets.fr\/app\/produit\/g-lab-joy-midnight-parka\/"},"modified":"2026-05-06T02:05:38","modified_gmt":"2026-05-06T00:05:38","slug":"g-lab-joy-midnight-parka","status":"publish","type":"product","link":"https:\/\/streetmarkets.fr\/app\/produit\/g-lab-joy-midnight-parka\/","title":{"rendered":"G-LAB JOY Midnight Parka"},"content":{"rendered":"<p><b>Cr\u00e9ateur :<\/b> G-LAB, Allemagne<\/p>\n<p><b>R\u00e9alisation : <\/b>Rembourrage PrimaLoft\u00ae Silver doux, extra chaud de 133 g avec un niveau de chaleur jusqu&rsquo;\u00e0 -15\u00b0 Celsius. PrimaLoft\u00ae Silver est compos\u00e9 \u00e0 100 % de polyester recycl\u00e9. Imperm\u00e9able, coupe-vent, respirant Concept 2 en 1 pour un usage polyvalent en toutes saisons : la doublure thermique chauffante avec doublure de capuche confortable peut \u00eatre facilement retir\u00e9e pour des temp\u00e9ratures plus chaudes. Capuche enti\u00e8rement r\u00e9glable avec ruban tricot\u00e9 doux, incrustation amovible avec la doublure thermique Coutures enti\u00e8rement scell\u00e9es 2 grandes poches zipp\u00e9es Poche int\u00e9rieure avec fermeture \u00e9clair, cach\u00e9e dans la poche ext\u00e9rieure droite. Ajustement de la taille au dos. Ajustement de l&rsquo;ourlet avec poche cach\u00e9e pour ranger le cordon. Ajustement des manches avec bouton pression Poignets coupe-vent chauds en tricot doux. Finition anti-salissures et anti-d\u00e9versements Fermeture \u00e9clair YKK\u00ae-Metaluxe\u00ae sur le devant avec long rabat coupe-vent matelass\u00e9 Bande r\u00e9fl\u00e9chissante 3M\u2122 Scotchlite\u2122 sur la capuche Boucle de suspension orange embl\u00e9matique. Lavable en machine<\/p>\n<p id=\"tw-target-text\" class=\"tw-data-text tw-text-large tw-ta\" dir=\"ltr\" data-placeholder=\"Traduction\" data-ved=\"2ahUKEwiq0e6trNyJAxXFaqQEHWWzC7IQ3ewLegQICRAU\" aria-label=\"Texte traduit\u00a0: Soft, extra warm 133g PrimaLoft\u00ae Silver filling with a warmth level down to -15\u00b0 Celsius. PrimaLoft\u00ae Silver is made from 100% recycled polyester. Waterproof, windproof, breathable 2 in 1 concept for versatile use in all seasons: the heated thermal liner with comfortable hood liner can be easily removed for warmer temperatures. Fully adjustable hood with soft knitted ribbon, removable inlay with thermal lining Fully taped seams 2 large zipped pockets Interior pocket with zip, hidden in the right exterior pocket. Waist adjustment at the back. Hem adjustment with hidden pocket for cord storage. Sleeve adjustment with press stud. Warm windproof cuffs in soft knit. Dirt- and spill-proof finish YKK\u00ae-Metaluxe\u00ae front zipper with long padded storm flap 3M\u2122 Scotchlite\u2122 reflective stripe on hood Signature orange hanger loop. Machine washable\"><em><span class=\"Y2IQFc\" lang=\"en\">Soft, extra warm 133g PrimaLoft\u00ae Silver filling with a warmth level down to -15\u00b0 Celsius. PrimaLoft\u00ae Silver is made from 100% recycled polyester. Waterproof, windproof, breathable 2 in 1 concept for versatile use in all seasons: the heated thermal liner with comfortable hood liner can be easily removed for warmer temperatures. Fully adjustable hood with soft knitted ribbon, removable inlay with thermal lining Fully taped seams 2 large zipped pockets Interior pocket with zip, hidden in the right exterior pocket. Waist adjustment at the back. Hem adjustment with hidden pocket for cord storage. Sleeve adjustment with press stud. Warm windproof cuffs in soft knit. Dirt- and spill-proof finish YKK\u00ae-Metaluxe\u00ae front zipper with long padded storm flap 3M\u2122 Scotchlite\u2122 reflective stripe on hood Signature orange hanger loop. Machine washable<\/span><\/em><\/p>\n<p>&nbsp;<\/p>\n","protected":false},"excerpt":{"rendered":"<p>Cr\u00e9ateur : G-LAB, Allemagne R\u00e9alisation : Rembourrage PrimaLoft\u00ae Silver doux, extra chaud de 133 g avec un niveau de chaleur jusqu&rsquo;\u00e0 -15\u00b0 Celsius. PrimaLoft\u00ae Silver est compos\u00e9 \u00e0 100 % de polyester recycl\u00e9. Imperm\u00e9able, coupe-vent, respirant Concept 2 en 1 pour un usage polyvalent en toutes saisons : la doublure thermique chauffante avec doublure de [&hellip;]<\/p>\n","protected":false},"featured_media":3612497,"comment_status":"open","ping_status":"closed","template":"","meta":[],"product_brand":[],"product_cat":[],"product_tag":[],"acf":[],"_links":{"self":[{"href":"https:\/\/streetmarkets.fr\/app\/wp-json\/wp\/v2\/product\/3612496"}],"collection":[{"href":"https:\/\/streetmarkets.fr\/app\/wp-json\/wp\/v2\/product"}],"about":[{"href":"https:\/\/streetmarkets.fr\/app\/wp-json\/wp\/v2\/types\/product"}],"replies":[{"embeddable":true,"href":"https:\/\/streetmarkets.fr\/app\/wp-json\/wp\/v2\/comments?post=3612496"}],"wp:featuredmedia":[{"embeddable":true,"href":"https:\/\/streetmarkets.fr\/app\/wp-json\/wp\/v2\/media\/3612497"}],"wp:attachment":[{"href":"https:\/\/streetmarkets.fr\/app\/wp-json\/wp\/v2\/media?parent=3612496"}],"wp:term":[{"taxonomy":"product_brand","embeddable":true,"href":"https:\/\/streetmarkets.fr\/app\/wp-json\/wp\/v2\/product_brand?post=3612496"},{"taxonomy":"product_cat","embeddable":true,"href":"https:\/\/streetmarkets.fr\/app\/wp-json\/wp\/v2\/product_cat?post=3612496"},{"taxonomy":"product_tag","embeddable":true,"href":"https:\/\/streetmarkets.fr\/app\/wp-json\/wp\/v2\/product_tag?post=3612496"}],"curies":[{"name":"wp","href":"https:\/\/api.w.org\/{rel}","templated":true}]}}