{"id":3612483,"date":"2026-02-15T01:03:21","date_gmt":"2026-02-15T00:03:21","guid":{"rendered":"https:\/\/streetmarkets.fr\/app\/produit\/nanamica-alphadry-woman-fatigue-pant-black\/"},"modified":"2026-05-14T02:02:06","modified_gmt":"2026-05-14T00:02:06","slug":"nanamica-alphadry-woman-fatigue-pant-black","status":"publish","type":"product","link":"https:\/\/streetmarkets.fr\/app\/produit\/nanamica-alphadry-woman-fatigue-pant-black\/","title":{"rendered":"NANAMICA ALPHADRY Woman Fatigue Pant Black"},"content":{"rendered":"<div class=\"woocommerce-product-details__short-description\">\n<p><b>Cr\u00e9ateur :<\/b> NANAMICA, Japan<\/p>\n<p><b>Detail : <\/b>Ce pantalon de surv\u00eatement utilise la technologie ALPHADRY\u00ae, qui \u00e9vacue efficacement l&rsquo;humidit\u00e9, s\u00e8che rapidement et est extensible.<\/p>\n<p>Les poches lat\u00e9rales pr\u00e9sentent un design minimaliste avec un tissu int\u00e9rieur et des coutures apparentes \u00e0 l&rsquo;ext\u00e9rieur.<br \/>\nDes pattes sur le c\u00f4t\u00e9 de la taille permettent d&rsquo;ajuster la taille.<br \/>\nDes boutons \u00e0 l&rsquo;ourlet permettent d&rsquo;ajuster la taille.<\/p>\n<p>Tissu extensible ALPHADRY\u00ae (76 % polyester, 24 % polyester \u00e9lasthanne)<\/p>\n<p><em>These sweatpants feature ALPHADRY\u00ae technology, which effectively wicks away moisture, dries quickly, and is stretchy.<\/em><\/p>\n<p><em>The side pockets feature a minimalist design with an interior fabric and exposed seams on the exterior.<\/em><br \/>\n<em>Tabs on the side of the waistband allow for waist adjustment.<\/em><br \/>\n<em>Buttons at the hem allow for waist adjustment.<\/em><\/p>\n<\/div>\n","protected":false},"excerpt":{"rendered":"<p>Cr\u00e9ateur : NANAMICA, Japan Detail : Ce pantalon de surv\u00eatement utilise la technologie ALPHADRY\u00ae, qui \u00e9vacue efficacement l&rsquo;humidit\u00e9, s\u00e8che rapidement et est extensible. Les poches lat\u00e9rales pr\u00e9sentent un design minimaliste avec un tissu int\u00e9rieur et des coutures apparentes \u00e0 l&rsquo;ext\u00e9rieur. Des pattes sur le c\u00f4t\u00e9 de la taille permettent d&rsquo;ajuster la taille. Des boutons \u00e0 [&hellip;]<\/p>\n","protected":false},"featured_media":3612484,"comment_status":"open","ping_status":"closed","template":"","meta":[],"product_brand":[],"product_cat":[],"product_tag":[],"acf":[],"_links":{"self":[{"href":"https:\/\/streetmarkets.fr\/app\/wp-json\/wp\/v2\/product\/3612483"}],"collection":[{"href":"https:\/\/streetmarkets.fr\/app\/wp-json\/wp\/v2\/product"}],"about":[{"href":"https:\/\/streetmarkets.fr\/app\/wp-json\/wp\/v2\/types\/product"}],"replies":[{"embeddable":true,"href":"https:\/\/streetmarkets.fr\/app\/wp-json\/wp\/v2\/comments?post=3612483"}],"wp:featuredmedia":[{"embeddable":true,"href":"https:\/\/streetmarkets.fr\/app\/wp-json\/wp\/v2\/media\/3612484"}],"wp:attachment":[{"href":"https:\/\/streetmarkets.fr\/app\/wp-json\/wp\/v2\/media?parent=3612483"}],"wp:term":[{"taxonomy":"product_brand","embeddable":true,"href":"https:\/\/streetmarkets.fr\/app\/wp-json\/wp\/v2\/product_brand?post=3612483"},{"taxonomy":"product_cat","embeddable":true,"href":"https:\/\/streetmarkets.fr\/app\/wp-json\/wp\/v2\/product_cat?post=3612483"},{"taxonomy":"product_tag","embeddable":true,"href":"https:\/\/streetmarkets.fr\/app\/wp-json\/wp\/v2\/product_tag?post=3612483"}],"curies":[{"name":"wp","href":"https:\/\/api.w.org\/{rel}","templated":true}]}}