{"id":3612477,"date":"2026-02-15T01:03:21","date_gmt":"2026-02-15T00:03:21","guid":{"rendered":"https:\/\/streetmarkets.fr\/app\/produit\/nanamica-2l-nylon-gore-tex-hooded-coat-dark-navy\/"},"modified":"2026-05-03T02:01:50","modified_gmt":"2026-05-03T00:01:50","slug":"nanamica-2l-nylon-gore-tex-hooded-coat-dark-navy","status":"publish","type":"product","link":"https:\/\/streetmarkets.fr\/app\/produit\/nanamica-2l-nylon-gore-tex-hooded-coat-dark-navy\/","title":{"rendered":"NANAMICA 2L NYLON GORE-Tex Hooded Coat Dark Navy"},"content":{"rendered":"<div class=\"woocommerce-product-details__short-description\">\n<p><b>Cr\u00e9ateur :<\/b> NANAMICA, Japan<\/p>\n<p><b>Detail : <\/b>Manteau long \u00e0 capuche.<br \/>\nRespectueux de l&rsquo;environnement, il est fabriqu\u00e9 en tissu ePE GORE-TEX double couche avec membrane imperm\u00e9able et respirante sans fluor et traitement d\u00e9perlant. Coutures thermocoll\u00e9es.<br \/>\nTissu ext\u00e9rieur en nylon recycl\u00e9, doublure en coton biologique\/Coolmax\u00ae.<br \/>\nCon\u00e7u pour un look \u00e9quilibr\u00e9 autour du cou lors des superpositions.<br \/>\nManches raglan simples.<br \/>\nUne poche int\u00e9rieure \u00e0 gauche de la poitrine permet de glisser rapidement un passeport, un billet, etc. sans avoir \u00e0 retirer le v\u00eatement.<\/p>\n<p>100 % nylon<\/p>\n<p><em>Long hooded coat.<\/em><br \/>\n<em>Eco-friendly, it&rsquo;s made of double-layer GORE-TEX ePE fabric with a fluorine-free waterproof and breathable membrane and water-repellent treatment. Taped seams.<\/em><br \/>\n<em>Recycled nylon outer fabric, organic cotton\/Coolmax\u00ae lining.<\/em><br \/>\n<em>Designed for a balanced look around the neck when layered.<\/em><br \/>\n<em>Single-breasted raglan sleeves.<\/em><br \/>\n<em>An interior pocket on the left chest allows you to quickly stash a passport, ticket, etc. without having to remove the garment.<\/em><\/p>\n<p>&nbsp;<\/p>\n<\/div>\n","protected":false},"excerpt":{"rendered":"<p>Cr\u00e9ateur : NANAMICA, Japan Detail : Manteau long \u00e0 capuche. Respectueux de l&rsquo;environnement, il est fabriqu\u00e9 en tissu ePE GORE-TEX double couche avec membrane imperm\u00e9able et respirante sans fluor et traitement d\u00e9perlant. Coutures thermocoll\u00e9es. Tissu ext\u00e9rieur en nylon recycl\u00e9, doublure en coton biologique\/Coolmax\u00ae. Con\u00e7u pour un look \u00e9quilibr\u00e9 autour du cou lors des superpositions. Manches [&hellip;]<\/p>\n","protected":false},"featured_media":3612478,"comment_status":"open","ping_status":"closed","template":"","meta":[],"product_brand":[],"product_cat":[],"product_tag":[],"acf":[],"_links":{"self":[{"href":"https:\/\/streetmarkets.fr\/app\/wp-json\/wp\/v2\/product\/3612477"}],"collection":[{"href":"https:\/\/streetmarkets.fr\/app\/wp-json\/wp\/v2\/product"}],"about":[{"href":"https:\/\/streetmarkets.fr\/app\/wp-json\/wp\/v2\/types\/product"}],"replies":[{"embeddable":true,"href":"https:\/\/streetmarkets.fr\/app\/wp-json\/wp\/v2\/comments?post=3612477"}],"wp:featuredmedia":[{"embeddable":true,"href":"https:\/\/streetmarkets.fr\/app\/wp-json\/wp\/v2\/media\/3612478"}],"wp:attachment":[{"href":"https:\/\/streetmarkets.fr\/app\/wp-json\/wp\/v2\/media?parent=3612477"}],"wp:term":[{"taxonomy":"product_brand","embeddable":true,"href":"https:\/\/streetmarkets.fr\/app\/wp-json\/wp\/v2\/product_brand?post=3612477"},{"taxonomy":"product_cat","embeddable":true,"href":"https:\/\/streetmarkets.fr\/app\/wp-json\/wp\/v2\/product_cat?post=3612477"},{"taxonomy":"product_tag","embeddable":true,"href":"https:\/\/streetmarkets.fr\/app\/wp-json\/wp\/v2\/product_tag?post=3612477"}],"curies":[{"name":"wp","href":"https:\/\/api.w.org\/{rel}","templated":true}]}}