{"id":3612447,"date":"2026-02-15T01:03:17","date_gmt":"2026-02-15T00:03:17","guid":{"rendered":"https:\/\/streetmarkets.fr\/app\/produit\/mhl-longline-shirt-compact-cotton-poplin-white\/"},"modified":"2026-05-06T02:05:38","modified_gmt":"2026-05-06T00:05:38","slug":"mhl-longline-shirt-compact-cotton-poplin-white","status":"publish","type":"product","link":"https:\/\/streetmarkets.fr\/app\/produit\/mhl-longline-shirt-compact-cotton-poplin-white\/","title":{"rendered":"MHL Longline Shirt Compact Cotton Poplin White"},"content":{"rendered":"<p><b>Cr\u00e9ateur :<\/b> MHL, by Margareth howell<\/p>\n<p><b>R\u00e9alisation : <\/b>Chemise longue, coupe d\u00e9contract\u00e9e, confectionn\u00e9e en popeline de coton au toucher l\u00e9g\u00e8rement bross\u00e9 et papier. Cette chemise minimaliste est dot\u00e9e d&rsquo;une large patte de boutonnage surpiqu\u00e9e et d&rsquo;un empi\u00e8cement dos pliss\u00e9 avec un ourlet allong\u00e9.<\/p>\n<p>Coupe d\u00e9contract\u00e9e et longueur plus longue<br \/>\nFinition avec boutons en corozo<br \/>\nFabriqu\u00e9e au Portugal<br \/>\n100 % coton<br \/>\nLavable en machine<\/p>\n<p>Code produit WHSH0521A25LBUWHI<\/p>\n<p><em>Long, relaxed-fit shirt crafted from cotton poplin with a lightly brushed, papery feel. This minimalist shirt features a wide, topstitched button placket and a pleated back yoke with an elongated hem.<\/em><\/p>\n<p><em>Relaxed fit and longer length<\/em><br \/>\n<em>Finish with corozo buttons<\/em><br \/>\n<em>Made in Portugal<\/em><br \/>\n<em>100% cotton<\/em><br \/>\n<em>Machine washable<\/em><\/p>\n<p><em>Product code WHSH0521A25LBUWHI<\/em><\/p>\n","protected":false},"excerpt":{"rendered":"<p>Cr\u00e9ateur : MHL, by Margareth howell R\u00e9alisation : Chemise longue, coupe d\u00e9contract\u00e9e, confectionn\u00e9e en popeline de coton au toucher l\u00e9g\u00e8rement bross\u00e9 et papier. Cette chemise minimaliste est dot\u00e9e d&rsquo;une large patte de boutonnage surpiqu\u00e9e et d&rsquo;un empi\u00e8cement dos pliss\u00e9 avec un ourlet allong\u00e9. Coupe d\u00e9contract\u00e9e et longueur plus longue Finition avec boutons en corozo Fabriqu\u00e9e [&hellip;]<\/p>\n","protected":false},"featured_media":3612448,"comment_status":"open","ping_status":"closed","template":"","meta":[],"product_brand":[],"product_cat":[],"product_tag":[],"acf":[],"_links":{"self":[{"href":"https:\/\/streetmarkets.fr\/app\/wp-json\/wp\/v2\/product\/3612447"}],"collection":[{"href":"https:\/\/streetmarkets.fr\/app\/wp-json\/wp\/v2\/product"}],"about":[{"href":"https:\/\/streetmarkets.fr\/app\/wp-json\/wp\/v2\/types\/product"}],"replies":[{"embeddable":true,"href":"https:\/\/streetmarkets.fr\/app\/wp-json\/wp\/v2\/comments?post=3612447"}],"wp:featuredmedia":[{"embeddable":true,"href":"https:\/\/streetmarkets.fr\/app\/wp-json\/wp\/v2\/media\/3612448"}],"wp:attachment":[{"href":"https:\/\/streetmarkets.fr\/app\/wp-json\/wp\/v2\/media?parent=3612447"}],"wp:term":[{"taxonomy":"product_brand","embeddable":true,"href":"https:\/\/streetmarkets.fr\/app\/wp-json\/wp\/v2\/product_brand?post=3612447"},{"taxonomy":"product_cat","embeddable":true,"href":"https:\/\/streetmarkets.fr\/app\/wp-json\/wp\/v2\/product_cat?post=3612447"},{"taxonomy":"product_tag","embeddable":true,"href":"https:\/\/streetmarkets.fr\/app\/wp-json\/wp\/v2\/product_tag?post=3612447"}],"curies":[{"name":"wp","href":"https:\/\/api.w.org\/{rel}","templated":true}]}}