{"id":3612417,"date":"2026-02-15T01:03:07","date_gmt":"2026-02-15T00:03:07","guid":{"rendered":"https:\/\/streetmarkets.fr\/app\/produit\/apuntob-chemise-p1022-ts875-papavero-blue\/"},"modified":"2026-05-06T02:05:38","modified_gmt":"2026-05-06T00:05:38","slug":"apuntob-chemise-p1022-ts875-papavero-blue","status":"publish","type":"product","link":"https:\/\/streetmarkets.fr\/app\/produit\/apuntob-chemise-p1022-ts875-papavero-blue\/","title":{"rendered":"APUNTOB Chemise P1022\/ TS875 Papavero blue"},"content":{"rendered":"<p><b>Cr\u00e9ateur :<\/b> ApuntoB, Italie<\/p>\n<p><b>D\u00e9tails : <\/b><span class=\"Y2IQFc\" lang=\"fr\">Chemise <\/span><span class=\"Y2IQFc\" lang=\"fr\">col bateau, coutures \u00e9paules tombantes, manches 3\/4. coupe ample.<\/span><\/p>\n<p>100 % lin<\/p>\n<p>ApuntoB est une marque italienne de mode, inspir\u00e9e par la ligne et la d\u00e9licatesse du pr\u00eat \u00e0 porter\u00a0 japonais, la marque cr\u00e9\u00e9 des v\u00eatements durables au caract\u00e8re singulier.<\/p>\n<p><em>Details : 100% linen, b<\/em><span class=\"Y2IQFc\" lang=\"en\">oat neck shirt, dropped shoulder seams, 3\/4 sleeves. Loose fit<\/span><\/p>\n<p><em>ApuntoB is an Italian fashion brand, inspired by the line and delicacy of Japanese ready-to-wear, the brand creates sustainable clothing with a singular character.<\/em><\/p>\n<p style=\"text-align: center\">APUNTOB Chemise P1022\/ TS875 Papavero blue<\/p>\n","protected":false},"excerpt":{"rendered":"<p>Cr\u00e9ateur : ApuntoB, Italie D\u00e9tails : Chemise col bateau, coutures \u00e9paules tombantes, manches 3\/4. coupe ample. 100 % lin ApuntoB est une marque italienne de mode, inspir\u00e9e par la ligne et la d\u00e9licatesse du pr\u00eat \u00e0 porter\u00a0 japonais, la marque cr\u00e9\u00e9 des v\u00eatements durables au caract\u00e8re singulier. Details : 100% linen, boat neck shirt, dropped [&hellip;]<\/p>\n","protected":false},"featured_media":3612418,"comment_status":"open","ping_status":"closed","template":"","meta":[],"product_brand":[],"product_cat":[],"product_tag":[],"acf":[],"_links":{"self":[{"href":"https:\/\/streetmarkets.fr\/app\/wp-json\/wp\/v2\/product\/3612417"}],"collection":[{"href":"https:\/\/streetmarkets.fr\/app\/wp-json\/wp\/v2\/product"}],"about":[{"href":"https:\/\/streetmarkets.fr\/app\/wp-json\/wp\/v2\/types\/product"}],"replies":[{"embeddable":true,"href":"https:\/\/streetmarkets.fr\/app\/wp-json\/wp\/v2\/comments?post=3612417"}],"wp:featuredmedia":[{"embeddable":true,"href":"https:\/\/streetmarkets.fr\/app\/wp-json\/wp\/v2\/media\/3612418"}],"wp:attachment":[{"href":"https:\/\/streetmarkets.fr\/app\/wp-json\/wp\/v2\/media?parent=3612417"}],"wp:term":[{"taxonomy":"product_brand","embeddable":true,"href":"https:\/\/streetmarkets.fr\/app\/wp-json\/wp\/v2\/product_brand?post=3612417"},{"taxonomy":"product_cat","embeddable":true,"href":"https:\/\/streetmarkets.fr\/app\/wp-json\/wp\/v2\/product_cat?post=3612417"},{"taxonomy":"product_tag","embeddable":true,"href":"https:\/\/streetmarkets.fr\/app\/wp-json\/wp\/v2\/product_tag?post=3612417"}],"curies":[{"name":"wp","href":"https:\/\/api.w.org\/{rel}","templated":true}]}}