{"id":3612412,"date":"2026-02-15T01:03:06","date_gmt":"2026-02-15T00:03:06","guid":{"rendered":"https:\/\/streetmarkets.fr\/app\/produit\/apuntob-p1844-ts876-pant-blu\/"},"modified":"2026-05-09T02:05:29","modified_gmt":"2026-05-09T00:05:29","slug":"apuntob-p1844-ts876-pant-blu","status":"publish","type":"product","link":"https:\/\/streetmarkets.fr\/app\/produit\/apuntob-p1844-ts876-pant-blu\/","title":{"rendered":"APUNTOB P1844\/ TS876 Pant Blu"},"content":{"rendered":"<p><b>Cr\u00e9ateur :<\/b> ApuntoB, Italie<\/p>\n<p><b>D\u00e9tails : <\/b><span class=\"Y2IQFc\" lang=\"fr\">Taille <\/span>\u00e9lastique pliss\u00e9e, entrejambe bas, jambes larges, coupe d\u00e9contract\u00e9e, <span class=\"Y2IQFc\" lang=\"fr\">pantalon 100 % lin<\/span><\/p>\n<p>ApuntoB est une marque italienne de mode, inspir\u00e9e par la ligne et la d\u00e9licatesse du pr\u00eat \u00e0 porter japonais, la marque cr\u00e9\u00e9 des v\u00eatements durables au caract\u00e8re singulier.<\/p>\n<p><em>Details : <span class=\"Y2IQFc\" lang=\"en\">Pleated elastic waistband, drop crotch, wide legs, relaxed fit, 100% linen pants<\/span><\/em><\/p>\n<p><em>ApuntoB is an Italian fashion brand, inspired by the line and delicacy of Japanese ready-to-wear, the brand creates sustainable clothing with a singular character.<\/em><\/p>\n<p>APUNTOB P1844\/ TS876 Blu<\/p>\n","protected":false},"excerpt":{"rendered":"<p>Cr\u00e9ateur : ApuntoB, Italie D\u00e9tails : Taille \u00e9lastique pliss\u00e9e, entrejambe bas, jambes larges, coupe d\u00e9contract\u00e9e, pantalon 100 % lin ApuntoB est une marque italienne de mode, inspir\u00e9e par la ligne et la d\u00e9licatesse du pr\u00eat \u00e0 porter japonais, la marque cr\u00e9\u00e9 des v\u00eatements durables au caract\u00e8re singulier. Details : Pleated elastic waistband, drop crotch, wide [&hellip;]<\/p>\n","protected":false},"featured_media":3612413,"comment_status":"open","ping_status":"closed","template":"","meta":[],"product_brand":[],"product_cat":[],"product_tag":[],"acf":[],"_links":{"self":[{"href":"https:\/\/streetmarkets.fr\/app\/wp-json\/wp\/v2\/product\/3612412"}],"collection":[{"href":"https:\/\/streetmarkets.fr\/app\/wp-json\/wp\/v2\/product"}],"about":[{"href":"https:\/\/streetmarkets.fr\/app\/wp-json\/wp\/v2\/types\/product"}],"replies":[{"embeddable":true,"href":"https:\/\/streetmarkets.fr\/app\/wp-json\/wp\/v2\/comments?post=3612412"}],"wp:featuredmedia":[{"embeddable":true,"href":"https:\/\/streetmarkets.fr\/app\/wp-json\/wp\/v2\/media\/3612413"}],"wp:attachment":[{"href":"https:\/\/streetmarkets.fr\/app\/wp-json\/wp\/v2\/media?parent=3612412"}],"wp:term":[{"taxonomy":"product_brand","embeddable":true,"href":"https:\/\/streetmarkets.fr\/app\/wp-json\/wp\/v2\/product_brand?post=3612412"},{"taxonomy":"product_cat","embeddable":true,"href":"https:\/\/streetmarkets.fr\/app\/wp-json\/wp\/v2\/product_cat?post=3612412"},{"taxonomy":"product_tag","embeddable":true,"href":"https:\/\/streetmarkets.fr\/app\/wp-json\/wp\/v2\/product_tag?post=3612412"}],"curies":[{"name":"wp","href":"https:\/\/api.w.org\/{rel}","templated":true}]}}