{"id":3612376,"date":"2026-02-15T01:03:02","date_gmt":"2026-02-15T00:03:02","guid":{"rendered":"https:\/\/streetmarkets.fr\/app\/produit\/apuntob-robe-p1112-ts898-indigo\/"},"modified":"2026-05-15T02:04:21","modified_gmt":"2026-05-15T00:04:21","slug":"apuntob-robe-p1112-ts898-indigo","status":"publish","type":"product","link":"https:\/\/streetmarkets.fr\/app\/produit\/apuntob-robe-p1112-ts898-indigo\/","title":{"rendered":"APUNTOB Robe P1112\/TS898 Indigo"},"content":{"rendered":"<p><b>Cr\u00e9ateur :<\/b> ApuntoB, Italie<\/p>\n<p><b>D\u00e9tails : <\/b>Robe m<span class=\"Y2IQFc\" lang=\"fr\">ini col avec 2 boutons, manches 3\/4, 1 poche plaqu\u00e9e poitrine, 2 poches lat\u00e9rales. coupe d\u00e9contract\u00e9e<\/span><\/p>\n<p>P1112\/TS898 100 % Coton indigo<\/p>\n<p>ApuntoB est une marque italienne de mode, inspir\u00e9e par la ligne et la d\u00e9licatesse du pr\u00eat \u00e0 porter\u00a0 japonais, la marque cr\u00e9\u00e9 des v\u00eatements durables au caract\u00e8re singulier.<\/p>\n<p><em>Details : <span class=\"Y2IQFc\" lang=\"en\">Mini dress with 2-button collar, 3\/4-length sleeves, 1 chest patch pocket, 2 side pockets. Relaxed fit. P1112\/TS898 100% Indigo cotton<\/span><\/em><\/p>\n<p><em>ApuntoB is an Italian fashion brand, inspired by the line and delicacy of Japanese ready-to-wear, the brand creates sustainable clothing with a singular character.<\/em><\/p>\n<p style=\"text-align: center\">APUNTOB Chemise P1623\/ TS879 Poppy<\/p>\n","protected":false},"excerpt":{"rendered":"<p>Cr\u00e9ateur : ApuntoB, Italie D\u00e9tails : Robe mini col avec 2 boutons, manches 3\/4, 1 poche plaqu\u00e9e poitrine, 2 poches lat\u00e9rales. coupe d\u00e9contract\u00e9e P1112\/TS898 100 % Coton indigo ApuntoB est une marque italienne de mode, inspir\u00e9e par la ligne et la d\u00e9licatesse du pr\u00eat \u00e0 porter\u00a0 japonais, la marque cr\u00e9\u00e9 des v\u00eatements durables au caract\u00e8re [&hellip;]<\/p>\n","protected":false},"featured_media":3612377,"comment_status":"open","ping_status":"closed","template":"","meta":[],"product_brand":[],"product_cat":[],"product_tag":[],"acf":[],"_links":{"self":[{"href":"https:\/\/streetmarkets.fr\/app\/wp-json\/wp\/v2\/product\/3612376"}],"collection":[{"href":"https:\/\/streetmarkets.fr\/app\/wp-json\/wp\/v2\/product"}],"about":[{"href":"https:\/\/streetmarkets.fr\/app\/wp-json\/wp\/v2\/types\/product"}],"replies":[{"embeddable":true,"href":"https:\/\/streetmarkets.fr\/app\/wp-json\/wp\/v2\/comments?post=3612376"}],"wp:featuredmedia":[{"embeddable":true,"href":"https:\/\/streetmarkets.fr\/app\/wp-json\/wp\/v2\/media\/3612377"}],"wp:attachment":[{"href":"https:\/\/streetmarkets.fr\/app\/wp-json\/wp\/v2\/media?parent=3612376"}],"wp:term":[{"taxonomy":"product_brand","embeddable":true,"href":"https:\/\/streetmarkets.fr\/app\/wp-json\/wp\/v2\/product_brand?post=3612376"},{"taxonomy":"product_cat","embeddable":true,"href":"https:\/\/streetmarkets.fr\/app\/wp-json\/wp\/v2\/product_cat?post=3612376"},{"taxonomy":"product_tag","embeddable":true,"href":"https:\/\/streetmarkets.fr\/app\/wp-json\/wp\/v2\/product_tag?post=3612376"}],"curies":[{"name":"wp","href":"https:\/\/api.w.org\/{rel}","templated":true}]}}