{"id":3612344,"date":"2026-02-15T01:03:00","date_gmt":"2026-02-15T00:03:00","guid":{"rendered":"https:\/\/streetmarkets.fr\/app\/produit\/labo-art-giacca-renzo-prato-atlantic\/"},"modified":"2026-05-13T02:04:59","modified_gmt":"2026-05-13T00:04:59","slug":"labo-art-giacca-renzo-prato-atlantic","status":"publish","type":"product","link":"https:\/\/streetmarkets.fr\/app\/produit\/labo-art-giacca-renzo-prato-atlantic\/","title":{"rendered":"LABO ART Giacca RENZO Prato Atlantic"},"content":{"rendered":"<p><b>Cr\u00e9ateur :<\/b> Labo Art, Italie<\/p>\n<p><b>R\u00e9alisation : <\/b><span class=\"Y2IQFc\" lang=\"fr\">Veste courte \u00e0 fermeture \u00e9clair et manches bouffantes en coton et lin tiss\u00e9<\/span><\/p>\n<p>80% Coton et 20 % lin<b><\/b><b><\/b><\/p>\n<p>La production de Labo.Art r\u00e9pond aux normes les plus \u00e9lev\u00e9es du \u00ab Made in Italy \u00bb.<\/p>\n<p><em><span class=\"Y2IQFc\" lang=\"en\">Short zip-up jacket with puffed sleeves in woven cotton and linen 80% cotton and 20% linen<\/span><\/em><\/p>\n<p><em>The perfect balance between taste and class creates a unique and easily recognizable style.<\/em><\/p>\n<p><em>Labo.Art\u2019s production meets the highest standards of \u201c Made in Italy \u201d.<\/em><\/p>\n","protected":false},"excerpt":{"rendered":"<p>Cr\u00e9ateur : Labo Art, Italie R\u00e9alisation : Veste courte \u00e0 fermeture \u00e9clair et manches bouffantes en coton et lin tiss\u00e9 80% Coton et 20 % lin La production de Labo.Art r\u00e9pond aux normes les plus \u00e9lev\u00e9es du \u00ab Made in Italy \u00bb. Short zip-up jacket with puffed sleeves in woven cotton and linen 80% cotton [&hellip;]<\/p>\n","protected":false},"featured_media":3612345,"comment_status":"open","ping_status":"closed","template":"","meta":[],"product_brand":[],"product_cat":[],"product_tag":[],"acf":[],"_links":{"self":[{"href":"https:\/\/streetmarkets.fr\/app\/wp-json\/wp\/v2\/product\/3612344"}],"collection":[{"href":"https:\/\/streetmarkets.fr\/app\/wp-json\/wp\/v2\/product"}],"about":[{"href":"https:\/\/streetmarkets.fr\/app\/wp-json\/wp\/v2\/types\/product"}],"replies":[{"embeddable":true,"href":"https:\/\/streetmarkets.fr\/app\/wp-json\/wp\/v2\/comments?post=3612344"}],"wp:featuredmedia":[{"embeddable":true,"href":"https:\/\/streetmarkets.fr\/app\/wp-json\/wp\/v2\/media\/3612345"}],"wp:attachment":[{"href":"https:\/\/streetmarkets.fr\/app\/wp-json\/wp\/v2\/media?parent=3612344"}],"wp:term":[{"taxonomy":"product_brand","embeddable":true,"href":"https:\/\/streetmarkets.fr\/app\/wp-json\/wp\/v2\/product_brand?post=3612344"},{"taxonomy":"product_cat","embeddable":true,"href":"https:\/\/streetmarkets.fr\/app\/wp-json\/wp\/v2\/product_cat?post=3612344"},{"taxonomy":"product_tag","embeddable":true,"href":"https:\/\/streetmarkets.fr\/app\/wp-json\/wp\/v2\/product_tag?post=3612344"}],"curies":[{"name":"wp","href":"https:\/\/api.w.org\/{rel}","templated":true}]}}