{"id":3612265,"date":"2026-02-15T01:02:52","date_gmt":"2026-02-15T00:02:52","guid":{"rendered":"https:\/\/streetmarkets.fr\/app\/produit\/bellerose-pantalon-pasop-indigo\/"},"modified":"2026-05-15T02:02:52","modified_gmt":"2026-05-15T00:02:52","slug":"bellerose-pantalon-pasop-indigo","status":"publish","type":"product","link":"https:\/\/streetmarkets.fr\/app\/produit\/bellerose-pantalon-pasop-indigo\/","title":{"rendered":"BELLEROSE Pantalon PASOP Indigo"},"content":{"rendered":"<p><b>Cr\u00e9ateur :<\/b> Bellerose<\/p>\n<p><b>R\u00e9alisation : <\/b>Ce v\u00eatement a \u00e9t\u00e9 teint dans la masse, une partie de la couleur peut se d\u00e9tacher la premi\u00e8re fois que vous le portez ou lors du lavage.<\/p>\n<p>Pantalon d\u00e9contract\u00e9, type chino<\/p>\n<p>Taille mi haute \u00e9lastiqu\u00e9e<\/p>\n<p>Jambe droite<\/p>\n<p>Zip frontal<\/p>\n<p>52% Coton recycl\u00e9 25% Polyester 23% Coton biologique<br \/>\nLavage \u00e0 30\u00b0 d\u00e9licat conseill\u00e9<\/p>\n<p><b>La parenth\u00e8se : <\/b>Coupe d\u00e9contract\u00e9e et taille haute, avant ajust\u00e9 et \u00e9lastiqu\u00e9 dans le dos pour plus de confort, jambe droite, il est confectionn\u00e9 dans un m\u00e9lange de coton et de lin pour un fini l\u00e9ger parfait pour les temp\u00e9ratures qui grimpent.<\/p>\n<p>Design : This garment has been solution dyed, some of the color may come off the first time you wear it or when washing.<\/p>\n<p><em>Casual pants, chino type<\/em><\/p>\n<p><em>Elasticated mid-rise waist<\/em><\/p>\n<p><em>Right leg<\/em><\/p>\n<p><em>Front zip<\/em><\/p>\n<p><em>52% Recycled cotton 25% Polyester 23% Organic cotton<\/em><br \/>\n<em>Washing at 30\u00b0 delicate recommended<\/em><\/p>\n<p><em>Relaxed cut and high waist, fitted front and elasticated back for more comfort, straight leg, it is made from a cotton and linen blend for a lightweight finish perfect for rising temperatures.<\/em><\/p>\n","protected":false},"excerpt":{"rendered":"<p>Cr\u00e9ateur : Bellerose R\u00e9alisation : Ce v\u00eatement a \u00e9t\u00e9 teint dans la masse, une partie de la couleur peut se d\u00e9tacher la premi\u00e8re fois que vous le portez ou lors du lavage. Pantalon d\u00e9contract\u00e9, type chino Taille mi haute \u00e9lastiqu\u00e9e Jambe droite Zip frontal 52% Coton recycl\u00e9 25% Polyester 23% Coton biologique Lavage \u00e0 30\u00b0 [&hellip;]<\/p>\n","protected":false},"featured_media":3612266,"comment_status":"open","ping_status":"closed","template":"","meta":[],"product_brand":[2529],"product_cat":[],"product_tag":[],"acf":[],"_links":{"self":[{"href":"https:\/\/streetmarkets.fr\/app\/wp-json\/wp\/v2\/product\/3612265"}],"collection":[{"href":"https:\/\/streetmarkets.fr\/app\/wp-json\/wp\/v2\/product"}],"about":[{"href":"https:\/\/streetmarkets.fr\/app\/wp-json\/wp\/v2\/types\/product"}],"replies":[{"embeddable":true,"href":"https:\/\/streetmarkets.fr\/app\/wp-json\/wp\/v2\/comments?post=3612265"}],"wp:featuredmedia":[{"embeddable":true,"href":"https:\/\/streetmarkets.fr\/app\/wp-json\/wp\/v2\/media\/3612266"}],"wp:attachment":[{"href":"https:\/\/streetmarkets.fr\/app\/wp-json\/wp\/v2\/media?parent=3612265"}],"wp:term":[{"taxonomy":"product_brand","embeddable":true,"href":"https:\/\/streetmarkets.fr\/app\/wp-json\/wp\/v2\/product_brand?post=3612265"},{"taxonomy":"product_cat","embeddable":true,"href":"https:\/\/streetmarkets.fr\/app\/wp-json\/wp\/v2\/product_cat?post=3612265"},{"taxonomy":"product_tag","embeddable":true,"href":"https:\/\/streetmarkets.fr\/app\/wp-json\/wp\/v2\/product_tag?post=3612265"}],"curies":[{"name":"wp","href":"https:\/\/api.w.org\/{rel}","templated":true}]}}