{"id":3612259,"date":"2026-02-15T01:02:51","date_gmt":"2026-02-15T00:02:51","guid":{"rendered":"https:\/\/streetmarkets.fr\/app\/produit\/maska-sirus-linen-silk-thunder-blue\/"},"modified":"2026-05-16T02:06:21","modified_gmt":"2026-05-16T00:06:21","slug":"maska-sirus-linen-silk-thunder-blue","status":"publish","type":"product","link":"https:\/\/streetmarkets.fr\/app\/produit\/maska-sirus-linen-silk-thunder-blue\/","title":{"rendered":"MASKA SIRUS Linen silk Thunder blue"},"content":{"rendered":"<p><b>Cr\u00e9ateur :<\/b> Maska \/ marque Su\u00e9doise<br \/>\n<b><\/b><\/p>\n<p><b>R\u00e9alisation :\u00a0<\/b><span class=\"Y2IQFc\" lang=\"fr\">Top en m\u00e9lange de lin et de soie. Manches courtes de style kimono et ourlets de manches c\u00f4tel\u00e9s pouvant \u00eatre repli\u00e9s.\u00a0<\/span><\/p>\n<p id=\"tw-target-text\" class=\"tw-data-text tw-text-large tw-ta\" dir=\"ltr\" data-placeholder=\"Translation\" aria-label=\"Translated text\" data-ved=\"2ahUKEwi3_PXSzJaFAxWGcKQEHcTxCnQQ3ewLegQIDxAU\"><span class=\"Y2IQFc\" lang=\"fr\">\u00a0Les deux fibres sont r\u00e9put\u00e9es pour leur \u00e9clat naturel et leur respirabilit\u00e9. Le lin donne au tissu structure et main s\u00e8che, tandis que la soie lui donne brillance et douceur au toucher. La soie utilis\u00e9e dans ce v\u00eatement est la soie de Tussah, garantissant que la soie est \u00e9lev\u00e9e de mani\u00e8re paisible, sans substances nocives. Le linge est certifi\u00e9 EUROPEAN FLAX\u00ae, gage d&rsquo;une agriculture locale respectueuse de l&rsquo;environnement et s&rsquo;engageant sur z\u00e9ro irrigation, z\u00e9ro OGM et z\u00e9ro d\u00e9chet. L&rsquo;extraction des fibres (teillage) est 100 % m\u00e9canique, ce qui signifie qu&rsquo;aucun produit chimique n&rsquo;est utilis\u00e9 dans le processus.<\/span><\/p>\n<p id=\"tw-target-text\" class=\"tw-data-text tw-text-large tw-ta\" dir=\"ltr\" data-placeholder=\"Translation\" aria-label=\"Translated text\" data-ved=\"2ahUKEwi3_PXSzJaFAxWGcKQEHcTxCnQQ3ewLegQIDxAU\"><em><span class=\"Y2IQFc\" lang=\"en\">Top in linen and silk blend. Short kimono-style sleeves and ribbed sleeve hems that can be folded over. Both fibers are known for their natural shine and breathability. Linen gives the fabric structure and dryness, while silk gives it shine and softness to the touch. The silk used in this garment is Tussah silk, ensuring that the silk is raised in a peaceful manner, without harmful substances. The linen is EUROPEAN FLAX\u00ae certified, a guarantee of local agriculture that respects the environment and is committed to zero irrigation, zero GMOs and zero waste. Fiber extraction (scutching) is 100% mechanical, meaning no chemicals are used in the process.<\/span><\/em><\/p>\n","protected":false},"excerpt":{"rendered":"<p>Cr\u00e9ateur : Maska \/ marque Su\u00e9doise R\u00e9alisation :\u00a0Top en m\u00e9lange de lin et de soie. Manches courtes de style kimono et ourlets de manches c\u00f4tel\u00e9s pouvant \u00eatre repli\u00e9s.\u00a0 \u00a0Les deux fibres sont r\u00e9put\u00e9es pour leur \u00e9clat naturel et leur respirabilit\u00e9. Le lin donne au tissu structure et main s\u00e8che, tandis que la soie lui donne [&hellip;]<\/p>\n","protected":false},"featured_media":3612260,"comment_status":"open","ping_status":"closed","template":"","meta":[],"product_brand":[],"product_cat":[],"product_tag":[],"acf":[],"_links":{"self":[{"href":"https:\/\/streetmarkets.fr\/app\/wp-json\/wp\/v2\/product\/3612259"}],"collection":[{"href":"https:\/\/streetmarkets.fr\/app\/wp-json\/wp\/v2\/product"}],"about":[{"href":"https:\/\/streetmarkets.fr\/app\/wp-json\/wp\/v2\/types\/product"}],"replies":[{"embeddable":true,"href":"https:\/\/streetmarkets.fr\/app\/wp-json\/wp\/v2\/comments?post=3612259"}],"wp:featuredmedia":[{"embeddable":true,"href":"https:\/\/streetmarkets.fr\/app\/wp-json\/wp\/v2\/media\/3612260"}],"wp:attachment":[{"href":"https:\/\/streetmarkets.fr\/app\/wp-json\/wp\/v2\/media?parent=3612259"}],"wp:term":[{"taxonomy":"product_brand","embeddable":true,"href":"https:\/\/streetmarkets.fr\/app\/wp-json\/wp\/v2\/product_brand?post=3612259"},{"taxonomy":"product_cat","embeddable":true,"href":"https:\/\/streetmarkets.fr\/app\/wp-json\/wp\/v2\/product_cat?post=3612259"},{"taxonomy":"product_tag","embeddable":true,"href":"https:\/\/streetmarkets.fr\/app\/wp-json\/wp\/v2\/product_tag?post=3612259"}],"curies":[{"name":"wp","href":"https:\/\/api.w.org\/{rel}","templated":true}]}}