{"id":3612243,"date":"2026-02-15T01:02:40","date_gmt":"2026-02-15T00:02:40","guid":{"rendered":"https:\/\/streetmarkets.fr\/app\/produit\/maska-pant-thea-tencel-black\/"},"modified":"2026-05-15T02:03:41","modified_gmt":"2026-05-15T00:03:41","slug":"maska-pant-thea-tencel-black","status":"publish","type":"product","link":"https:\/\/streetmarkets.fr\/app\/produit\/maska-pant-thea-tencel-black\/","title":{"rendered":"MASKA Pant THEA Tencel Black"},"content":{"rendered":"<p><b>Cr\u00e9ateur :<\/b> Maska \/ marque Su\u00e9doise<br \/>\n<b><\/b><\/p>\n<p><b>R\u00e9alisation : <\/b>Pantalon tencel black avec taille \u00e9lastique. Jambe l\u00e9g\u00e8rement raccourcie et large avec taille et coupe normales. Deux poches lat\u00e9rales. Renforc\u00e9 avec des coutures \u00e0 l&rsquo;arri\u00e8re de l&rsquo;entrejambe. Fabriqu\u00e9 dans un tissu tencel serg\u00e9 durable.<\/p>\n<p><em>Thea flowy tencel pants, normal fit<\/em><\/p>\n<p><em>Pants with elastic waist. Slightly cropped and wide leg with normal waist and fit. Two side pockets. Back darts. Reinforced with stitching at back crotch seam. Made in a durable medium weight twill tencel fabric.<\/em><\/p>\n<h1 class=\"\"><\/h1>\n","protected":false},"excerpt":{"rendered":"<p>Cr\u00e9ateur : Maska \/ marque Su\u00e9doise R\u00e9alisation : Pantalon tencel black avec taille \u00e9lastique. Jambe l\u00e9g\u00e8rement raccourcie et large avec taille et coupe normales. Deux poches lat\u00e9rales. Renforc\u00e9 avec des coutures \u00e0 l&rsquo;arri\u00e8re de l&rsquo;entrejambe. Fabriqu\u00e9 dans un tissu tencel serg\u00e9 durable. Thea flowy tencel pants, normal fit Pants with elastic waist. Slightly cropped and [&hellip;]<\/p>\n","protected":false},"featured_media":3612244,"comment_status":"open","ping_status":"closed","template":"","meta":[],"product_brand":[],"product_cat":[],"product_tag":[],"acf":[],"_links":{"self":[{"href":"https:\/\/streetmarkets.fr\/app\/wp-json\/wp\/v2\/product\/3612243"}],"collection":[{"href":"https:\/\/streetmarkets.fr\/app\/wp-json\/wp\/v2\/product"}],"about":[{"href":"https:\/\/streetmarkets.fr\/app\/wp-json\/wp\/v2\/types\/product"}],"replies":[{"embeddable":true,"href":"https:\/\/streetmarkets.fr\/app\/wp-json\/wp\/v2\/comments?post=3612243"}],"wp:featuredmedia":[{"embeddable":true,"href":"https:\/\/streetmarkets.fr\/app\/wp-json\/wp\/v2\/media\/3612244"}],"wp:attachment":[{"href":"https:\/\/streetmarkets.fr\/app\/wp-json\/wp\/v2\/media?parent=3612243"}],"wp:term":[{"taxonomy":"product_brand","embeddable":true,"href":"https:\/\/streetmarkets.fr\/app\/wp-json\/wp\/v2\/product_brand?post=3612243"},{"taxonomy":"product_cat","embeddable":true,"href":"https:\/\/streetmarkets.fr\/app\/wp-json\/wp\/v2\/product_cat?post=3612243"},{"taxonomy":"product_tag","embeddable":true,"href":"https:\/\/streetmarkets.fr\/app\/wp-json\/wp\/v2\/product_tag?post=3612243"}],"curies":[{"name":"wp","href":"https:\/\/api.w.org\/{rel}","templated":true}]}}