{"id":3612234,"date":"2026-02-15T01:02:39","date_gmt":"2026-02-15T00:02:39","guid":{"rendered":"https:\/\/streetmarkets.fr\/app\/produit\/bellerose-pantalon-pasop-off-black\/"},"modified":"2026-04-05T02:01:31","modified_gmt":"2026-04-05T00:01:31","slug":"bellerose-pantalon-pasop-off-black","status":"publish","type":"product","link":"https:\/\/streetmarkets.fr\/app\/produit\/bellerose-pantalon-pasop-off-black\/","title":{"rendered":"BELLEROSE Pantalon PASOP Off Black"},"content":{"rendered":"<p><b>Cr\u00e9ateur :<\/b> Bellerose<\/p>\n<p><b>R\u00e9alisation :<\/b><\/p>\n<ul>\n<li>Ce v\u00eatement a \u00e9t\u00e9 teint dans la masse, une partie de la couleur peut se d\u00e9tacher la premi\u00e8re fois que vous le portez ou lors du lavage.<\/li>\n<li>Pantalon d\u00e9contract\u00e9<\/li>\n<li>Coton et lin m\u00e9lang\u00e9s<\/li>\n<li>Taille demi \u00e9lastiqu\u00e9e<\/li>\n<li>Jambe droite<\/li>\n<li>Zip frontal<\/li>\n<\/ul>\n<p><b>La parenth\u00e8se : <\/b>Coupe d\u00e9contract\u00e9e et taille haute, avant ajust\u00e9 et \u00e9lastiqu\u00e9 dans le dos pour plus de confort, jambe droite, il est confectionn\u00e9 dans un m\u00e9lange de coton et de lin pour un fini l\u00e9ger parfait pour les temp\u00e9ratures qui grimpent.<\/p>\n","protected":false},"excerpt":{"rendered":"<p>Cr\u00e9ateur : Bellerose R\u00e9alisation : Ce v\u00eatement a \u00e9t\u00e9 teint dans la masse, une partie de la couleur peut se d\u00e9tacher la premi\u00e8re fois que vous le portez ou lors du lavage. Pantalon d\u00e9contract\u00e9 Coton et lin m\u00e9lang\u00e9s Taille demi \u00e9lastiqu\u00e9e Jambe droite Zip frontal La parenth\u00e8se : Coupe d\u00e9contract\u00e9e et taille haute, avant ajust\u00e9 [&hellip;]<\/p>\n","protected":false},"featured_media":3612235,"comment_status":"open","ping_status":"closed","template":"","meta":[],"product_brand":[2529],"product_cat":[],"product_tag":[],"acf":[],"_links":{"self":[{"href":"https:\/\/streetmarkets.fr\/app\/wp-json\/wp\/v2\/product\/3612234"}],"collection":[{"href":"https:\/\/streetmarkets.fr\/app\/wp-json\/wp\/v2\/product"}],"about":[{"href":"https:\/\/streetmarkets.fr\/app\/wp-json\/wp\/v2\/types\/product"}],"replies":[{"embeddable":true,"href":"https:\/\/streetmarkets.fr\/app\/wp-json\/wp\/v2\/comments?post=3612234"}],"wp:featuredmedia":[{"embeddable":true,"href":"https:\/\/streetmarkets.fr\/app\/wp-json\/wp\/v2\/media\/3612235"}],"wp:attachment":[{"href":"https:\/\/streetmarkets.fr\/app\/wp-json\/wp\/v2\/media?parent=3612234"}],"wp:term":[{"taxonomy":"product_brand","embeddable":true,"href":"https:\/\/streetmarkets.fr\/app\/wp-json\/wp\/v2\/product_brand?post=3612234"},{"taxonomy":"product_cat","embeddable":true,"href":"https:\/\/streetmarkets.fr\/app\/wp-json\/wp\/v2\/product_cat?post=3612234"},{"taxonomy":"product_tag","embeddable":true,"href":"https:\/\/streetmarkets.fr\/app\/wp-json\/wp\/v2\/product_tag?post=3612234"}],"curies":[{"name":"wp","href":"https:\/\/api.w.org\/{rel}","templated":true}]}}