{"id":3612169,"date":"2026-02-15T01:02:34","date_gmt":"2026-02-15T00:02:34","guid":{"rendered":"https:\/\/streetmarkets.fr\/app\/produit\/robert-mackie-barra-scarf-royal-blue\/"},"modified":"2026-05-11T02:04:17","modified_gmt":"2026-05-11T00:04:17","slug":"robert-mackie-barra-scarf-royal-blue","status":"publish","type":"product","link":"https:\/\/streetmarkets.fr\/app\/produit\/robert-mackie-barra-scarf-royal-blue\/","title":{"rendered":"Robert MACKIE BARRA SCARF Royal blue"},"content":{"rendered":"<p><strong>Cr\u00e9ateur :<\/strong> Robert MACKIE, <span class=\"product-description-more-text\">Fabriqu\u00e9e en Ecosse<\/span><\/p>\n<p><strong>R\u00e9alisation : <\/strong>Echarpe en laine Robert Mackie Barra<\/p>\n<p>To<span class=\"product-description-more-text\">uch\u00e9 doux<\/span><\/p>\n<p><span class=\"product-description-more-text\">75% Laine 25% Angora<\/span><\/p>\n<p id=\"tw-target-text\" class=\"tw-data-text tw-text-large tw-ta\" dir=\"ltr\" data-placeholder=\"Traduction\" data-ved=\"2ahUKEwix76Gp24uKAxVlUqQEHbMkFrgQ3ewLegQICxAU\" aria-label=\"Texte traduit\u00a0: Robert Mackie Barra wool hat Rolled up edge, soft touch\"><em><span class=\"Y2IQFc\" lang=\"en\">Robert Mackie Barra wool, soft touch<\/span><\/em><\/p>\n","protected":false},"excerpt":{"rendered":"<p>Cr\u00e9ateur : Robert MACKIE, Fabriqu\u00e9e en Ecosse R\u00e9alisation : Echarpe en laine Robert Mackie Barra Touch\u00e9 doux 75% Laine 25% Angora Robert Mackie Barra wool, soft touch<\/p>\n","protected":false},"featured_media":3612170,"comment_status":"open","ping_status":"closed","template":"","meta":[],"product_brand":[],"product_cat":[],"product_tag":[],"acf":[],"_links":{"self":[{"href":"https:\/\/streetmarkets.fr\/app\/wp-json\/wp\/v2\/product\/3612169"}],"collection":[{"href":"https:\/\/streetmarkets.fr\/app\/wp-json\/wp\/v2\/product"}],"about":[{"href":"https:\/\/streetmarkets.fr\/app\/wp-json\/wp\/v2\/types\/product"}],"replies":[{"embeddable":true,"href":"https:\/\/streetmarkets.fr\/app\/wp-json\/wp\/v2\/comments?post=3612169"}],"wp:featuredmedia":[{"embeddable":true,"href":"https:\/\/streetmarkets.fr\/app\/wp-json\/wp\/v2\/media\/3612170"}],"wp:attachment":[{"href":"https:\/\/streetmarkets.fr\/app\/wp-json\/wp\/v2\/media?parent=3612169"}],"wp:term":[{"taxonomy":"product_brand","embeddable":true,"href":"https:\/\/streetmarkets.fr\/app\/wp-json\/wp\/v2\/product_brand?post=3612169"},{"taxonomy":"product_cat","embeddable":true,"href":"https:\/\/streetmarkets.fr\/app\/wp-json\/wp\/v2\/product_cat?post=3612169"},{"taxonomy":"product_tag","embeddable":true,"href":"https:\/\/streetmarkets.fr\/app\/wp-json\/wp\/v2\/product_tag?post=3612169"}],"curies":[{"name":"wp","href":"https:\/\/api.w.org\/{rel}","templated":true}]}}