{"id":3612102,"date":"2026-02-15T01:02:19","date_gmt":"2026-02-15T00:02:19","guid":{"rendered":"https:\/\/streetmarkets.fr\/app\/produit\/robert-mackie-barra-hat-fondant\/"},"modified":"2026-05-10T02:01:26","modified_gmt":"2026-05-10T00:01:26","slug":"robert-mackie-barra-hat-fondant","status":"publish","type":"product","link":"https:\/\/streetmarkets.fr\/app\/produit\/robert-mackie-barra-hat-fondant\/","title":{"rendered":"Robert MACKIE BARRA HAT Fondant"},"content":{"rendered":"<p><strong>Cr\u00e9ateur :<\/strong> Robert MACKIE, <span class=\"product-description-more-text\">Fabriqu\u00e9e en Ecosse<\/span><\/p>\n<p><strong>R\u00e9alisation : <\/strong>Bonnet en laine Robert Mackie Barra<\/p>\n<p>Bord retrouss\u00e9, to<span class=\"product-description-more-text\">uch\u00e9 doux<\/span><\/p>\n<p><span class=\"product-description-more-text\">75% Laine 25% Angora<\/span><\/p>\n<p><strong>La parenth\u00e8se : <\/strong>Parmi les principaux fabricant de laine \u00e9cossaise, la manufacture Robert Mackie a ouvert ses portes en 1845.<\/p>\n<p>Des bonnets en pure laine vierge, durable, un incontournable d&rsquo;une grande qualit\u00e9.<\/p>\n<p>&nbsp;<\/p>\n","protected":false},"excerpt":{"rendered":"<p>Cr\u00e9ateur : Robert MACKIE, Fabriqu\u00e9e en Ecosse R\u00e9alisation : Bonnet en laine Robert Mackie Barra Bord retrouss\u00e9, touch\u00e9 doux 75% Laine 25% Angora La parenth\u00e8se : Parmi les principaux fabricant de laine \u00e9cossaise, la manufacture Robert Mackie a ouvert ses portes en 1845. Des bonnets en pure laine vierge, durable, un incontournable d&rsquo;une grande qualit\u00e9. [&hellip;]<\/p>\n","protected":false},"featured_media":3612103,"comment_status":"open","ping_status":"closed","template":"","meta":[],"product_brand":[],"product_cat":[],"product_tag":[],"acf":[],"_links":{"self":[{"href":"https:\/\/streetmarkets.fr\/app\/wp-json\/wp\/v2\/product\/3612102"}],"collection":[{"href":"https:\/\/streetmarkets.fr\/app\/wp-json\/wp\/v2\/product"}],"about":[{"href":"https:\/\/streetmarkets.fr\/app\/wp-json\/wp\/v2\/types\/product"}],"replies":[{"embeddable":true,"href":"https:\/\/streetmarkets.fr\/app\/wp-json\/wp\/v2\/comments?post=3612102"}],"wp:featuredmedia":[{"embeddable":true,"href":"https:\/\/streetmarkets.fr\/app\/wp-json\/wp\/v2\/media\/3612103"}],"wp:attachment":[{"href":"https:\/\/streetmarkets.fr\/app\/wp-json\/wp\/v2\/media?parent=3612102"}],"wp:term":[{"taxonomy":"product_brand","embeddable":true,"href":"https:\/\/streetmarkets.fr\/app\/wp-json\/wp\/v2\/product_brand?post=3612102"},{"taxonomy":"product_cat","embeddable":true,"href":"https:\/\/streetmarkets.fr\/app\/wp-json\/wp\/v2\/product_cat?post=3612102"},{"taxonomy":"product_tag","embeddable":true,"href":"https:\/\/streetmarkets.fr\/app\/wp-json\/wp\/v2\/product_tag?post=3612102"}],"curies":[{"name":"wp","href":"https:\/\/api.w.org\/{rel}","templated":true}]}}