{"id":3612038,"date":"2026-02-15T01:02:13","date_gmt":"2026-02-15T00:02:13","guid":{"rendered":"https:\/\/streetmarkets.fr\/app\/produit\/keen-jasper-zionic-black-women\/"},"modified":"2026-05-16T02:05:40","modified_gmt":"2026-05-16T00:05:40","slug":"keen-jasper-zionic-black-women","status":"publish","type":"product","link":"https:\/\/streetmarkets.fr\/app\/produit\/keen-jasper-zionic-black-women\/","title":{"rendered":"KEEN JASPER Zionic Black Women"},"content":{"rendered":"<p><strong>Cr\u00e9ateur :<\/strong> Keen, Etats-Unis<\/p>\n<p><strong>R\u00e9alisation : <\/strong>La JASPER ZIONIC de Keen est une basket inspir\u00e9e de l&rsquo;escalade, retravaill\u00e9e avec un syst\u00e8me de la\u00e7age innovant qui permet de personnaliser le chaussant.<\/p>\n<p>30% Caoutchouc, 70% Cuir<\/p>\n<p>La coupe profil\u00e9e \u00e9pouse les contours de votre pied pour un ajustement confortable et ajust\u00e9.<br \/>\nLa\u00e7age de la languette aux orteils.<br \/>\nSemelle int\u00e9rieure en mousse r\u00e9sistante avec soutien de la vo\u00fbte plantaire pour un amorti longue dur\u00e9e.<br \/>\nSemelle ext\u00e9rieure en caoutchouc \u00e0 adh\u00e9rence accrue.<br \/>\nCrampons multidirectionnels de 4 mm pour une meilleure adh\u00e9rence.<br \/>\nLe cambrion de stabilit\u00e9 offre une stabilit\u00e9 l\u00e9g\u00e8re.<br \/>\nCuir premium respectueux de l&rsquo;environnement, issu d&rsquo;une tannerie certifi\u00e9e LWG pour une eau plus propre.<br \/>\nEco Anti-Odor pour un contr\u00f4le naturel et sans pesticides des odeurs.<\/p>\n<p>Tige en cuir<br \/>\nDoublure en mesh respirant<br \/>\nCrampons multidirectionnels non marquants pour une meilleure adh\u00e9rence<\/p>\n<p>Brossez d\u00e9licatement le cuir avec une brosse \u00e0 poils doux ou un essuie-mains pour \u00e9liminer la salet\u00e9 et les d\u00e9bris. Les taches tenaces peuvent n\u00e9cessiter un nettoyant pour cuir.<\/p>\n<p id=\"tw-target-text\" class=\"tw-data-text tw-text-large tw-ta\" dir=\"ltr\" data-placeholder=\"Traduction\" data-ved=\"2ahUKEwjN4djqxoOJAxU2TKQEHeG8JRcQ3ewLegQIBxAU\" aria-label=\"Texte traduit\u00a0: The JASPER ZIONIC from Keen is a sneaker inspired by climbing, reworked with an innovative lacing system that allows you to personalize the fit.\"><em><span class=\"Y2IQFc\" lang=\"en\">The JASPER ZIONIC from Keen is a sneaker inspired by climbing, reworked with an innovative lacing system that allows you to personalize the fit.<\/span><\/em><\/p>\n<p><em>The contoured fit hugs the contours of your foot for a comfortable, snug fit.<\/em><br \/>\n<em>Lace-up closure from tongue to toe.<\/em><br \/>\n<em>Durable foam insole with arch support for long-lasting cushioning.<\/em><br \/>\n<em>Rubber outsole with increased traction.<\/em><br \/>\n<em>4 mm multi-directional lugs for improved traction.<\/em><br \/>\n<em>The stability shank provides lightweight stability.<\/em><br \/>\n<em>Premium eco-friendly leather from an LWG-certified tannery for cleaner water.<\/em><br \/>\n<em>Eco Anti-Odor for natural, pesticide-free odor control.<\/em><\/p>\n<p><em>Leather upper<\/em><br \/>\n<em>Breathable mesh lining<\/em><br \/>\n<em>Non-marking multi-directional lugs for improved traction<\/em><\/p>\n<p><em>Gently brush the leather with a soft-bristled brush or hand towel to remove dirt and debris. Stubborn stains may require a leather cleaner.<\/em><\/p>\n","protected":false},"excerpt":{"rendered":"<p>Cr\u00e9ateur : Keen, Etats-Unis R\u00e9alisation : La JASPER ZIONIC de Keen est une basket inspir\u00e9e de l&rsquo;escalade, retravaill\u00e9e avec un syst\u00e8me de la\u00e7age innovant qui permet de personnaliser le chaussant. 30% Caoutchouc, 70% Cuir La coupe profil\u00e9e \u00e9pouse les contours de votre pied pour un ajustement confortable et ajust\u00e9. La\u00e7age de la languette aux orteils. [&hellip;]<\/p>\n","protected":false},"featured_media":3612039,"comment_status":"open","ping_status":"closed","template":"","meta":[],"product_brand":[],"product_cat":[],"product_tag":[],"acf":[],"_links":{"self":[{"href":"https:\/\/streetmarkets.fr\/app\/wp-json\/wp\/v2\/product\/3612038"}],"collection":[{"href":"https:\/\/streetmarkets.fr\/app\/wp-json\/wp\/v2\/product"}],"about":[{"href":"https:\/\/streetmarkets.fr\/app\/wp-json\/wp\/v2\/types\/product"}],"replies":[{"embeddable":true,"href":"https:\/\/streetmarkets.fr\/app\/wp-json\/wp\/v2\/comments?post=3612038"}],"wp:featuredmedia":[{"embeddable":true,"href":"https:\/\/streetmarkets.fr\/app\/wp-json\/wp\/v2\/media\/3612039"}],"wp:attachment":[{"href":"https:\/\/streetmarkets.fr\/app\/wp-json\/wp\/v2\/media?parent=3612038"}],"wp:term":[{"taxonomy":"product_brand","embeddable":true,"href":"https:\/\/streetmarkets.fr\/app\/wp-json\/wp\/v2\/product_brand?post=3612038"},{"taxonomy":"product_cat","embeddable":true,"href":"https:\/\/streetmarkets.fr\/app\/wp-json\/wp\/v2\/product_cat?post=3612038"},{"taxonomy":"product_tag","embeddable":true,"href":"https:\/\/streetmarkets.fr\/app\/wp-json\/wp\/v2\/product_tag?post=3612038"}],"curies":[{"name":"wp","href":"https:\/\/api.w.org\/{rel}","templated":true}]}}