{"id":3612032,"date":"2026-02-15T01:02:12","date_gmt":"2026-02-15T00:02:12","guid":{"rendered":"https:\/\/streetmarkets.fr\/app\/produit\/paraboot-derby-chamade-foulonne-black\/"},"modified":"2026-05-16T02:05:40","modified_gmt":"2026-05-16T00:05:40","slug":"paraboot-derby-chamade-foulonne-black","status":"publish","type":"product","link":"https:\/\/streetmarkets.fr\/app\/produit\/paraboot-derby-chamade-foulonne-black\/","title":{"rendered":"PARABOOT Derby CHAMADE Foulonn\u00e9 Black"},"content":{"rendered":"<p><b>Cr\u00e9ateur :<\/b> Paraboot \/ France<br \/>\n<b><\/b><\/p>\n<p><b>R\u00e9alisation : <\/b>Ce mod\u00e8le \u00ab golf \u00bb pr\u00e9sente une semelle cousue Adler. Cette op\u00e9ration consiste \u00e0 inciser le cuir et \u00e0 l&rsquo;encadrer de deux points d\u00e9coratifs. Chaussant g\u00e9n\u00e9reux avec bout arrondi. Fabriqu\u00e9 en France. Couture norv\u00e9gienne, doublure en cuir. Semelle en caoutchouc naturel.<\/p>\n<p><em><strong>Details :<\/strong> This golf shoe features an Adler-stitched sole. This process involves cutting the leather and framing it with two decorative stitches. Generous fit with a rounded toe. Made in France. Norwegian stitching, leather lining. Natural rubber sole.<\/em><\/p>\n<p><em>Commande uniquement \u00e0 partir de pays de l&rsquo;Union Europ\u00e9enne<\/em><\/p>\n","protected":false},"excerpt":{"rendered":"<p>Cr\u00e9ateur : Paraboot \/ France R\u00e9alisation : Ce mod\u00e8le \u00ab golf \u00bb pr\u00e9sente une semelle cousue Adler. Cette op\u00e9ration consiste \u00e0 inciser le cuir et \u00e0 l&rsquo;encadrer de deux points d\u00e9coratifs. Chaussant g\u00e9n\u00e9reux avec bout arrondi. Fabriqu\u00e9 en France. Couture norv\u00e9gienne, doublure en cuir. Semelle en caoutchouc naturel. Details : This golf shoe features an [&hellip;]<\/p>\n","protected":false},"featured_media":3612033,"comment_status":"open","ping_status":"closed","template":"","meta":[],"product_brand":[],"product_cat":[],"product_tag":[],"acf":[],"_links":{"self":[{"href":"https:\/\/streetmarkets.fr\/app\/wp-json\/wp\/v2\/product\/3612032"}],"collection":[{"href":"https:\/\/streetmarkets.fr\/app\/wp-json\/wp\/v2\/product"}],"about":[{"href":"https:\/\/streetmarkets.fr\/app\/wp-json\/wp\/v2\/types\/product"}],"replies":[{"embeddable":true,"href":"https:\/\/streetmarkets.fr\/app\/wp-json\/wp\/v2\/comments?post=3612032"}],"wp:featuredmedia":[{"embeddable":true,"href":"https:\/\/streetmarkets.fr\/app\/wp-json\/wp\/v2\/media\/3612033"}],"wp:attachment":[{"href":"https:\/\/streetmarkets.fr\/app\/wp-json\/wp\/v2\/media?parent=3612032"}],"wp:term":[{"taxonomy":"product_brand","embeddable":true,"href":"https:\/\/streetmarkets.fr\/app\/wp-json\/wp\/v2\/product_brand?post=3612032"},{"taxonomy":"product_cat","embeddable":true,"href":"https:\/\/streetmarkets.fr\/app\/wp-json\/wp\/v2\/product_cat?post=3612032"},{"taxonomy":"product_tag","embeddable":true,"href":"https:\/\/streetmarkets.fr\/app\/wp-json\/wp\/v2\/product_tag?post=3612032"}],"curies":[{"name":"wp","href":"https:\/\/api.w.org\/{rel}","templated":true}]}}