{"id":3612001,"date":"2026-02-15T01:02:09","date_gmt":"2026-02-15T00:02:09","guid":{"rendered":"https:\/\/streetmarkets.fr\/app\/produit\/elia-maurizi-ballerines-parry-16290-baron-nero\/"},"modified":"2026-05-09T02:04:05","modified_gmt":"2026-05-09T00:04:05","slug":"elia-maurizi-ballerines-parry-16290-baron-nero","status":"publish","type":"product","link":"https:\/\/streetmarkets.fr\/app\/produit\/elia-maurizi-ballerines-parry-16290-baron-nero\/","title":{"rendered":"ELIA MAURIZI Ballerines PARRY 16290 Baron Nero"},"content":{"rendered":"<p><strong>Cr\u00e9ateur :<\/strong> ELIA MAURIZI, Handmade en Italie<\/p>\n<p><strong>R\u00e9alisation : <\/strong><span class=\"Y2IQFc\" lang=\"fr\">Ballerines minimalistes style Sacchetto, fabriqu\u00e9es \u00e0 la main en cuir tann\u00e9 v\u00e9g\u00e9tal. Semelle plate fine avec talon compens\u00e9 l\u00e9ger, cuir de veau noir, non doubl\u00e9es, semelle int\u00e9rieure en cuir, taille standard<\/span><\/p>\n<p><em>D\u00e9tail : <span class=\"Y2IQFc\" lang=\"en\">Minimalist Sacchetto-style ballet flats, handmade from vegetable-tanned leather. Thin flat sole with a slight wedge heel. black calfskin, unlined, leather insole, standard size.<\/span><\/em><\/p>\n","protected":false},"excerpt":{"rendered":"<p>Cr\u00e9ateur : ELIA MAURIZI, Handmade en Italie R\u00e9alisation : Ballerines minimalistes style Sacchetto, fabriqu\u00e9es \u00e0 la main en cuir tann\u00e9 v\u00e9g\u00e9tal. Semelle plate fine avec talon compens\u00e9 l\u00e9ger, cuir de veau noir, non doubl\u00e9es, semelle int\u00e9rieure en cuir, taille standard D\u00e9tail : Minimalist Sacchetto-style ballet flats, handmade from vegetable-tanned leather. Thin flat sole with a [&hellip;]<\/p>\n","protected":false},"featured_media":3612002,"comment_status":"open","ping_status":"closed","template":"","meta":[],"product_brand":[],"product_cat":[],"product_tag":[],"acf":[],"_links":{"self":[{"href":"https:\/\/streetmarkets.fr\/app\/wp-json\/wp\/v2\/product\/3612001"}],"collection":[{"href":"https:\/\/streetmarkets.fr\/app\/wp-json\/wp\/v2\/product"}],"about":[{"href":"https:\/\/streetmarkets.fr\/app\/wp-json\/wp\/v2\/types\/product"}],"replies":[{"embeddable":true,"href":"https:\/\/streetmarkets.fr\/app\/wp-json\/wp\/v2\/comments?post=3612001"}],"wp:featuredmedia":[{"embeddable":true,"href":"https:\/\/streetmarkets.fr\/app\/wp-json\/wp\/v2\/media\/3612002"}],"wp:attachment":[{"href":"https:\/\/streetmarkets.fr\/app\/wp-json\/wp\/v2\/media?parent=3612001"}],"wp:term":[{"taxonomy":"product_brand","embeddable":true,"href":"https:\/\/streetmarkets.fr\/app\/wp-json\/wp\/v2\/product_brand?post=3612001"},{"taxonomy":"product_cat","embeddable":true,"href":"https:\/\/streetmarkets.fr\/app\/wp-json\/wp\/v2\/product_cat?post=3612001"},{"taxonomy":"product_tag","embeddable":true,"href":"https:\/\/streetmarkets.fr\/app\/wp-json\/wp\/v2\/product_tag?post=3612001"}],"curies":[{"name":"wp","href":"https:\/\/api.w.org\/{rel}","templated":true}]}}