{"id":3611981,"date":"2026-02-15T01:02:06","date_gmt":"2026-02-15T00:02:06","guid":{"rendered":"https:\/\/streetmarkets.fr\/app\/produit\/blundstone-chelsea-boots-587-rustic-black\/"},"modified":"2026-05-03T02:01:14","modified_gmt":"2026-05-03T00:01:14","slug":"blundstone-chelsea-boots-587-rustic-black","status":"publish","type":"product","link":"https:\/\/streetmarkets.fr\/app\/produit\/blundstone-chelsea-boots-587-rustic-black\/","title":{"rendered":"BLUNDSTONE Chelsea Boots 587 Rustic Black"},"content":{"rendered":"<div class=\"woocommerce-product-details__short-description\">\n<p><b>Marque :<\/b>\u00a0Blundstone \u2013 Tasmanie<br \/>\n<b><\/b><\/p>\n<p><b>R\u00e9alisation : <\/b><span lang=\"fr\">Cuir de qualit\u00e9 sup\u00e9rieure noir gris r\u00e9sistant \u00e0 l\u2019eau<\/span><\/p>\n<p class=\"tw-data-text tw-text-large XcVN5d tw-ta\" dir=\"ltr\" data-placeholder=\"Translation\"><span lang=\"fr\">C\u00f4t\u00e9 \u00e9lastique noir \u2013 Doublure en cuir \u2013 Semelle ext\u00e9rieure en TPU durable<\/span><\/p>\n<p class=\"tw-data-text tw-text-large XcVN5d tw-ta\" dir=\"ltr\" data-placeholder=\"Translation\"><span lang=\"fr\">Semelle interm\u00e9diaire avec coussin pour plus de confort<\/span><\/p>\n<p class=\"tw-data-text tw-text-large XcVN5d tw-ta\" dir=\"ltr\" data-placeholder=\"Translation\"><span lang=\"fr\">Syst\u00e8me SPS Max Comfort pour une absorption des chocs exceptionnelle<\/span><\/p>\n<p class=\"tw-data-text tw-text-large XcVN5d tw-ta\" dir=\"ltr\" data-placeholder=\"Translation\"><span lang=\"fr\">Semelle int\u00e9rieure amovible avec technologie XRD\u00ae dans la zone de frappe du talon pour l\u2019absorption des chocs et le confort<\/span><\/p>\n<p class=\"tw-data-text tw-text-large XcVN5d tw-ta\" dir=\"ltr\" data-placeholder=\"Translation\"><span lang=\"fr\">Ensemble suppl\u00e9mentaire de semelles pour un ajustement personnalis\u00e9<\/span><\/p>\n<p class=\"tw-data-text tw-text-large XcVN5d tw-ta\" dir=\"ltr\" data-placeholder=\"Translation\"><span lang=\"fr\">L\u00e9ger et confortable<\/span><\/p>\n<p dir=\"ltr\" data-placeholder=\"Translation\"><em>Detail : <\/em><em>Premium black and gray water-resistant leather<\/em><\/p>\n<p><em>Black elastic side panel \u2013 Leather lining \u2013 Durable TPU outsole<\/em><\/p>\n<p><em>Cushioned midsole for added comfort<\/em><\/p>\n<p><em>SPS Max Comfort System for exceptional shock absorption<\/em><\/p>\n<p><em>Removable insole with XRD\u00ae technology in the heel strike zone for shock absorption and comfort<\/em><\/p>\n<p><em>Extra set of insoles for a customized fit<\/em><\/p>\n<p><em>Lightweight and comfortable<\/em><\/p>\n<p>&nbsp;<\/p>\n<\/div>\n","protected":false},"excerpt":{"rendered":"<p>Marque :\u00a0Blundstone \u2013 Tasmanie R\u00e9alisation : Cuir de qualit\u00e9 sup\u00e9rieure noir gris r\u00e9sistant \u00e0 l\u2019eau C\u00f4t\u00e9 \u00e9lastique noir \u2013 Doublure en cuir \u2013 Semelle ext\u00e9rieure en TPU durable Semelle interm\u00e9diaire avec coussin pour plus de confort Syst\u00e8me SPS Max Comfort pour une absorption des chocs exceptionnelle Semelle int\u00e9rieure amovible avec technologie XRD\u00ae dans la zone [&hellip;]<\/p>\n","protected":false},"featured_media":3611982,"comment_status":"open","ping_status":"closed","template":"","meta":[],"product_brand":[2533],"product_cat":[],"product_tag":[],"acf":[],"_links":{"self":[{"href":"https:\/\/streetmarkets.fr\/app\/wp-json\/wp\/v2\/product\/3611981"}],"collection":[{"href":"https:\/\/streetmarkets.fr\/app\/wp-json\/wp\/v2\/product"}],"about":[{"href":"https:\/\/streetmarkets.fr\/app\/wp-json\/wp\/v2\/types\/product"}],"replies":[{"embeddable":true,"href":"https:\/\/streetmarkets.fr\/app\/wp-json\/wp\/v2\/comments?post=3611981"}],"wp:featuredmedia":[{"embeddable":true,"href":"https:\/\/streetmarkets.fr\/app\/wp-json\/wp\/v2\/media\/3611982"}],"wp:attachment":[{"href":"https:\/\/streetmarkets.fr\/app\/wp-json\/wp\/v2\/media?parent=3611981"}],"wp:term":[{"taxonomy":"product_brand","embeddable":true,"href":"https:\/\/streetmarkets.fr\/app\/wp-json\/wp\/v2\/product_brand?post=3611981"},{"taxonomy":"product_cat","embeddable":true,"href":"https:\/\/streetmarkets.fr\/app\/wp-json\/wp\/v2\/product_cat?post=3611981"},{"taxonomy":"product_tag","embeddable":true,"href":"https:\/\/streetmarkets.fr\/app\/wp-json\/wp\/v2\/product_tag?post=3611981"}],"curies":[{"name":"wp","href":"https:\/\/api.w.org\/{rel}","templated":true}]}}