{"id":3611959,"date":"2026-02-15T01:02:04","date_gmt":"2026-02-15T00:02:04","guid":{"rendered":"https:\/\/streetmarkets.fr\/app\/produit\/good-on-rough-crew-sweat-p-ajisai\/"},"modified":"2026-05-06T02:03:34","modified_gmt":"2026-05-06T00:03:34","slug":"good-on-rough-crew-sweat-p-ajisai","status":"publish","type":"product","link":"https:\/\/streetmarkets.fr\/app\/produit\/good-on-rough-crew-sweat-p-ajisai\/","title":{"rendered":"GOOD ON Rough crew sweat P-Ajisai"},"content":{"rendered":"<p><b>Cr\u00e9ateur :<\/b> Good On Japan<br \/>\n<b><\/b><\/p>\n<p><b>R\u00e9alisation : <\/b>Sweat 100% coton \u00e9paisseur moyenne, col rond, ourlets arrondis, teinture pigmentaire<\/p>\n<p><em>Design : <span class=\"Y2IQFc\" lang=\"en\">100% cotton, medium weight sweatshirt, crew neck, rounded hems, pigment dyed<\/span><\/em><\/p>\n<p>\u00b4<\/p>\n","protected":false},"excerpt":{"rendered":"<p>Cr\u00e9ateur : Good On Japan R\u00e9alisation : Sweat 100% coton \u00e9paisseur moyenne, col rond, ourlets arrondis, teinture pigmentaire Design : 100% cotton, medium weight sweatshirt, crew neck, rounded hems, pigment dyed \u00b4<\/p>\n","protected":false},"featured_media":3611960,"comment_status":"open","ping_status":"closed","template":"","meta":[],"product_brand":[],"product_cat":[],"product_tag":[],"acf":[],"_links":{"self":[{"href":"https:\/\/streetmarkets.fr\/app\/wp-json\/wp\/v2\/product\/3611959"}],"collection":[{"href":"https:\/\/streetmarkets.fr\/app\/wp-json\/wp\/v2\/product"}],"about":[{"href":"https:\/\/streetmarkets.fr\/app\/wp-json\/wp\/v2\/types\/product"}],"replies":[{"embeddable":true,"href":"https:\/\/streetmarkets.fr\/app\/wp-json\/wp\/v2\/comments?post=3611959"}],"wp:featuredmedia":[{"embeddable":true,"href":"https:\/\/streetmarkets.fr\/app\/wp-json\/wp\/v2\/media\/3611960"}],"wp:attachment":[{"href":"https:\/\/streetmarkets.fr\/app\/wp-json\/wp\/v2\/media?parent=3611959"}],"wp:term":[{"taxonomy":"product_brand","embeddable":true,"href":"https:\/\/streetmarkets.fr\/app\/wp-json\/wp\/v2\/product_brand?post=3611959"},{"taxonomy":"product_cat","embeddable":true,"href":"https:\/\/streetmarkets.fr\/app\/wp-json\/wp\/v2\/product_cat?post=3611959"},{"taxonomy":"product_tag","embeddable":true,"href":"https:\/\/streetmarkets.fr\/app\/wp-json\/wp\/v2\/product_tag?post=3611959"}],"curies":[{"name":"wp","href":"https:\/\/api.w.org\/{rel}","templated":true}]}}