{"id":3611952,"date":"2026-02-15T01:02:03","date_gmt":"2026-02-15T00:02:03","guid":{"rendered":"https:\/\/streetmarkets.fr\/app\/produit\/good-on-sweat-raglan-regular-hood-sweat-p-coral\/"},"modified":"2026-05-06T02:03:34","modified_gmt":"2026-05-06T00:03:34","slug":"good-on-sweat-raglan-regular-hood-sweat-p-coral","status":"publish","type":"product","link":"https:\/\/streetmarkets.fr\/app\/produit\/good-on-sweat-raglan-regular-hood-sweat-p-coral\/","title":{"rendered":"GOOD ON Sweat raglan regular hood sweat P-coral"},"content":{"rendered":"<p><b>Cr\u00e9ateur :<\/b> Good On Japan<br \/>\n<b><\/b><\/p>\n<p><b>R\u00e9alisation : <\/b><span class=\"Y2IQFc\" lang=\"fr\">Manches raglan Teinture pigmentaire Tissu fabriqu\u00e9 aux \u00c9tats-Unis 100 % coton, 255 g\/m\u00b2<\/span><\/p>\n<p><em>Design : <\/em><span class=\"Y2IQFc\" lang=\"en\">Raglan sleeves. Pigment dyed. Fabric made in the USA. 100% cotton, 255 g\/m\u00b2.<\/span><\/p>\n<p>\u00b4<\/p>\n","protected":false},"excerpt":{"rendered":"<p>Cr\u00e9ateur : Good On Japan R\u00e9alisation : Manches raglan Teinture pigmentaire Tissu fabriqu\u00e9 aux \u00c9tats-Unis 100 % coton, 255 g\/m\u00b2 Design : Raglan sleeves. Pigment dyed. Fabric made in the USA. 100% cotton, 255 g\/m\u00b2. \u00b4<\/p>\n","protected":false},"featured_media":3611953,"comment_status":"open","ping_status":"closed","template":"","meta":[],"product_brand":[],"product_cat":[],"product_tag":[],"acf":[],"_links":{"self":[{"href":"https:\/\/streetmarkets.fr\/app\/wp-json\/wp\/v2\/product\/3611952"}],"collection":[{"href":"https:\/\/streetmarkets.fr\/app\/wp-json\/wp\/v2\/product"}],"about":[{"href":"https:\/\/streetmarkets.fr\/app\/wp-json\/wp\/v2\/types\/product"}],"replies":[{"embeddable":true,"href":"https:\/\/streetmarkets.fr\/app\/wp-json\/wp\/v2\/comments?post=3611952"}],"wp:featuredmedia":[{"embeddable":true,"href":"https:\/\/streetmarkets.fr\/app\/wp-json\/wp\/v2\/media\/3611953"}],"wp:attachment":[{"href":"https:\/\/streetmarkets.fr\/app\/wp-json\/wp\/v2\/media?parent=3611952"}],"wp:term":[{"taxonomy":"product_brand","embeddable":true,"href":"https:\/\/streetmarkets.fr\/app\/wp-json\/wp\/v2\/product_brand?post=3611952"},{"taxonomy":"product_cat","embeddable":true,"href":"https:\/\/streetmarkets.fr\/app\/wp-json\/wp\/v2\/product_cat?post=3611952"},{"taxonomy":"product_tag","embeddable":true,"href":"https:\/\/streetmarkets.fr\/app\/wp-json\/wp\/v2\/product_tag?post=3611952"}],"curies":[{"name":"wp","href":"https:\/\/api.w.org\/{rel}","templated":true}]}}