{"id":3611819,"date":"2026-02-15T01:01:41","date_gmt":"2026-02-15T00:01:41","guid":{"rendered":"https:\/\/streetmarkets.fr\/app\/produit\/manifaturra-ceccarelli-denim-work-jacket-7087-cd\/"},"modified":"2026-05-06T02:03:17","modified_gmt":"2026-05-06T00:03:17","slug":"manifaturra-ceccarelli-denim-work-jacket-7087-cd","status":"publish","type":"product","link":"https:\/\/streetmarkets.fr\/app\/produit\/manifaturra-ceccarelli-denim-work-jacket-7087-cd\/","title":{"rendered":"MANIFATURRA CECCARELLI DENIM WORK Jacket 7087-CD"},"content":{"rendered":"<p style=\"text-align: left\"><strong>Cr\u00e9ateur :<\/strong> Manifaturra Ceccarelli, Italie<\/p>\n<p style=\"text-align: left\"><strong>R\u00e9alisation : <\/strong>Veste de travail en denim, coton 100 % d\u00e9perlant.<\/p>\n<p>Le traitement, \u00e0 base de polyester recycl\u00e9 et de paraffine, pr\u00e9serve la couleur et les caract\u00e9ristiques du denim.<\/p>\n<p>Le corps est doubl\u00e9 de 100 % coton \u00e0 motif tartan jacquard.<\/p>\n<p>Elle poss\u00e8de deux grandes poches plaqu\u00e9es sur le devant et deux poches basses spacieuses.<\/p>\n<p>Deux fentes lat\u00e9rales assurent une meilleure coupe, la fermeture et les rabats des poches sont munis de boutons en r\u00e9sine avec boutonni\u00e8res. Toutes les coutures sont r\u00e9alis\u00e9es avec un fil d\u00e9perlant.<\/p>\n<p>Denim de coton, d\u00e9perlant et respirant, doublure corps : Coton, doublure manches : Cupro<\/p>\n<p>Lavage en machine, cycle d\u00e9licat \u00e0 30 \u00b0C, s\u00e9chage \u00e0 l&rsquo;air libre<\/p>\n<p>&nbsp;<\/p>\n","protected":false},"excerpt":{"rendered":"<p>Cr\u00e9ateur : Manifaturra Ceccarelli, Italie R\u00e9alisation : Veste de travail en denim, coton 100 % d\u00e9perlant. Le traitement, \u00e0 base de polyester recycl\u00e9 et de paraffine, pr\u00e9serve la couleur et les caract\u00e9ristiques du denim. Le corps est doubl\u00e9 de 100 % coton \u00e0 motif tartan jacquard. Elle poss\u00e8de deux grandes poches plaqu\u00e9es sur le devant [&hellip;]<\/p>\n","protected":false},"featured_media":3611820,"comment_status":"open","ping_status":"closed","template":"","meta":[],"product_brand":[],"product_cat":[],"product_tag":[],"acf":[],"_links":{"self":[{"href":"https:\/\/streetmarkets.fr\/app\/wp-json\/wp\/v2\/product\/3611819"}],"collection":[{"href":"https:\/\/streetmarkets.fr\/app\/wp-json\/wp\/v2\/product"}],"about":[{"href":"https:\/\/streetmarkets.fr\/app\/wp-json\/wp\/v2\/types\/product"}],"replies":[{"embeddable":true,"href":"https:\/\/streetmarkets.fr\/app\/wp-json\/wp\/v2\/comments?post=3611819"}],"wp:featuredmedia":[{"embeddable":true,"href":"https:\/\/streetmarkets.fr\/app\/wp-json\/wp\/v2\/media\/3611820"}],"wp:attachment":[{"href":"https:\/\/streetmarkets.fr\/app\/wp-json\/wp\/v2\/media?parent=3611819"}],"wp:term":[{"taxonomy":"product_brand","embeddable":true,"href":"https:\/\/streetmarkets.fr\/app\/wp-json\/wp\/v2\/product_brand?post=3611819"},{"taxonomy":"product_cat","embeddable":true,"href":"https:\/\/streetmarkets.fr\/app\/wp-json\/wp\/v2\/product_cat?post=3611819"},{"taxonomy":"product_tag","embeddable":true,"href":"https:\/\/streetmarkets.fr\/app\/wp-json\/wp\/v2\/product_tag?post=3611819"}],"curies":[{"name":"wp","href":"https:\/\/api.w.org\/{rel}","templated":true}]}}