{"id":3611801,"date":"2026-02-15T01:01:40","date_gmt":"2026-02-15T00:01:40","guid":{"rendered":"https:\/\/streetmarkets.fr\/app\/produit\/ordinary-fit-jean-116-ow-type-standard-indigo\/"},"modified":"2026-04-30T02:00:34","modified_gmt":"2026-04-30T00:00:34","slug":"ordinary-fit-jean-116-ow-type-standard-indigo","status":"publish","type":"product","link":"https:\/\/streetmarkets.fr\/app\/produit\/ordinary-fit-jean-116-ow-type-standard-indigo\/","title":{"rendered":"ORDINARY FIT Jean 116 OW Type standard indigo"},"content":{"rendered":"<p><strong>Cr\u00e9ateur :<\/strong> Ordinary Fit, Fabriqu\u00e9 au Japon<\/p>\n<p><strong>R\u00e9alisation : <\/strong><span class=\"Y2IQFc\" lang=\"fr\">Jean 116OW, u<\/span>ne silhouette classique \u00e0 la coupe fusel\u00e9e d\u00e9contract\u00e9e.<\/p>\n<p>Les coutures s&rsquo;inspirent du Levi&rsquo;s 66, la doublure des poches arri\u00e8re est surpiqu\u00e9e.<\/p>\n<p>Les poches arri\u00e8re sont renforc\u00e9es par des rivets invisibles, l&rsquo;ouverture de la poche gousset est d\u00e9pourvue de lisi\u00e8re rouge.<\/p>\n<p>Un bandana original est inclus. Unisexe<\/p>\n<p>Denim selvedge 14 oz.<\/p>\n<p>R\u00e9f\u00e9rence\u00a0: 116OW<\/p>\n<p>100 % coton<\/p>\n<p><em><span class=\"Y2IQFc\" lang=\"en\">Details : <\/span>Jean 116OW, a classic silhouette with a relaxed tapered fit.<\/em><\/p>\n<p><em>The stitching is inspired by Levi&rsquo;s 66, and the back pocket lining is topstitched.<\/em><\/p>\n<p><em>The back pockets are reinforced with invisible rivets, and the coin pocket opening has no red trim.<\/em><\/p>\n<p><em>A unique bandana is included. Unisex.<\/em><\/p>\n<p><em>14 oz selvedge denim.<\/em><\/p>\n<p><em>Style: 116OW<\/em><\/p>\n<p><em>100% cotton<\/em><\/p>\n","protected":false},"excerpt":{"rendered":"<p>Cr\u00e9ateur : Ordinary Fit, Fabriqu\u00e9 au Japon R\u00e9alisation : Jean 116OW, une silhouette classique \u00e0 la coupe fusel\u00e9e d\u00e9contract\u00e9e. Les coutures s&rsquo;inspirent du Levi&rsquo;s 66, la doublure des poches arri\u00e8re est surpiqu\u00e9e. Les poches arri\u00e8re sont renforc\u00e9es par des rivets invisibles, l&rsquo;ouverture de la poche gousset est d\u00e9pourvue de lisi\u00e8re rouge. Un bandana original est [&hellip;]<\/p>\n","protected":false},"featured_media":3611802,"comment_status":"open","ping_status":"closed","template":"","meta":[],"product_brand":[],"product_cat":[],"product_tag":[],"acf":[],"_links":{"self":[{"href":"https:\/\/streetmarkets.fr\/app\/wp-json\/wp\/v2\/product\/3611801"}],"collection":[{"href":"https:\/\/streetmarkets.fr\/app\/wp-json\/wp\/v2\/product"}],"about":[{"href":"https:\/\/streetmarkets.fr\/app\/wp-json\/wp\/v2\/types\/product"}],"replies":[{"embeddable":true,"href":"https:\/\/streetmarkets.fr\/app\/wp-json\/wp\/v2\/comments?post=3611801"}],"wp:featuredmedia":[{"embeddable":true,"href":"https:\/\/streetmarkets.fr\/app\/wp-json\/wp\/v2\/media\/3611802"}],"wp:attachment":[{"href":"https:\/\/streetmarkets.fr\/app\/wp-json\/wp\/v2\/media?parent=3611801"}],"wp:term":[{"taxonomy":"product_brand","embeddable":true,"href":"https:\/\/streetmarkets.fr\/app\/wp-json\/wp\/v2\/product_brand?post=3611801"},{"taxonomy":"product_cat","embeddable":true,"href":"https:\/\/streetmarkets.fr\/app\/wp-json\/wp\/v2\/product_cat?post=3611801"},{"taxonomy":"product_tag","embeddable":true,"href":"https:\/\/streetmarkets.fr\/app\/wp-json\/wp\/v2\/product_tag?post=3611801"}],"curies":[{"name":"wp","href":"https:\/\/api.w.org\/{rel}","templated":true}]}}