{"id":3611795,"date":"2026-02-15T01:01:39","date_gmt":"2026-02-15T00:01:39","guid":{"rendered":"https:\/\/streetmarkets.fr\/app\/produit\/ordinary-fit-denim-jacket-type-2nd-one-wash\/"},"modified":"2026-05-09T02:01:17","modified_gmt":"2026-05-09T00:01:17","slug":"ordinary-fit-denim-jacket-type-2nd-one-wash","status":"publish","type":"product","link":"https:\/\/streetmarkets.fr\/app\/produit\/ordinary-fit-denim-jacket-type-2nd-one-wash\/","title":{"rendered":"ORDINARY FIT Denim Jacket Type 2nd, one wash"},"content":{"rendered":"<p><strong>Cr\u00e9ateur :<\/strong> Ordinary Fit, Fabriqu\u00e9 au Japon<\/p>\n<p><strong>R\u00e9alisation :\u00a0<\/strong>Coupe carr\u00e9e et longueur confortable, ample au niveau du corps et des emmanchures pour un style moderne et confortable. Confectionn\u00e9 en denim selvedge 14 oz pr\u00e9lav\u00e9 avec lisi\u00e8re rouge.<\/p>\n<p>Doublure selvedge sur la patte de boutonnage.<\/p>\n<p><span class=\"Y2IQFc\" lang=\"fr\">100 % coton\u00a0<\/span><\/p>\n<p><em><span class=\"Y2IQFc\" lang=\"en\">Details : <\/span>Boxy cut and comfortable length, loose fit through the body and armholes for a modern, comfortable style. Made from 14 oz pre-washed selvedge denim with red selvedge trim.<\/em><\/p>\n<p><em>Selvedge lining on the button placket.<\/em><\/p>\n<p><em>100% cotton<\/em><\/p>\n","protected":false},"excerpt":{"rendered":"<p>Cr\u00e9ateur : Ordinary Fit, Fabriqu\u00e9 au Japon R\u00e9alisation :\u00a0Coupe carr\u00e9e et longueur confortable, ample au niveau du corps et des emmanchures pour un style moderne et confortable. Confectionn\u00e9 en denim selvedge 14 oz pr\u00e9lav\u00e9 avec lisi\u00e8re rouge. Doublure selvedge sur la patte de boutonnage. 100 % coton\u00a0 Details : Boxy cut and comfortable length, loose [&hellip;]<\/p>\n","protected":false},"featured_media":3611796,"comment_status":"open","ping_status":"closed","template":"","meta":[],"product_brand":[],"product_cat":[],"product_tag":[],"acf":[],"_links":{"self":[{"href":"https:\/\/streetmarkets.fr\/app\/wp-json\/wp\/v2\/product\/3611795"}],"collection":[{"href":"https:\/\/streetmarkets.fr\/app\/wp-json\/wp\/v2\/product"}],"about":[{"href":"https:\/\/streetmarkets.fr\/app\/wp-json\/wp\/v2\/types\/product"}],"replies":[{"embeddable":true,"href":"https:\/\/streetmarkets.fr\/app\/wp-json\/wp\/v2\/comments?post=3611795"}],"wp:featuredmedia":[{"embeddable":true,"href":"https:\/\/streetmarkets.fr\/app\/wp-json\/wp\/v2\/media\/3611796"}],"wp:attachment":[{"href":"https:\/\/streetmarkets.fr\/app\/wp-json\/wp\/v2\/media?parent=3611795"}],"wp:term":[{"taxonomy":"product_brand","embeddable":true,"href":"https:\/\/streetmarkets.fr\/app\/wp-json\/wp\/v2\/product_brand?post=3611795"},{"taxonomy":"product_cat","embeddable":true,"href":"https:\/\/streetmarkets.fr\/app\/wp-json\/wp\/v2\/product_cat?post=3611795"},{"taxonomy":"product_tag","embeddable":true,"href":"https:\/\/streetmarkets.fr\/app\/wp-json\/wp\/v2\/product_tag?post=3611795"}],"curies":[{"name":"wp","href":"https:\/\/api.w.org\/{rel}","templated":true}]}}