{"id":3611786,"date":"2026-02-15T01:01:38","date_gmt":"2026-02-15T00:01:38","guid":{"rendered":"https:\/\/streetmarkets.fr\/app\/produit\/jackman-grace-himo-ls-tee-shirt-ink-black\/"},"modified":"2026-05-10T01:59:55","modified_gmt":"2026-05-09T23:59:55","slug":"jackman-grace-himo-ls-tee-shirt-ink-black","status":"publish","type":"product","link":"https:\/\/streetmarkets.fr\/app\/produit\/jackman-grace-himo-ls-tee-shirt-ink-black\/","title":{"rendered":"JACKMAN GRACE HIMO LS Tee-shirt Ink Black"},"content":{"rendered":"<p><b>Cr\u00e9ateur :<\/b> JACKMAN, Japan<\/p>\n<p><b>Detail : <\/b>Tee-shirt manches longues, \u00e9l\u00e9gant et doux au toucher. Le jersey Grace est un mat\u00e9riau 100 % coton, au tissage dense mais pourtant l\u00e9ger et fluide. Le cordon de serrage, permet un ajustement de la ligne droite de ce tee-shirt inspir\u00e9 par les chemises d&rsquo;entra\u00eenement avec ajusteurs \u00e0 l&rsquo;ourlet port\u00e9es par les joueurs de Baseball.<\/p>\n<p>100 % coton<\/p>\n<p>Code : JM5438 Ink black<\/p>\n<p id=\"tw-target-text\" class=\"tw-data-text tw-text-large tw-ta\" dir=\"ltr\" data-placeholder=\"Traduction\" data-ved=\"2ahUKEwio2InMkr6JAxUrSKQEHQzVJaUQ3ewLegQICRAU\" aria-label=\"Texte traduit\u00a0: Long-sleeved t-shirt, elegant and soft to the touch. Grace jersey is a 100% cotton material, with a dense weave but yet light and fluid. The drawstring allows a straight line adjustment of this t-shirt inspired by the training shirts with hem adjusters worn by baseball players. 100% cotton\"><em><span class=\"Y2IQFc\" lang=\"en\">Long-sleeved t-shirt, elegant and soft to the touch. Grace jersey is a 100% cotton material, with a dense weave but yet light and fluid. The drawstring allows a straight line adjustment of this t-shirt inspired by the training shirts with hem adjusters worn by baseball players. 100% cotton<\/span><\/em><\/p>\n","protected":false},"excerpt":{"rendered":"<p>Cr\u00e9ateur : JACKMAN, Japan Detail : Tee-shirt manches longues, \u00e9l\u00e9gant et doux au toucher. Le jersey Grace est un mat\u00e9riau 100 % coton, au tissage dense mais pourtant l\u00e9ger et fluide. Le cordon de serrage, permet un ajustement de la ligne droite de ce tee-shirt inspir\u00e9 par les chemises d&rsquo;entra\u00eenement avec ajusteurs \u00e0 l&rsquo;ourlet port\u00e9es [&hellip;]<\/p>\n","protected":false},"featured_media":3611787,"comment_status":"open","ping_status":"closed","template":"","meta":[],"product_brand":[],"product_cat":[],"product_tag":[],"acf":[],"_links":{"self":[{"href":"https:\/\/streetmarkets.fr\/app\/wp-json\/wp\/v2\/product\/3611786"}],"collection":[{"href":"https:\/\/streetmarkets.fr\/app\/wp-json\/wp\/v2\/product"}],"about":[{"href":"https:\/\/streetmarkets.fr\/app\/wp-json\/wp\/v2\/types\/product"}],"replies":[{"embeddable":true,"href":"https:\/\/streetmarkets.fr\/app\/wp-json\/wp\/v2\/comments?post=3611786"}],"wp:featuredmedia":[{"embeddable":true,"href":"https:\/\/streetmarkets.fr\/app\/wp-json\/wp\/v2\/media\/3611787"}],"wp:attachment":[{"href":"https:\/\/streetmarkets.fr\/app\/wp-json\/wp\/v2\/media?parent=3611786"}],"wp:term":[{"taxonomy":"product_brand","embeddable":true,"href":"https:\/\/streetmarkets.fr\/app\/wp-json\/wp\/v2\/product_brand?post=3611786"},{"taxonomy":"product_cat","embeddable":true,"href":"https:\/\/streetmarkets.fr\/app\/wp-json\/wp\/v2\/product_cat?post=3611786"},{"taxonomy":"product_tag","embeddable":true,"href":"https:\/\/streetmarkets.fr\/app\/wp-json\/wp\/v2\/product_tag?post=3611786"}],"curies":[{"name":"wp","href":"https:\/\/api.w.org\/{rel}","templated":true}]}}