{"id":3611763,"date":"2026-02-15T01:01:36","date_gmt":"2026-02-15T00:01:36","guid":{"rendered":"https:\/\/streetmarkets.fr\/app\/produit\/engineered-garments-fatigue-pant-black-heavyweight-cotton-double-cloth\/"},"modified":"2026-05-09T02:01:17","modified_gmt":"2026-05-09T00:01:17","slug":"engineered-garments-fatigue-pant-black-heavyweight-cotton-double-cloth","status":"publish","type":"product","link":"https:\/\/streetmarkets.fr\/app\/produit\/engineered-garments-fatigue-pant-black-heavyweight-cotton-double-cloth\/","title":{"rendered":"ENGINEERED GARMENTS FATIGUE Pant Black heavyweight Cotton double cloth"},"content":{"rendered":"<p><strong>Cr\u00e9ateur : <\/strong>Engineered Garnment, Made in NYC<\/p>\n<p><strong>R\u00e9alisation : <\/strong>Pantalon Fatigue, silhouette naturellement fusel\u00e9e et polyvalente.<\/p>\n<p>100 % coton ripstop<\/p>\n<p>Code produit : 25F1F004<\/p>\n<p><em>Fatigue trousers, naturally tapered and versatile silhouette.<\/em><\/p>\n<p><em>100% ripstop cotton<\/em><\/p>\n","protected":false},"excerpt":{"rendered":"<p>Cr\u00e9ateur : Engineered Garnment, Made in NYC R\u00e9alisation : Pantalon Fatigue, silhouette naturellement fusel\u00e9e et polyvalente. 100 % coton ripstop Code produit : 25F1F004 Fatigue trousers, naturally tapered and versatile silhouette. 100% ripstop cotton<\/p>\n","protected":false},"featured_media":3611764,"comment_status":"open","ping_status":"closed","template":"","meta":[],"product_brand":[],"product_cat":[],"product_tag":[],"acf":[],"_links":{"self":[{"href":"https:\/\/streetmarkets.fr\/app\/wp-json\/wp\/v2\/product\/3611763"}],"collection":[{"href":"https:\/\/streetmarkets.fr\/app\/wp-json\/wp\/v2\/product"}],"about":[{"href":"https:\/\/streetmarkets.fr\/app\/wp-json\/wp\/v2\/types\/product"}],"replies":[{"embeddable":true,"href":"https:\/\/streetmarkets.fr\/app\/wp-json\/wp\/v2\/comments?post=3611763"}],"wp:featuredmedia":[{"embeddable":true,"href":"https:\/\/streetmarkets.fr\/app\/wp-json\/wp\/v2\/media\/3611764"}],"wp:attachment":[{"href":"https:\/\/streetmarkets.fr\/app\/wp-json\/wp\/v2\/media?parent=3611763"}],"wp:term":[{"taxonomy":"product_brand","embeddable":true,"href":"https:\/\/streetmarkets.fr\/app\/wp-json\/wp\/v2\/product_brand?post=3611763"},{"taxonomy":"product_cat","embeddable":true,"href":"https:\/\/streetmarkets.fr\/app\/wp-json\/wp\/v2\/product_cat?post=3611763"},{"taxonomy":"product_tag","embeddable":true,"href":"https:\/\/streetmarkets.fr\/app\/wp-json\/wp\/v2\/product_tag?post=3611763"}],"curies":[{"name":"wp","href":"https:\/\/api.w.org\/{rel}","templated":true}]}}