{"id":3611752,"date":"2026-02-15T01:01:35","date_gmt":"2026-02-15T00:01:35","guid":{"rendered":"https:\/\/streetmarkets.fr\/app\/produit\/engineered-garnment-sas-jacket-dark-navy-cotton-ventile-twill\/"},"modified":"2026-05-10T01:59:55","modified_gmt":"2026-05-09T23:59:55","slug":"engineered-garnment-sas-jacket-dark-navy-cotton-ventile-twill","status":"publish","type":"product","link":"https:\/\/streetmarkets.fr\/app\/produit\/engineered-garnment-sas-jacket-dark-navy-cotton-ventile-twill\/","title":{"rendered":"ENGINEERED GARNMENT SAS Jacket Dark Navy Cotton ventile twill"},"content":{"rendered":"<p><strong>Cr\u00e9ateur : <\/strong>Engineered Garnment, Made in NYC<\/p>\n<p><strong>R\u00e9alisation : <\/strong>La veste SAS d&rsquo;Engineered Garments est dot\u00e9e d&rsquo;une fermeture \u00e9clair int\u00e9grale et de quatre poches. Elle int\u00e8gre des d\u00e9tails fonctionnels suppl\u00e9mentaires, deux poches arri\u00e8re, une patte de col, une doublure matelass\u00e9e en satin et une capuche pour plus de chaleur et de polyvalence.<\/p>\n<p>100 % cotton<\/p>\n<p>Code produit : 25F1FD068<\/p>\n<p><em>The SAS jacket from Engineered Garments features a full-length zipper and four pockets. It incorporates additional functional details, including two back pockets, a collar tab, a quilted satin lining, and a hood for added warmth and versatility.<\/em><\/p>\n<p><em>100% cotton<\/em><\/p>\n","protected":false},"excerpt":{"rendered":"<p>Cr\u00e9ateur : Engineered Garnment, Made in NYC R\u00e9alisation : La veste SAS d&rsquo;Engineered Garments est dot\u00e9e d&rsquo;une fermeture \u00e9clair int\u00e9grale et de quatre poches. Elle int\u00e8gre des d\u00e9tails fonctionnels suppl\u00e9mentaires, deux poches arri\u00e8re, une patte de col, une doublure matelass\u00e9e en satin et une capuche pour plus de chaleur et de polyvalence. 100 % cotton [&hellip;]<\/p>\n","protected":false},"featured_media":3611753,"comment_status":"open","ping_status":"closed","template":"","meta":[],"product_brand":[],"product_cat":[],"product_tag":[],"acf":[],"_links":{"self":[{"href":"https:\/\/streetmarkets.fr\/app\/wp-json\/wp\/v2\/product\/3611752"}],"collection":[{"href":"https:\/\/streetmarkets.fr\/app\/wp-json\/wp\/v2\/product"}],"about":[{"href":"https:\/\/streetmarkets.fr\/app\/wp-json\/wp\/v2\/types\/product"}],"replies":[{"embeddable":true,"href":"https:\/\/streetmarkets.fr\/app\/wp-json\/wp\/v2\/comments?post=3611752"}],"wp:featuredmedia":[{"embeddable":true,"href":"https:\/\/streetmarkets.fr\/app\/wp-json\/wp\/v2\/media\/3611753"}],"wp:attachment":[{"href":"https:\/\/streetmarkets.fr\/app\/wp-json\/wp\/v2\/media?parent=3611752"}],"wp:term":[{"taxonomy":"product_brand","embeddable":true,"href":"https:\/\/streetmarkets.fr\/app\/wp-json\/wp\/v2\/product_brand?post=3611752"},{"taxonomy":"product_cat","embeddable":true,"href":"https:\/\/streetmarkets.fr\/app\/wp-json\/wp\/v2\/product_cat?post=3611752"},{"taxonomy":"product_tag","embeddable":true,"href":"https:\/\/streetmarkets.fr\/app\/wp-json\/wp\/v2\/product_tag?post=3611752"}],"curies":[{"name":"wp","href":"https:\/\/api.w.org\/{rel}","templated":true}]}}