{"id":3611736,"date":"2026-02-15T01:01:34","date_gmt":"2026-02-15T00:01:34","guid":{"rendered":"https:\/\/streetmarkets.fr\/app\/produit\/engineered-garments-bedford-jacket-grey-pc-tanker-twill\/"},"modified":"2026-05-06T02:03:16","modified_gmt":"2026-05-06T00:03:16","slug":"engineered-garments-bedford-jacket-grey-pc-tanker-twill","status":"publish","type":"product","link":"https:\/\/streetmarkets.fr\/app\/produit\/engineered-garments-bedford-jacket-grey-pc-tanker-twill\/","title":{"rendered":"ENGINEERED GARMENTS BEDFORD jacket Grey PC tanker Twill"},"content":{"rendered":"<p><strong>Cr\u00e9ateur : <\/strong>Engineered Garnment, Made in NYC<\/p>\n<p><strong>R\u00e9alisation : <\/strong>Veste alliant une coupe impeccable \u00e0 des d\u00e9tails robustes typiques des v\u00eatements de travail. Dot\u00e9e de revers pointus et de quatre poches plaqu\u00e9es, elle pr\u00e9sente des renforts en tissu et des coutures apparentes aux points de tension, comme les \u00e9paules et l&rsquo;int\u00e9rieur des poches, lui conf\u00e9rant un aspect utilitaire et r\u00e9sistant. La fermeture \u00e0 boutons est un d\u00e9tail r\u00e9tro emprunt\u00e9 aux v\u00eatements de travail vintage.<\/p>\n<p>55 % polyester, 45 % coton<\/p>\n<p>Code produit : 25F1D005<\/p>\n<p><em>Veste alliant une coupe impeccable aux d\u00e9tails robustes typiques des v\u00eatements de travail. La fermeture \u00e0 boutons est un d\u00e9tail r\u00e9tro emprunt\u00e9 aux v\u00eatements de travail vintage.<\/em><\/p>\n<p><em>55% polyester, 45% coton<\/em><\/p>\n","protected":false},"excerpt":{"rendered":"<p>Cr\u00e9ateur : Engineered Garnment, Made in NYC R\u00e9alisation : Veste alliant une coupe impeccable \u00e0 des d\u00e9tails robustes typiques des v\u00eatements de travail. Dot\u00e9e de revers pointus et de quatre poches plaqu\u00e9es, elle pr\u00e9sente des renforts en tissu et des coutures apparentes aux points de tension, comme les \u00e9paules et l&rsquo;int\u00e9rieur des poches, lui conf\u00e9rant [&hellip;]<\/p>\n","protected":false},"featured_media":3611737,"comment_status":"open","ping_status":"closed","template":"","meta":[],"product_brand":[],"product_cat":[],"product_tag":[],"acf":[],"_links":{"self":[{"href":"https:\/\/streetmarkets.fr\/app\/wp-json\/wp\/v2\/product\/3611736"}],"collection":[{"href":"https:\/\/streetmarkets.fr\/app\/wp-json\/wp\/v2\/product"}],"about":[{"href":"https:\/\/streetmarkets.fr\/app\/wp-json\/wp\/v2\/types\/product"}],"replies":[{"embeddable":true,"href":"https:\/\/streetmarkets.fr\/app\/wp-json\/wp\/v2\/comments?post=3611736"}],"wp:featuredmedia":[{"embeddable":true,"href":"https:\/\/streetmarkets.fr\/app\/wp-json\/wp\/v2\/media\/3611737"}],"wp:attachment":[{"href":"https:\/\/streetmarkets.fr\/app\/wp-json\/wp\/v2\/media?parent=3611736"}],"wp:term":[{"taxonomy":"product_brand","embeddable":true,"href":"https:\/\/streetmarkets.fr\/app\/wp-json\/wp\/v2\/product_brand?post=3611736"},{"taxonomy":"product_cat","embeddable":true,"href":"https:\/\/streetmarkets.fr\/app\/wp-json\/wp\/v2\/product_cat?post=3611736"},{"taxonomy":"product_tag","embeddable":true,"href":"https:\/\/streetmarkets.fr\/app\/wp-json\/wp\/v2\/product_tag?post=3611736"}],"curies":[{"name":"wp","href":"https:\/\/api.w.org\/{rel}","templated":true}]}}